{"id":8994,"date":"2026-02-22T20:06:39","date_gmt":"2026-02-22T19:06:39","guid":{"rendered":"https:\/\/test.wa-wi.pl\/?post_type=product&#038;p=8994"},"modified":"2026-02-22T20:06:39","modified_gmt":"2026-02-22T19:06:39","slug":"la-milla-kurtka-ramoneska-eco-skora-frida-cytrynowa","status":"publish","type":"product","link":"https:\/\/test.wa-wi.pl\/index.php\/produkt\/la-milla-kurtka-ramoneska-eco-skora-frida-cytrynowa\/","title":{"rendered":"La Milla Kurtka Ramoneska Eco Sk\u00f3ra Frida Cytrynowa"},"content":{"rendered":"<p>Ta kr\u00f3tka, kobieca ramoneska to po\u0142\u0105czenie rockowego szyku i nowoczesnej elegancji. Zosta\u0142a wykonana z wysokiej jako\u015bci ekosk\u00f3ry, kt\u00f3ra \u015bwietnie si\u0119 prezentuje<br \/>\nModel jest zapinany na suwak i posiada efektown\u0105 st\u00f3jk\u0119 na nap\u0119. D\u00f3\u0142 kurtki zdobi\u0105 ozdobne paski z klamrami, kt\u00f3re nadaj\u0105 ca\u0142o\u015bci unikalny charakter. D\u0142ugie r\u0119kawy r\u00f3wnie\u017c zosta\u0142y wyko\u0144czone praktycznymi suwakami. To idealna baza do wielu stylizacji \u2013 od codziennych jeans\u00f3w po eleganckie sukienki.<br \/>\nWYMIARY (Rozmiar UNI):<br \/>\n* D\u0142ugo\u015b\u0107 ca\u0142kowita: 43 cm<br \/>\n* Szeroko\u015b\u0107 w biu\u015bcie: 47 cm<br \/>\n* D\u0142ugo\u015b\u0107 r\u0119kawa: 65 cm<br \/>\n* Szeroko\u015b\u0107 w ramionach: 51 cm<\/p>\n","protected":false},"excerpt":{"rendered":"<p>Ta kr\u00f3tka, kobieca ramoneska to po\u0142\u0105czenie rockowego szyku i nowoczesnej elegancji. Zosta\u0142a wykonana z wysokiej jako\u015bci ekosk\u00f3ry, kt\u00f3ra \u015bwietnie si\u0119 prezentuje Model jest zapinany na suwak i posiada efektown\u0105 st\u00f3jk\u0119 na nap\u0119. D\u00f3\u0142 kurtki zdobi\u0105 ozdobne paski z klamrami, kt\u00f3re nadaj\u0105 ca\u0142o\u015bci unikalny charakter. D\u0142ugie r\u0119kawy r\u00f3wnie\u017c zosta\u0142y wyko\u0144czone praktycznymi suwakami. To idealna baza do [&hellip;]<\/p>\n","protected":false},"featured_media":8840,"comment_status":"open","ping_status":"closed","template":"","meta":{"_acf_changed":false},"pwb-brand":[],"product_brand":[],"product_cat":[177],"product_tag":[],"class_list":{"0":"post-8994","1":"product","2":"type-product","3":"status-publish","4":"has-post-thumbnail","6":"product_cat-kurtki","8":"first","9":"instock","10":"taxable","11":"shipping-taxable","12":"purchasable","13":"product-type-variable"},"acf":[],"brands":[],"_links":{"self":[{"href":"https:\/\/test.wa-wi.pl\/index.php\/wp-json\/wp\/v2\/product\/8994","targetHints":{"allow":["GET"]}}],"collection":[{"href":"https:\/\/test.wa-wi.pl\/index.php\/wp-json\/wp\/v2\/product"}],"about":[{"href":"https:\/\/test.wa-wi.pl\/index.php\/wp-json\/wp\/v2\/types\/product"}],"replies":[{"embeddable":true,"href":"https:\/\/test.wa-wi.pl\/index.php\/wp-json\/wp\/v2\/comments?post=8994"}],"wp:featuredmedia":[{"embeddable":true,"href":"https:\/\/test.wa-wi.pl\/index.php\/wp-json\/wp\/v2\/media\/8840"}],"wp:attachment":[{"href":"https:\/\/test.wa-wi.pl\/index.php\/wp-json\/wp\/v2\/media?parent=8994"}],"wp:term":[{"taxonomy":"pwb-brand","embeddable":true,"href":"https:\/\/test.wa-wi.pl\/index.php\/wp-json\/wp\/v2\/pwb-brand?post=8994"},{"taxonomy":"product_brand","embeddable":true,"href":"https:\/\/test.wa-wi.pl\/index.php\/wp-json\/wp\/v2\/product_brand?post=8994"},{"taxonomy":"product_cat","embeddable":true,"href":"https:\/\/test.wa-wi.pl\/index.php\/wp-json\/wp\/v2\/product_cat?post=8994"},{"taxonomy":"product_tag","embeddable":true,"href":"https:\/\/test.wa-wi.pl\/index.php\/wp-json\/wp\/v2\/product_tag?post=8994"}],"curies":[{"name":"wp","href":"https:\/\/api.w.org\/{rel}","templated":true}]}}