{"id":8988,"date":"2026-02-22T19:55:18","date_gmt":"2026-02-22T18:55:18","guid":{"rendered":"https:\/\/test.wa-wi.pl\/?post_type=product&#038;p=8988"},"modified":"2026-02-22T19:56:16","modified_gmt":"2026-02-22T18:56:16","slug":"kurtka-skorzana-royal-ze-stojka-malinowa","status":"publish","type":"product","link":"https:\/\/test.wa-wi.pl\/index.php\/produkt\/kurtka-skorzana-royal-ze-stojka-malinowa\/","title":{"rendered":"Kurtka Sk\u00f3rzana Royal  Ze St\u00f3jk\u0105 Malinowa"},"content":{"rendered":"<p>To kr\u00f3tka ramoneska z charakterem. Zosta\u0142a wykonana z wysokiej jako\u015bci ekosk\u00f3ry. Fason,kt\u00f3ry \u015bwietnie podkre\u015bla sylwetk\u0119. Modna st\u00f3jka na nap\u0119 i ozdobne klamry w talii dodaj\u0105 jej stylu. To produkt polski, dopracowany w ka\u017cdym detalu. Idealna baza do Twoich ulubionych stylizacji.<br \/>\nWYMIARY (Rozmiar UNI):<br \/>\n* D\u0142ugo\u015b\u0107 ca\u0142kowita: 43 cm<br \/>\n* Szeroko\u015b\u0107 w biu\u015bcie: 47 cm<br \/>\n* D\u0142ugo\u015b\u0107 r\u0119kawa: 65 cm<br \/>\n* Szeroko\u015b\u0107 w ramionach: 51 cm<br \/>\nUbranie mierzone na p\u0142asko. Mo\u017cliwa r\u00f3\u017cnica w wymiarach wynosi +\/- 2 cm.<\/p>\n","protected":false},"excerpt":{"rendered":"<p>To kr\u00f3tka ramoneska z charakterem. Zosta\u0142a wykonana z wysokiej jako\u015bci ekosk\u00f3ry. Fason,kt\u00f3ry \u015bwietnie podkre\u015bla sylwetk\u0119. Modna st\u00f3jka na nap\u0119 i ozdobne klamry w talii dodaj\u0105 jej stylu. To produkt polski, dopracowany w ka\u017cdym detalu. Idealna baza do Twoich ulubionych stylizacji. WYMIARY (Rozmiar UNI): * D\u0142ugo\u015b\u0107 ca\u0142kowita: 43 cm * Szeroko\u015b\u0107 w biu\u015bcie: 47 cm * [&hellip;]<\/p>\n","protected":false},"featured_media":8823,"comment_status":"open","ping_status":"closed","template":"","meta":{"_acf_changed":false},"pwb-brand":[],"product_brand":[],"product_cat":[177],"product_tag":[],"class_list":{"0":"post-8988","1":"product","2":"type-product","3":"status-publish","4":"has-post-thumbnail","6":"product_cat-kurtki","8":"first","9":"instock","10":"taxable","11":"shipping-taxable","12":"purchasable","13":"product-type-variable"},"acf":[],"brands":[],"_links":{"self":[{"href":"https:\/\/test.wa-wi.pl\/index.php\/wp-json\/wp\/v2\/product\/8988","targetHints":{"allow":["GET"]}}],"collection":[{"href":"https:\/\/test.wa-wi.pl\/index.php\/wp-json\/wp\/v2\/product"}],"about":[{"href":"https:\/\/test.wa-wi.pl\/index.php\/wp-json\/wp\/v2\/types\/product"}],"replies":[{"embeddable":true,"href":"https:\/\/test.wa-wi.pl\/index.php\/wp-json\/wp\/v2\/comments?post=8988"}],"wp:featuredmedia":[{"embeddable":true,"href":"https:\/\/test.wa-wi.pl\/index.php\/wp-json\/wp\/v2\/media\/8823"}],"wp:attachment":[{"href":"https:\/\/test.wa-wi.pl\/index.php\/wp-json\/wp\/v2\/media?parent=8988"}],"wp:term":[{"taxonomy":"pwb-brand","embeddable":true,"href":"https:\/\/test.wa-wi.pl\/index.php\/wp-json\/wp\/v2\/pwb-brand?post=8988"},{"taxonomy":"product_brand","embeddable":true,"href":"https:\/\/test.wa-wi.pl\/index.php\/wp-json\/wp\/v2\/product_brand?post=8988"},{"taxonomy":"product_cat","embeddable":true,"href":"https:\/\/test.wa-wi.pl\/index.php\/wp-json\/wp\/v2\/product_cat?post=8988"},{"taxonomy":"product_tag","embeddable":true,"href":"https:\/\/test.wa-wi.pl\/index.php\/wp-json\/wp\/v2\/product_tag?post=8988"}],"curies":[{"name":"wp","href":"https:\/\/api.w.org\/{rel}","templated":true}]}}