{"id":8985,"date":"2026-02-22T19:41:16","date_gmt":"2026-02-22T18:41:16","guid":{"rendered":"https:\/\/test.wa-wi.pl\/?post_type=product&#038;p=8985"},"modified":"2026-02-22T20:05:58","modified_gmt":"2026-02-22T19:05:58","slug":"krotki-trencz-emo-zolty","status":"publish","type":"product","link":"https:\/\/test.wa-wi.pl\/index.php\/produkt\/krotki-trencz-emo-zolty\/","title":{"rendered":"Kr\u00f3tki trencz Emo \u017b\u00f3\u0142ty"},"content":{"rendered":"<p>Ten kr\u00f3tki p\u0142aszcz o fasonie oversize to idealne po\u0142\u0105czenie nowoczesnego designu z bezkompromisow\u0105 wygod\u0105. Lu\u017any kr\u00f3j zapewnia pe\u0142n\u0105 swobod\u0119 ruch\u00f3w, a do\u0142\u0105czony pasek pozwala w mgnieniu oka zmieni\u0107 sylwetk\u0119, efektownie podkre\u015blaj\u0105c tali\u0119. Stylowy must-have dla kobiet ceni\u0105cych miejsk\u0105 elegancj\u0119.<\/p>\n<p>Wymiary:<\/p>\n<p>D\u0142ugo\u015b\u0107 ca\u0142kowita: 62 cm<br \/>\nObw\u00f3d w biu\u015bcie: od 102 cm do 124 cm<br \/>\nD\u0142ugo\u015b\u0107 r\u0119kawa od ramienia: 58 cm<br \/>\nD\u0142ugo\u015b\u0107 r\u0119kawa od pachy: 45 cm<\/p>\n<p>Ubrania mierzone na p\u0142asko! Poszczeg\u00f3lne wymiary mog\u0105 r\u00f3\u017cni\u0107 si\u0119 +\/- 2 cm.<\/p>\n","protected":false},"excerpt":{"rendered":"<p>Ten kr\u00f3tki p\u0142aszcz o fasonie oversize to idealne po\u0142\u0105czenie nowoczesnego designu z bezkompromisow\u0105 wygod\u0105. Lu\u017any kr\u00f3j zapewnia pe\u0142n\u0105 swobod\u0119 ruch\u00f3w, a do\u0142\u0105czony pasek pozwala w mgnieniu oka zmieni\u0107 sylwetk\u0119, efektownie podkre\u015blaj\u0105c tali\u0119. Stylowy must-have dla kobiet ceni\u0105cych miejsk\u0105 elegancj\u0119. Wymiary: D\u0142ugo\u015b\u0107 ca\u0142kowita: 62 cm Obw\u00f3d w biu\u015bcie: od 102 cm do 124 cm D\u0142ugo\u015b\u0107 r\u0119kawa [&hellip;]<\/p>\n","protected":false},"featured_media":8822,"comment_status":"open","ping_status":"closed","template":"","meta":{"_acf_changed":false},"pwb-brand":[],"product_brand":[],"product_cat":[177],"product_tag":[],"class_list":{"0":"post-8985","1":"product","2":"type-product","3":"status-publish","4":"has-post-thumbnail","6":"product_cat-kurtki","8":"first","9":"instock","10":"taxable","11":"shipping-taxable","12":"purchasable","13":"product-type-variable"},"acf":[],"brands":[],"_links":{"self":[{"href":"https:\/\/test.wa-wi.pl\/index.php\/wp-json\/wp\/v2\/product\/8985","targetHints":{"allow":["GET"]}}],"collection":[{"href":"https:\/\/test.wa-wi.pl\/index.php\/wp-json\/wp\/v2\/product"}],"about":[{"href":"https:\/\/test.wa-wi.pl\/index.php\/wp-json\/wp\/v2\/types\/product"}],"replies":[{"embeddable":true,"href":"https:\/\/test.wa-wi.pl\/index.php\/wp-json\/wp\/v2\/comments?post=8985"}],"wp:featuredmedia":[{"embeddable":true,"href":"https:\/\/test.wa-wi.pl\/index.php\/wp-json\/wp\/v2\/media\/8822"}],"wp:attachment":[{"href":"https:\/\/test.wa-wi.pl\/index.php\/wp-json\/wp\/v2\/media?parent=8985"}],"wp:term":[{"taxonomy":"pwb-brand","embeddable":true,"href":"https:\/\/test.wa-wi.pl\/index.php\/wp-json\/wp\/v2\/pwb-brand?post=8985"},{"taxonomy":"product_brand","embeddable":true,"href":"https:\/\/test.wa-wi.pl\/index.php\/wp-json\/wp\/v2\/product_brand?post=8985"},{"taxonomy":"product_cat","embeddable":true,"href":"https:\/\/test.wa-wi.pl\/index.php\/wp-json\/wp\/v2\/product_cat?post=8985"},{"taxonomy":"product_tag","embeddable":true,"href":"https:\/\/test.wa-wi.pl\/index.php\/wp-json\/wp\/v2\/product_tag?post=8985"}],"curies":[{"name":"wp","href":"https:\/\/api.w.org\/{rel}","templated":true}]}}