{"id":8964,"date":"2026-02-22T18:41:43","date_gmt":"2026-02-22T17:41:43","guid":{"rendered":"https:\/\/test.wa-wi.pl\/?post_type=product&#038;p=8964"},"modified":"2026-02-22T18:42:15","modified_gmt":"2026-02-22T17:42:15","slug":"bluza-la-coca-fuksja","status":"publish","type":"product","link":"https:\/\/test.wa-wi.pl\/index.php\/produkt\/bluza-la-coca-fuksja\/","title":{"rendered":"Bluza La Coca Fuksja"},"content":{"rendered":"<p>Wyrazista bluza w kolorze intensywnej fuksji o modnym, skr\u00f3conym kroju. Model wyr\u00f3\u017cnia si\u0119 bia\u0142ymi przeszyciami, ozdobnym napisem na przodzie oraz stylow\u0105 naszywk\u0105 na r\u0119kawie. Wykonana z mi\u0119kkiej dzianiny.<\/p>\n<p>Wymiary<br \/>\nOd pachy do pachy 66 cm<br \/>\nD\u0142ugo\u015b\u0107 48\/49 cm<\/p>\n","protected":false},"excerpt":{"rendered":"<p>Wyrazista bluza w kolorze intensywnej fuksji o modnym, skr\u00f3conym kroju. Model wyr\u00f3\u017cnia si\u0119 bia\u0142ymi przeszyciami, ozdobnym napisem na przodzie oraz stylow\u0105 naszywk\u0105 na r\u0119kawie. Wykonana z mi\u0119kkiej dzianiny. Wymiary Od pachy do pachy 66 cm D\u0142ugo\u015b\u0107 48\/49 cm<\/p>\n","protected":false},"featured_media":8813,"comment_status":"open","ping_status":"closed","template":"","meta":{"_acf_changed":false},"pwb-brand":[],"product_brand":[],"product_cat":[222],"product_tag":[],"class_list":{"0":"post-8964","1":"product","2":"type-product","3":"status-publish","4":"has-post-thumbnail","6":"product_cat-bluzy","8":"first","9":"instock","10":"taxable","11":"shipping-taxable","12":"purchasable","13":"product-type-variable"},"acf":[],"brands":[],"_links":{"self":[{"href":"https:\/\/test.wa-wi.pl\/index.php\/wp-json\/wp\/v2\/product\/8964","targetHints":{"allow":["GET"]}}],"collection":[{"href":"https:\/\/test.wa-wi.pl\/index.php\/wp-json\/wp\/v2\/product"}],"about":[{"href":"https:\/\/test.wa-wi.pl\/index.php\/wp-json\/wp\/v2\/types\/product"}],"replies":[{"embeddable":true,"href":"https:\/\/test.wa-wi.pl\/index.php\/wp-json\/wp\/v2\/comments?post=8964"}],"wp:featuredmedia":[{"embeddable":true,"href":"https:\/\/test.wa-wi.pl\/index.php\/wp-json\/wp\/v2\/media\/8813"}],"wp:attachment":[{"href":"https:\/\/test.wa-wi.pl\/index.php\/wp-json\/wp\/v2\/media?parent=8964"}],"wp:term":[{"taxonomy":"pwb-brand","embeddable":true,"href":"https:\/\/test.wa-wi.pl\/index.php\/wp-json\/wp\/v2\/pwb-brand?post=8964"},{"taxonomy":"product_brand","embeddable":true,"href":"https:\/\/test.wa-wi.pl\/index.php\/wp-json\/wp\/v2\/product_brand?post=8964"},{"taxonomy":"product_cat","embeddable":true,"href":"https:\/\/test.wa-wi.pl\/index.php\/wp-json\/wp\/v2\/product_cat?post=8964"},{"taxonomy":"product_tag","embeddable":true,"href":"https:\/\/test.wa-wi.pl\/index.php\/wp-json\/wp\/v2\/product_tag?post=8964"}],"curies":[{"name":"wp","href":"https:\/\/api.w.org\/{rel}","templated":true}]}}