{"id":8962,"date":"2026-02-22T18:35:04","date_gmt":"2026-02-22T17:35:04","guid":{"rendered":"https:\/\/test.wa-wi.pl\/?post_type=product&#038;p=8962"},"modified":"2026-02-22T18:35:04","modified_gmt":"2026-02-22T17:35:04","slug":"komplet-aghata-beige","status":"publish","type":"product","link":"https:\/\/test.wa-wi.pl\/index.php\/produkt\/komplet-aghata-beige\/","title":{"rendered":"Komplet Aghata Beige"},"content":{"rendered":"<p>Ten kobiecy komplet w rozmiarze uniwersalnym zosta\u0142 wykonany z wysokiej jako\u015bci dzianiny ,kt\u00f3ra pi\u0119knie uk\u0142ada si\u0119 na sylwetce i jest niezwykle przyjemna w dotyku. Dzi\u0119ki wysokiej zawarto\u015bci wiskozy materia\u0142 pozwala sk\u00f3rze oddycha\u0107, a dodatek elastanu sprawia, \u017ce zestaw idealnie dopasowuje si\u0119 do figury, zapewniaj\u0105c pe\u0142n\u0105 swobod\u0119 ruch\u00f3w. Bluzka o dopasowanym kroju oraz spodnie z wysokim stanem i d\u0142ugimi nogawkami tworz\u0105 harmonijn\u0105 ca\u0142o\u015b\u0107, kt\u00f3ra optycznie wysmukla cia\u0142o. To doskona\u0142a propozycja dla kobiet ceni\u0105cych minimalizm, wygod\u0119 oraz modny look, kt\u00f3ry sprawdzi si\u0119 zar\u00f3wno na co dzie\u0144, jak i podczas wyjazd\u00f3w.<br \/>\n* Sk\u0142ad: 95% wiskoza, 5% elastan<br \/>\n* Rozmiar: Uniwersalny<br \/>\nWymiary (mierzone na p\u0142asko)<br \/>\nBluzka<br \/>\n* D\u0142ugo\u015b\u0107 ca\u0142kowita: 56 cm<br \/>\n* Obw\u00f3d w biu\u015bcie: 76 \u2013 90 cm<br \/>\n* D\u0142ugo\u015b\u0107 r\u0119kawa od ramienia: 61 cm<br \/>\n* D\u0142ugo\u015b\u0107 r\u0119kawa od pachy: 51 cm<br \/>\nSpodnie<br \/>\n* D\u0142ugo\u015b\u0107 ca\u0142kowita: 114 cm<br \/>\n* D\u0142ugo\u015b\u0107 nogawki wew.: 82 cm<br \/>\n* Wysoko\u015b\u0107 stanu: 32 cm<br \/>\n* Obw\u00f3d w pasie (gumka): 64 \u2013 88 cm (po rozci\u0105gni\u0119ciu)<br \/>\nWa\u017cne: Wymiary mog\u0105 r\u00f3\u017cni\u0107 si\u0119 o +\/- 2 cm.<\/p>\n","protected":false},"excerpt":{"rendered":"<p>Ten kobiecy komplet w rozmiarze uniwersalnym zosta\u0142 wykonany z wysokiej jako\u015bci dzianiny ,kt\u00f3ra pi\u0119knie uk\u0142ada si\u0119 na sylwetce i jest niezwykle przyjemna w dotyku. Dzi\u0119ki wysokiej zawarto\u015bci wiskozy materia\u0142 pozwala sk\u00f3rze oddycha\u0107, a dodatek elastanu sprawia, \u017ce zestaw idealnie dopasowuje si\u0119 do figury, zapewniaj\u0105c pe\u0142n\u0105 swobod\u0119 ruch\u00f3w. Bluzka o dopasowanym kroju oraz spodnie z wysokim [&hellip;]<\/p>\n","protected":false},"featured_media":8773,"comment_status":"open","ping_status":"closed","template":"","meta":{"_acf_changed":false},"pwb-brand":[],"product_brand":[],"product_cat":[229,226],"product_tag":[],"class_list":{"0":"post-8962","1":"product","2":"type-product","3":"status-publish","4":"has-post-thumbnail","6":"product_cat-kombinezony","7":"product_cat-komplety","9":"first","10":"instock","11":"taxable","12":"shipping-taxable","13":"purchasable","14":"product-type-variable"},"acf":[],"brands":[],"_links":{"self":[{"href":"https:\/\/test.wa-wi.pl\/index.php\/wp-json\/wp\/v2\/product\/8962","targetHints":{"allow":["GET"]}}],"collection":[{"href":"https:\/\/test.wa-wi.pl\/index.php\/wp-json\/wp\/v2\/product"}],"about":[{"href":"https:\/\/test.wa-wi.pl\/index.php\/wp-json\/wp\/v2\/types\/product"}],"replies":[{"embeddable":true,"href":"https:\/\/test.wa-wi.pl\/index.php\/wp-json\/wp\/v2\/comments?post=8962"}],"wp:featuredmedia":[{"embeddable":true,"href":"https:\/\/test.wa-wi.pl\/index.php\/wp-json\/wp\/v2\/media\/8773"}],"wp:attachment":[{"href":"https:\/\/test.wa-wi.pl\/index.php\/wp-json\/wp\/v2\/media?parent=8962"}],"wp:term":[{"taxonomy":"pwb-brand","embeddable":true,"href":"https:\/\/test.wa-wi.pl\/index.php\/wp-json\/wp\/v2\/pwb-brand?post=8962"},{"taxonomy":"product_brand","embeddable":true,"href":"https:\/\/test.wa-wi.pl\/index.php\/wp-json\/wp\/v2\/product_brand?post=8962"},{"taxonomy":"product_cat","embeddable":true,"href":"https:\/\/test.wa-wi.pl\/index.php\/wp-json\/wp\/v2\/product_cat?post=8962"},{"taxonomy":"product_tag","embeddable":true,"href":"https:\/\/test.wa-wi.pl\/index.php\/wp-json\/wp\/v2\/product_tag?post=8962"}],"curies":[{"name":"wp","href":"https:\/\/api.w.org\/{rel}","templated":true}]}}