{"id":8960,"date":"2026-02-22T18:28:28","date_gmt":"2026-02-22T17:28:28","guid":{"rendered":"https:\/\/test.wa-wi.pl\/?post_type=product&#038;p=8960"},"modified":"2026-02-22T18:28:28","modified_gmt":"2026-02-22T17:28:28","slug":"kombinezon-aghata-dark-beige-maselko","status":"publish","type":"product","link":"https:\/\/test.wa-wi.pl\/index.php\/produkt\/kombinezon-aghata-dark-beige-maselko\/","title":{"rendered":"Kombinezon Aghata Dark Beige Mase\u0142ko"},"content":{"rendered":"<p>Wygodny kombinezon wykonany z niezwykle mi\u0119kkiej dzianiny typu \u201emase\u0142ko\u201d, kt\u00f3ra jest g\u0142adka, elastyczna i bardzo przyjemna dla sk\u00f3ry. G\u00f3ra o lu\u017aniejszym fasonie zapinana jest na zamek, co u\u0142atwia zak\u0142adanie, a gumka w talii \u0142adnie dopasowuje ca\u0142o\u015b\u0107 do figury. Spodnie maj\u0105 modne, proste nogawki, kt\u00f3re optycznie wyd\u0142u\u017caj\u0105 sylwetk\u0119 i zapewniaj\u0105 pe\u0142n\u0105 swobod\u0119. Model posiada praktyczne kieszenie po bokach, dzi\u0119ki czemu \u015bwietnie sprawdza si\u0119 w codziennych stylizacjach.<\/p>\n","protected":false},"excerpt":{"rendered":"<p>Wygodny kombinezon wykonany z niezwykle mi\u0119kkiej dzianiny typu \u201emase\u0142ko\u201d, kt\u00f3ra jest g\u0142adka, elastyczna i bardzo przyjemna dla sk\u00f3ry. G\u00f3ra o lu\u017aniejszym fasonie zapinana jest na zamek, co u\u0142atwia zak\u0142adanie, a gumka w talii \u0142adnie dopasowuje ca\u0142o\u015b\u0107 do figury. Spodnie maj\u0105 modne, proste nogawki, kt\u00f3re optycznie wyd\u0142u\u017caj\u0105 sylwetk\u0119 i zapewniaj\u0105 pe\u0142n\u0105 swobod\u0119. Model posiada praktyczne kieszenie [&hellip;]<\/p>\n","protected":false},"featured_media":8777,"comment_status":"open","ping_status":"closed","template":"","meta":{"_acf_changed":false},"pwb-brand":[],"product_brand":[],"product_cat":[229,226],"product_tag":[],"class_list":{"0":"post-8960","1":"product","2":"type-product","3":"status-publish","4":"has-post-thumbnail","6":"product_cat-kombinezony","7":"product_cat-komplety","9":"first","10":"instock","11":"taxable","12":"shipping-taxable","13":"purchasable","14":"product-type-variable"},"acf":[],"brands":[],"_links":{"self":[{"href":"https:\/\/test.wa-wi.pl\/index.php\/wp-json\/wp\/v2\/product\/8960","targetHints":{"allow":["GET"]}}],"collection":[{"href":"https:\/\/test.wa-wi.pl\/index.php\/wp-json\/wp\/v2\/product"}],"about":[{"href":"https:\/\/test.wa-wi.pl\/index.php\/wp-json\/wp\/v2\/types\/product"}],"replies":[{"embeddable":true,"href":"https:\/\/test.wa-wi.pl\/index.php\/wp-json\/wp\/v2\/comments?post=8960"}],"wp:featuredmedia":[{"embeddable":true,"href":"https:\/\/test.wa-wi.pl\/index.php\/wp-json\/wp\/v2\/media\/8777"}],"wp:attachment":[{"href":"https:\/\/test.wa-wi.pl\/index.php\/wp-json\/wp\/v2\/media?parent=8960"}],"wp:term":[{"taxonomy":"pwb-brand","embeddable":true,"href":"https:\/\/test.wa-wi.pl\/index.php\/wp-json\/wp\/v2\/pwb-brand?post=8960"},{"taxonomy":"product_brand","embeddable":true,"href":"https:\/\/test.wa-wi.pl\/index.php\/wp-json\/wp\/v2\/product_brand?post=8960"},{"taxonomy":"product_cat","embeddable":true,"href":"https:\/\/test.wa-wi.pl\/index.php\/wp-json\/wp\/v2\/product_cat?post=8960"},{"taxonomy":"product_tag","embeddable":true,"href":"https:\/\/test.wa-wi.pl\/index.php\/wp-json\/wp\/v2\/product_tag?post=8960"}],"curies":[{"name":"wp","href":"https:\/\/api.w.org\/{rel}","templated":true}]}}