{"id":8957,"date":"2026-02-22T18:23:19","date_gmt":"2026-02-22T17:23:19","guid":{"rendered":"https:\/\/test.wa-wi.pl\/?post_type=product&#038;p=8957"},"modified":"2026-02-22T18:23:19","modified_gmt":"2026-02-22T17:23:19","slug":"kombinezon-aghata-mokka-sztruks","status":"publish","type":"product","link":"https:\/\/test.wa-wi.pl\/index.php\/produkt\/kombinezon-aghata-mokka-sztruks\/","title":{"rendered":"Kombinezon Aghata Mokka Sztruks"},"content":{"rendered":"<p>Wygodny kombinezon wykonany z mi\u0119kkiej, pr\u0105\u017ckowanej dzianiny, kt\u00f3ra jest niezwykle przyjemna dla sk\u00f3ry. G\u00f3ra o lu\u017anym kroju zapinana na zamek u\u0142atwia zak\u0142adanie i nadaje sportowy styl, a gumka w pasie \u0142adnie podkre\u015bla tali\u0119. Szerokie nogawki zapewniaj\u0105 pe\u0142n\u0105 swobod\u0119 ruch\u00f3w, a boczne kieszenie dodaj\u0105 mu praktyczno\u015bci. To idealna propozycja na co dzie\u0144, \u0142\u0105cz\u0105ca naturalny sk\u0142ad z modnym wygl\u0105dem.<br \/>\n* Sk\u0142ad: 80% bawe\u0142na, 20% wiskoza<br \/>\n* Produkcja: Polska<br \/>\nWymiary (mierzone na p\u0142asko)<br \/>\n* D\u0142ugo\u015b\u0107 ca\u0142kowita: 146 cm<br \/>\n* Szeroko\u015b\u0107 w biu\u015bcie: 60 cm<br \/>\n* Szeroko\u015b\u0107 w pasie: 30\u201352 cm<br \/>\n* Szeroko\u015b\u0107 w biodrach: 56 cm<br \/>\n* D\u0142ugo\u015b\u0107 nogawki od pasa: 103 cm<br \/>\n* D\u0142ugo\u015b\u0107 nogawki wewn\u0119trzna: 77 cm<br \/>\nWymiary mog\u0105 r\u00f3\u017cni\u0107 si\u0119 o +\/- 2 cm.<\/p>\n","protected":false},"excerpt":{"rendered":"<p>Wygodny kombinezon wykonany z mi\u0119kkiej, pr\u0105\u017ckowanej dzianiny, kt\u00f3ra jest niezwykle przyjemna dla sk\u00f3ry. G\u00f3ra o lu\u017anym kroju zapinana na zamek u\u0142atwia zak\u0142adanie i nadaje sportowy styl, a gumka w pasie \u0142adnie podkre\u015bla tali\u0119. Szerokie nogawki zapewniaj\u0105 pe\u0142n\u0105 swobod\u0119 ruch\u00f3w, a boczne kieszenie dodaj\u0105 mu praktyczno\u015bci. To idealna propozycja na co dzie\u0144, \u0142\u0105cz\u0105ca naturalny sk\u0142ad z [&hellip;]<\/p>\n","protected":false},"featured_media":8755,"comment_status":"open","ping_status":"closed","template":"","meta":{"_acf_changed":false},"pwb-brand":[],"product_brand":[],"product_cat":[229,226],"product_tag":[],"class_list":{"0":"post-8957","1":"product","2":"type-product","3":"status-publish","4":"has-post-thumbnail","6":"product_cat-kombinezony","7":"product_cat-komplety","9":"first","10":"instock","11":"taxable","12":"shipping-taxable","13":"purchasable","14":"product-type-variable"},"acf":[],"brands":[],"_links":{"self":[{"href":"https:\/\/test.wa-wi.pl\/index.php\/wp-json\/wp\/v2\/product\/8957","targetHints":{"allow":["GET"]}}],"collection":[{"href":"https:\/\/test.wa-wi.pl\/index.php\/wp-json\/wp\/v2\/product"}],"about":[{"href":"https:\/\/test.wa-wi.pl\/index.php\/wp-json\/wp\/v2\/types\/product"}],"replies":[{"embeddable":true,"href":"https:\/\/test.wa-wi.pl\/index.php\/wp-json\/wp\/v2\/comments?post=8957"}],"wp:featuredmedia":[{"embeddable":true,"href":"https:\/\/test.wa-wi.pl\/index.php\/wp-json\/wp\/v2\/media\/8755"}],"wp:attachment":[{"href":"https:\/\/test.wa-wi.pl\/index.php\/wp-json\/wp\/v2\/media?parent=8957"}],"wp:term":[{"taxonomy":"pwb-brand","embeddable":true,"href":"https:\/\/test.wa-wi.pl\/index.php\/wp-json\/wp\/v2\/pwb-brand?post=8957"},{"taxonomy":"product_brand","embeddable":true,"href":"https:\/\/test.wa-wi.pl\/index.php\/wp-json\/wp\/v2\/product_brand?post=8957"},{"taxonomy":"product_cat","embeddable":true,"href":"https:\/\/test.wa-wi.pl\/index.php\/wp-json\/wp\/v2\/product_cat?post=8957"},{"taxonomy":"product_tag","embeddable":true,"href":"https:\/\/test.wa-wi.pl\/index.php\/wp-json\/wp\/v2\/product_tag?post=8957"}],"curies":[{"name":"wp","href":"https:\/\/api.w.org\/{rel}","templated":true}]}}