{"id":8953,"date":"2026-02-22T18:13:01","date_gmt":"2026-02-22T17:13:01","guid":{"rendered":"https:\/\/test.wa-wi.pl\/?post_type=product&#038;p=8953"},"modified":"2026-02-22T18:13:01","modified_gmt":"2026-02-22T17:13:01","slug":"kombinezon-bezowy-aghata-dark-beige","status":"publish","type":"product","link":"https:\/\/test.wa-wi.pl\/index.php\/produkt\/kombinezon-bezowy-aghata-dark-beige\/","title":{"rendered":"Kombinezon be\u017cowy Aghata Dark Beige"},"content":{"rendered":"<p>Postaw na wyj\u0105tkowy kombinezon w rozmiarze uniwersalnym, kt\u00f3ry dzi\u0119ki swojej elastyczno\u015bci \u015bwietnie dopasowuje si\u0119 do ka\u017cdej sylwetki oraz zapewnia nienaganny wygl\u0105d. Model ten posiada praktyczny kaptur oraz zamek b\u0142yskawiczny si\u0119gaj\u0105cy do pasa, co gwarantuje wygod\u0119 ubierania oraz pozwala na swobodn\u0105 regulacj\u0119 dekoltu.<br \/>\nPasuje na rozmiar od Xs-L<\/p>\n","protected":false},"excerpt":{"rendered":"<p>Postaw na wyj\u0105tkowy kombinezon w rozmiarze uniwersalnym, kt\u00f3ry dzi\u0119ki swojej elastyczno\u015bci \u015bwietnie dopasowuje si\u0119 do ka\u017cdej sylwetki oraz zapewnia nienaganny wygl\u0105d. Model ten posiada praktyczny kaptur oraz zamek b\u0142yskawiczny si\u0119gaj\u0105cy do pasa, co gwarantuje wygod\u0119 ubierania oraz pozwala na swobodn\u0105 regulacj\u0119 dekoltu. Pasuje na rozmiar od Xs-L<\/p>\n","protected":false},"featured_media":8750,"comment_status":"open","ping_status":"closed","template":"","meta":{"_acf_changed":false},"pwb-brand":[],"product_brand":[],"product_cat":[229,226],"product_tag":[],"class_list":{"0":"post-8953","1":"product","2":"type-product","3":"status-publish","4":"has-post-thumbnail","6":"product_cat-kombinezony","7":"product_cat-komplety","9":"first","10":"instock","11":"taxable","12":"shipping-taxable","13":"purchasable","14":"product-type-variable"},"acf":[],"brands":[],"_links":{"self":[{"href":"https:\/\/test.wa-wi.pl\/index.php\/wp-json\/wp\/v2\/product\/8953","targetHints":{"allow":["GET"]}}],"collection":[{"href":"https:\/\/test.wa-wi.pl\/index.php\/wp-json\/wp\/v2\/product"}],"about":[{"href":"https:\/\/test.wa-wi.pl\/index.php\/wp-json\/wp\/v2\/types\/product"}],"replies":[{"embeddable":true,"href":"https:\/\/test.wa-wi.pl\/index.php\/wp-json\/wp\/v2\/comments?post=8953"}],"wp:featuredmedia":[{"embeddable":true,"href":"https:\/\/test.wa-wi.pl\/index.php\/wp-json\/wp\/v2\/media\/8750"}],"wp:attachment":[{"href":"https:\/\/test.wa-wi.pl\/index.php\/wp-json\/wp\/v2\/media?parent=8953"}],"wp:term":[{"taxonomy":"pwb-brand","embeddable":true,"href":"https:\/\/test.wa-wi.pl\/index.php\/wp-json\/wp\/v2\/pwb-brand?post=8953"},{"taxonomy":"product_brand","embeddable":true,"href":"https:\/\/test.wa-wi.pl\/index.php\/wp-json\/wp\/v2\/product_brand?post=8953"},{"taxonomy":"product_cat","embeddable":true,"href":"https:\/\/test.wa-wi.pl\/index.php\/wp-json\/wp\/v2\/product_cat?post=8953"},{"taxonomy":"product_tag","embeddable":true,"href":"https:\/\/test.wa-wi.pl\/index.php\/wp-json\/wp\/v2\/product_tag?post=8953"}],"curies":[{"name":"wp","href":"https:\/\/api.w.org\/{rel}","templated":true}]}}