{"id":8949,"date":"2026-02-22T18:03:08","date_gmt":"2026-02-22T17:03:08","guid":{"rendered":"https:\/\/test.wa-wi.pl\/?post_type=product&#038;p=8949"},"modified":"2026-02-22T18:03:08","modified_gmt":"2026-02-22T17:03:08","slug":"komplet-tokyo-bezowy","status":"publish","type":"product","link":"https:\/\/test.wa-wi.pl\/index.php\/produkt\/komplet-tokyo-bezowy\/","title":{"rendered":"Komplet Tokyo be\u017cowy"},"content":{"rendered":"<p>Odkryj komplet TOKYO rodzimej produkcji, kt\u00f3ry \u0142\u0105czy wyj\u0105tkow\u0105 struktur\u0119 mi\u0119kkiego sztruksu oraz nowoczesny kr\u00f3j idealny dla wymagaj\u0105cych kobiet. Zestaw sk\u0142ada si\u0119 z bluzy ze st\u00f3jk\u0105 ozdobionej eleganckimi z\u0142otymi zamkami oraz spodni z praktycznymi kieszeniami i nogawkami zako\u0144czonymi \u015bci\u0105gaczem. Dzi\u0119ki wbudowanemu troczkowi z \u0142atwo\u015bci\u0105 wyregulujesz d\u0142ugo\u015b\u0107 i szeroko\u015b\u0107 g\u00f3ry, co pozwala na perfekcyjne dopasowanie ca\u0142o\u015bci do Twojej sylwetki. To propozycja \u0142\u0105cz\u0105ca 80% bawe\u0142ny oraz elastyczno\u015b\u0107 materia\u0142u, kt\u00f3ra gwarantuje pe\u0142n\u0105 swobod\u0119 ruch\u00f3w.<br \/>\nWymiary (mierzone na p\u0142asko)<br \/>\nRozmiar S<br \/>\n* Bluza:<br \/>\n* D\u0142ugo\u015b\u0107 ca\u0142kowita: 49 cm<br \/>\n* Szeroko\u015b\u0107 w biu\u015bcie: 51 cm<br \/>\n* Spodnie:<br \/>\n* D\u0142ugo\u015b\u0107 ca\u0142kowita: 93 cm<br \/>\n* Obw\u00f3d w pasie: 30-45 cm<br \/>\nRozmiar M<br \/>\n* Bluza:<br \/>\n* D\u0142ugo\u015b\u0107 ca\u0142kowita: 51 cm<br \/>\n* Szeroko\u015b\u0107 w biu\u015bcie: 55 cm<br \/>\n* Spodnie:<br \/>\n* D\u0142ugo\u015b\u0107 ca\u0142kowita: 95 cm<br \/>\n* Obw\u00f3d w pasie: 32-48 cm<br \/>\nRozmiar L<br \/>\n* Bluza:<br \/>\n* D\u0142ugo\u015b\u0107 ca\u0142kowita: 53 cm<br \/>\n* Szeroko\u015b\u0107 w biu\u015bcie: 58 cm<br \/>\n* Spodnie:<br \/>\n* D\u0142ugo\u015b\u0107 ca\u0142kowita: 97 cm<br \/>\n* Obw\u00f3d w pasie: 34-50 cm<br \/>\nWa\u017cne: Poszczeg\u00f3lne wymiary mog\u0105 r\u00f3\u017cni\u0107 si\u0119 +\/- 2 cm.<br \/>\nSk\u0142ad : 80% bawe\u0142na , 20% elastan .<\/p>\n","protected":false},"excerpt":{"rendered":"<p>Odkryj komplet TOKYO rodzimej produkcji, kt\u00f3ry \u0142\u0105czy wyj\u0105tkow\u0105 struktur\u0119 mi\u0119kkiego sztruksu oraz nowoczesny kr\u00f3j idealny dla wymagaj\u0105cych kobiet. Zestaw sk\u0142ada si\u0119 z bluzy ze st\u00f3jk\u0105 ozdobionej eleganckimi z\u0142otymi zamkami oraz spodni z praktycznymi kieszeniami i nogawkami zako\u0144czonymi \u015bci\u0105gaczem. Dzi\u0119ki wbudowanemu troczkowi z \u0142atwo\u015bci\u0105 wyregulujesz d\u0142ugo\u015b\u0107 i szeroko\u015b\u0107 g\u00f3ry, co pozwala na perfekcyjne dopasowanie ca\u0142o\u015bci do [&hellip;]<\/p>\n","protected":false},"featured_media":8744,"comment_status":"open","ping_status":"closed","template":"","meta":{"_acf_changed":false},"pwb-brand":[],"product_brand":[],"product_cat":[226],"product_tag":[],"class_list":{"0":"post-8949","1":"product","2":"type-product","3":"status-publish","4":"has-post-thumbnail","6":"product_cat-komplety","8":"first","9":"instock","10":"taxable","11":"shipping-taxable","12":"purchasable","13":"product-type-variable"},"acf":[],"brands":[],"_links":{"self":[{"href":"https:\/\/test.wa-wi.pl\/index.php\/wp-json\/wp\/v2\/product\/8949","targetHints":{"allow":["GET"]}}],"collection":[{"href":"https:\/\/test.wa-wi.pl\/index.php\/wp-json\/wp\/v2\/product"}],"about":[{"href":"https:\/\/test.wa-wi.pl\/index.php\/wp-json\/wp\/v2\/types\/product"}],"replies":[{"embeddable":true,"href":"https:\/\/test.wa-wi.pl\/index.php\/wp-json\/wp\/v2\/comments?post=8949"}],"wp:featuredmedia":[{"embeddable":true,"href":"https:\/\/test.wa-wi.pl\/index.php\/wp-json\/wp\/v2\/media\/8744"}],"wp:attachment":[{"href":"https:\/\/test.wa-wi.pl\/index.php\/wp-json\/wp\/v2\/media?parent=8949"}],"wp:term":[{"taxonomy":"pwb-brand","embeddable":true,"href":"https:\/\/test.wa-wi.pl\/index.php\/wp-json\/wp\/v2\/pwb-brand?post=8949"},{"taxonomy":"product_brand","embeddable":true,"href":"https:\/\/test.wa-wi.pl\/index.php\/wp-json\/wp\/v2\/product_brand?post=8949"},{"taxonomy":"product_cat","embeddable":true,"href":"https:\/\/test.wa-wi.pl\/index.php\/wp-json\/wp\/v2\/product_cat?post=8949"},{"taxonomy":"product_tag","embeddable":true,"href":"https:\/\/test.wa-wi.pl\/index.php\/wp-json\/wp\/v2\/product_tag?post=8949"}],"curies":[{"name":"wp","href":"https:\/\/api.w.org\/{rel}","templated":true}]}}