{"id":8929,"date":"2026-02-22T17:32:12","date_gmt":"2026-02-22T16:32:12","guid":{"rendered":"https:\/\/test.wa-wi.pl\/?post_type=product&#038;p=8929"},"modified":"2026-02-22T17:53:05","modified_gmt":"2026-02-22T16:53:05","slug":"komplet-czekoladowy-viki","status":"publish","type":"product","link":"https:\/\/test.wa-wi.pl\/index.php\/produkt\/komplet-czekoladowy-viki\/","title":{"rendered":"Komplet Czekoladowy Viki"},"content":{"rendered":"<p>Odkryj komplet, kt\u00f3ry \u0142\u0105czy w sobie niesamowit\u0105 mi\u0119kko\u015b\u0107 oraz nowoczesny design idealny na ka\u017cd\u0105 okazj\u0119. Zestaw wykonano z najwy\u017cszej jako\u015bci materia\u0142u typu,kt\u00f3ry jest niezwykle przyjemny dla sk\u00f3ry oraz perfekcyjnie uk\u0142ada si\u0119 na sylwetce. Bluzka pozwala na klasyczne noszenie lub zmys\u0142owe opuszczenie na rami\u0119, a przed\u0142u\u017cone mankiety z subtelnym haftem nadaj\u0105 ca\u0142o\u015bci unikalnego charakteru. Dzi\u0119ki gumce ze stoperem na dole bluzki oraz elastycznemu pasowi w spodniach z szerok\u0105 nogawk\u0105, zestaw gwarantuje pe\u0142n\u0105 swobod\u0119 ruch\u00f3w oraz doskona\u0142y wygl\u0105d w podr\u00f3\u017cy lub na spacerze.<br \/>\nWymiary (mierzone na p\u0142asko)<br \/>\nRozmiar S<br \/>\n* Bluzka:<br \/>\n* Szeroko\u015b\u0107 w biu\u015bcie: 112 cm<br \/>\n* D\u0142ugo\u015b\u0107 ca\u0142kowita: 52 cm<br \/>\n* D\u0142ugo\u015b\u0107 r\u0119kawa: 46 cm<br \/>\n* Szeroko\u015b\u0107 ramienia: 19 cm<br \/>\n* Spodnie:<br \/>\n* Szeroko\u015b\u0107 w pasie: 60-80 cm<br \/>\n* Szeroko\u015b\u0107 w biodrach: 100-110 cm<br \/>\n* D\u0142ugo\u015b\u0107 nogawki: 110 cm<br \/>\nRozmiar M<br \/>\n* Bluzka:<br \/>\n* Szeroko\u015b\u0107 w biu\u015bcie: 116 cm<br \/>\n* D\u0142ugo\u015b\u0107 ca\u0142kowita: 55 cm<br \/>\n* D\u0142ugo\u015b\u0107 r\u0119kawa: 48 cm<br \/>\n* Szeroko\u015b\u0107 ramienia: 20 cm<br \/>\n* Spodnie:<br \/>\n* Szeroko\u015b\u0107 w pasie: 64-84 cm<br \/>\n* Szeroko\u015b\u0107 w biodrach: 108-120 cm<br \/>\n* D\u0142ugo\u015b\u0107 nogawki: 112 cm<br \/>\nRozmiar L<br \/>\n* Bluzka:<br \/>\n* Szeroko\u015b\u0107 w biu\u015bcie: 120 cm<br \/>\n* D\u0142ugo\u015b\u0107 ca\u0142kowita: 56 cm<br \/>\n* D\u0142ugo\u015b\u0107 r\u0119kawa: 48 cm<br \/>\n* Szeroko\u015b\u0107 ramienia: 22 cm<br \/>\n* Spodnie:<br \/>\n* Szeroko\u015b\u0107 w pasie: 68-88 cm<br \/>\n* Szeroko\u015b\u0107 w biodrach: 112-128 cm<br \/>\n* D\u0142ugo\u015b\u0107 nogawki: 115 cm<br \/>\nWa\u017cne: Poszczeg\u00f3lne wymiary mog\u0105 r\u00f3\u017cni\u0107 si\u0119 +\/- 2 cm.<\/p>\n","protected":false},"excerpt":{"rendered":"<p>Odkryj komplet, kt\u00f3ry \u0142\u0105czy w sobie niesamowit\u0105 mi\u0119kko\u015b\u0107 oraz nowoczesny design idealny na ka\u017cd\u0105 okazj\u0119. Zestaw wykonano z najwy\u017cszej jako\u015bci materia\u0142u typu,kt\u00f3ry jest niezwykle przyjemny dla sk\u00f3ry oraz perfekcyjnie uk\u0142ada si\u0119 na sylwetce. Bluzka pozwala na klasyczne noszenie lub zmys\u0142owe opuszczenie na rami\u0119, a przed\u0142u\u017cone mankiety z subtelnym haftem nadaj\u0105 ca\u0142o\u015bci unikalnego charakteru. Dzi\u0119ki gumce [&hellip;]<\/p>\n","protected":false},"featured_media":8733,"comment_status":"open","ping_status":"closed","template":"","meta":{"_acf_changed":false},"pwb-brand":[],"product_brand":[],"product_cat":[225,226],"product_tag":[],"class_list":{"0":"post-8929","1":"product","2":"type-product","3":"status-publish","4":"has-post-thumbnail","6":"product_cat-dresy","7":"product_cat-komplety","9":"first","10":"instock","11":"taxable","12":"shipping-taxable","13":"purchasable","14":"product-type-variable"},"acf":[],"brands":[],"_links":{"self":[{"href":"https:\/\/test.wa-wi.pl\/index.php\/wp-json\/wp\/v2\/product\/8929","targetHints":{"allow":["GET"]}}],"collection":[{"href":"https:\/\/test.wa-wi.pl\/index.php\/wp-json\/wp\/v2\/product"}],"about":[{"href":"https:\/\/test.wa-wi.pl\/index.php\/wp-json\/wp\/v2\/types\/product"}],"replies":[{"embeddable":true,"href":"https:\/\/test.wa-wi.pl\/index.php\/wp-json\/wp\/v2\/comments?post=8929"}],"wp:featuredmedia":[{"embeddable":true,"href":"https:\/\/test.wa-wi.pl\/index.php\/wp-json\/wp\/v2\/media\/8733"}],"wp:attachment":[{"href":"https:\/\/test.wa-wi.pl\/index.php\/wp-json\/wp\/v2\/media?parent=8929"}],"wp:term":[{"taxonomy":"pwb-brand","embeddable":true,"href":"https:\/\/test.wa-wi.pl\/index.php\/wp-json\/wp\/v2\/pwb-brand?post=8929"},{"taxonomy":"product_brand","embeddable":true,"href":"https:\/\/test.wa-wi.pl\/index.php\/wp-json\/wp\/v2\/product_brand?post=8929"},{"taxonomy":"product_cat","embeddable":true,"href":"https:\/\/test.wa-wi.pl\/index.php\/wp-json\/wp\/v2\/product_cat?post=8929"},{"taxonomy":"product_tag","embeddable":true,"href":"https:\/\/test.wa-wi.pl\/index.php\/wp-json\/wp\/v2\/product_tag?post=8929"}],"curies":[{"name":"wp","href":"https:\/\/api.w.org\/{rel}","templated":true}]}}