{"id":8909,"date":"2026-02-22T17:06:00","date_gmt":"2026-02-22T16:06:00","guid":{"rendered":"https:\/\/test.wa-wi.pl\/?post_type=product&#038;p=8909"},"modified":"2026-02-22T17:12:16","modified_gmt":"2026-02-22T16:12:16","slug":"komplet-dzianinowy-lounge-style-pink","status":"publish","type":"product","link":"https:\/\/test.wa-wi.pl\/index.php\/produkt\/komplet-dzianinowy-lounge-style-pink\/","title":{"rendered":"Komplet Dzianinowy Lounge Style Pink"},"content":{"rendered":"<p>Zestaw wykonano z wysokiej jako\u015bci bawe\u0142ny z domieszk\u0105 elastycznych w\u0142\u00f3kien, kt\u00f3re gwarantuj\u0105 doskona\u0142e dopasowanie do sylwetki oraz pe\u0142n\u0105 swobod\u0119 ruch\u00f3w. Mi\u0119kki i oddychaj\u0105cy materia\u0142 sprawia, \u017ce komplet \u015bwietnie sprawdza si\u0119 jako domowy dres, kt\u00f3ry z \u0142atwo\u015bci\u0105 zmienisz w stylowy outfit na miasto lub szybkie zakupy. Spodnie wyko\u0144czone praktycznymi \u015bci\u0105gaczami przy nogawkach dbaj\u0105 o estetyczny wygl\u0105d, a elastyczna guma w pasie pozwala na komfortowe noszenie przez wiele godzin.<br \/>\nWymiary (mierzone na p\u0142asko)<br \/>\nBluzka<br \/>\n* D\u0142ugo\u015b\u0107 ca\u0142kowita: 56 cm<br \/>\n* Obw\u00f3d w biu\u015bcie: od 100 cm do 150 cm<br \/>\n* Obw\u00f3d w pasie (gumka): od 72 cm do 140 cm po rozci\u0105gni\u0119ciu<br \/>\n* D\u0142ugo\u015b\u0107 r\u0119kawa od ramienia: 64 cm<br \/>\nSpodnie<br \/>\n* D\u0142ugo\u015b\u0107 ca\u0142kowita: 95 cm<br \/>\n* D\u0142ugo\u015b\u0107 nogawki wew.: 65 cm<br \/>\n* Wysoko\u015b\u0107 stanu: 30 cm<br \/>\n* Obw\u00f3d w pasie (gumka): od 64 cm do 104 cm po rozci\u0105gni\u0119ciu<br \/>\nWa\u017cne: Poszczeg\u00f3lne wymiary mog\u0105 r\u00f3\u017cni\u0107 si\u0119 +\/- 2 cm.<\/p>\n","protected":false},"excerpt":{"rendered":"<p>Zestaw wykonano z wysokiej jako\u015bci bawe\u0142ny z domieszk\u0105 elastycznych w\u0142\u00f3kien, kt\u00f3re gwarantuj\u0105 doskona\u0142e dopasowanie do sylwetki oraz pe\u0142n\u0105 swobod\u0119 ruch\u00f3w. Mi\u0119kki i oddychaj\u0105cy materia\u0142 sprawia, \u017ce komplet \u015bwietnie sprawdza si\u0119 jako domowy dres, kt\u00f3ry z \u0142atwo\u015bci\u0105 zmienisz w stylowy outfit na miasto lub szybkie zakupy. Spodnie wyko\u0144czone praktycznymi \u015bci\u0105gaczami przy nogawkach dbaj\u0105 o estetyczny wygl\u0105d, [&hellip;]<\/p>\n","protected":false},"featured_media":8714,"comment_status":"open","ping_status":"closed","template":"","meta":{"_acf_changed":false},"pwb-brand":[],"product_brand":[],"product_cat":[226],"product_tag":[],"class_list":{"0":"post-8909","1":"product","2":"type-product","3":"status-publish","4":"has-post-thumbnail","6":"product_cat-komplety","8":"first","9":"instock","10":"taxable","11":"shipping-taxable","12":"purchasable","13":"product-type-variable"},"acf":[],"brands":[],"_links":{"self":[{"href":"https:\/\/test.wa-wi.pl\/index.php\/wp-json\/wp\/v2\/product\/8909","targetHints":{"allow":["GET"]}}],"collection":[{"href":"https:\/\/test.wa-wi.pl\/index.php\/wp-json\/wp\/v2\/product"}],"about":[{"href":"https:\/\/test.wa-wi.pl\/index.php\/wp-json\/wp\/v2\/types\/product"}],"replies":[{"embeddable":true,"href":"https:\/\/test.wa-wi.pl\/index.php\/wp-json\/wp\/v2\/comments?post=8909"}],"wp:featuredmedia":[{"embeddable":true,"href":"https:\/\/test.wa-wi.pl\/index.php\/wp-json\/wp\/v2\/media\/8714"}],"wp:attachment":[{"href":"https:\/\/test.wa-wi.pl\/index.php\/wp-json\/wp\/v2\/media?parent=8909"}],"wp:term":[{"taxonomy":"pwb-brand","embeddable":true,"href":"https:\/\/test.wa-wi.pl\/index.php\/wp-json\/wp\/v2\/pwb-brand?post=8909"},{"taxonomy":"product_brand","embeddable":true,"href":"https:\/\/test.wa-wi.pl\/index.php\/wp-json\/wp\/v2\/product_brand?post=8909"},{"taxonomy":"product_cat","embeddable":true,"href":"https:\/\/test.wa-wi.pl\/index.php\/wp-json\/wp\/v2\/product_cat?post=8909"},{"taxonomy":"product_tag","embeddable":true,"href":"https:\/\/test.wa-wi.pl\/index.php\/wp-json\/wp\/v2\/product_tag?post=8909"}],"curies":[{"name":"wp","href":"https:\/\/api.w.org\/{rel}","templated":true}]}}