{"id":8899,"date":"2026-02-22T16:55:20","date_gmt":"2026-02-22T15:55:20","guid":{"rendered":"https:\/\/test.wa-wi.pl\/?post_type=product&#038;p=8899"},"modified":"2026-02-22T16:55:44","modified_gmt":"2026-02-22T15:55:44","slug":"spodnie-jasnoniebieskie","status":"publish","type":"product","link":"https:\/\/test.wa-wi.pl\/index.php\/produkt\/spodnie-jasnoniebieskie\/","title":{"rendered":"Spodnie Jasnoniebieskie"},"content":{"rendered":"<p>Te jasne jeansy o swobodnym fasonie to idealne zestawienie komfortu oraz miejskiego szyku, kt\u00f3re gwarantuje pe\u0142n\u0105 wygod\u0119 oraz podkre\u015bla Tw\u00f3j indywidualny styl. Wykonano je z wysokiej jako\u015bci denimu zdobionego modnymi przetarciami oraz oryginalnym sznurkiem w pasie pozwalaj\u0105cym na doskona\u0142e dopasowanie do sylwetki. Szeroka nogawka nadaje ca\u0142o\u015bci nowoczesnego wyrazu, kt\u00f3ry sprawdzi si\u0119 w zestawieniach codziennych lub typowo streetwearowych. To model stworzony do cz\u0119stego noszenia, kt\u00f3ry zapewnia atrakcyjny wygl\u0105d oraz swobod\u0119 w ka\u017cdej sytuacji.<br \/>\nWymiary (mierzone na p\u0142asko)<br \/>\nRozmiar XS:<br \/>\n* D\u0142ugo\u015b\u0107 ca\u0142kowita: 105 cm<br \/>\n* D\u0142ugo\u015b\u0107 nogawki wew.: 76 cm<br \/>\n* Wysoko\u015b\u0107 stanu: 29 cm<br \/>\n* Obw\u00f3d w pasie: 70 cm<br \/>\nRozmiar S:<br \/>\n* D\u0142ugo\u015b\u0107 ca\u0142kowita: 107 cm<br \/>\n* D\u0142ugo\u015b\u0107 nogawki wew.: 78 cm<br \/>\n* Wysoko\u015b\u0107 stanu: 29 cm<br \/>\n* Obw\u00f3d w pasie: 74 cm<br \/>\nRozmiar M:<br \/>\n* D\u0142ugo\u015b\u0107 ca\u0142kowita: 108 cm<br \/>\n* D\u0142ugo\u015b\u0107 nogawki wew.: 79 cm<br \/>\n* Wysoko\u015b\u0107 stanu: 29 cm<br \/>\n* Obw\u00f3d w pasie: 76 cm<br \/>\nRozmiar L:<br \/>\n* D\u0142ugo\u015b\u0107 ca\u0142kowita: 108 cm<br \/>\n* D\u0142ugo\u015b\u0107 nogawki wew.: 79 cm<br \/>\n* Wysoko\u015b\u0107 stanu: 29 cm<br \/>\n* Obw\u00f3d w pasie: 82 cm<br \/>\nWa\u017cne: Poszczeg\u00f3lne wymiary mog\u0105 r\u00f3\u017cni\u0107 si\u0119 +\/- 2 cm.<\/p>\n","protected":false},"excerpt":{"rendered":"<p>Te jasne jeansy o swobodnym fasonie to idealne zestawienie komfortu oraz miejskiego szyku, kt\u00f3re gwarantuje pe\u0142n\u0105 wygod\u0119 oraz podkre\u015bla Tw\u00f3j indywidualny styl. Wykonano je z wysokiej jako\u015bci denimu zdobionego modnymi przetarciami oraz oryginalnym sznurkiem w pasie pozwalaj\u0105cym na doskona\u0142e dopasowanie do sylwetki. Szeroka nogawka nadaje ca\u0142o\u015bci nowoczesnego wyrazu, kt\u00f3ry sprawdzi si\u0119 w zestawieniach codziennych lub [&hellip;]<\/p>\n","protected":false},"featured_media":8704,"comment_status":"open","ping_status":"closed","template":"","meta":{"_acf_changed":false},"pwb-brand":[],"product_brand":[],"product_cat":[208],"product_tag":[],"class_list":{"0":"post-8899","1":"product","2":"type-product","3":"status-publish","4":"has-post-thumbnail","6":"product_cat-spodnie","8":"first","9":"instock","10":"taxable","11":"shipping-taxable","12":"purchasable","13":"product-type-variable"},"acf":[],"brands":[],"_links":{"self":[{"href":"https:\/\/test.wa-wi.pl\/index.php\/wp-json\/wp\/v2\/product\/8899","targetHints":{"allow":["GET"]}}],"collection":[{"href":"https:\/\/test.wa-wi.pl\/index.php\/wp-json\/wp\/v2\/product"}],"about":[{"href":"https:\/\/test.wa-wi.pl\/index.php\/wp-json\/wp\/v2\/types\/product"}],"replies":[{"embeddable":true,"href":"https:\/\/test.wa-wi.pl\/index.php\/wp-json\/wp\/v2\/comments?post=8899"}],"wp:featuredmedia":[{"embeddable":true,"href":"https:\/\/test.wa-wi.pl\/index.php\/wp-json\/wp\/v2\/media\/8704"}],"wp:attachment":[{"href":"https:\/\/test.wa-wi.pl\/index.php\/wp-json\/wp\/v2\/media?parent=8899"}],"wp:term":[{"taxonomy":"pwb-brand","embeddable":true,"href":"https:\/\/test.wa-wi.pl\/index.php\/wp-json\/wp\/v2\/pwb-brand?post=8899"},{"taxonomy":"product_brand","embeddable":true,"href":"https:\/\/test.wa-wi.pl\/index.php\/wp-json\/wp\/v2\/product_brand?post=8899"},{"taxonomy":"product_cat","embeddable":true,"href":"https:\/\/test.wa-wi.pl\/index.php\/wp-json\/wp\/v2\/product_cat?post=8899"},{"taxonomy":"product_tag","embeddable":true,"href":"https:\/\/test.wa-wi.pl\/index.php\/wp-json\/wp\/v2\/product_tag?post=8899"}],"curies":[{"name":"wp","href":"https:\/\/api.w.org\/{rel}","templated":true}]}}