{"id":8694,"date":"2026-02-15T22:03:31","date_gmt":"2026-02-15T21:03:31","guid":{"rendered":"https:\/\/test.wa-wi.pl\/?post_type=product&#038;p=8694"},"modified":"2026-02-15T22:03:31","modified_gmt":"2026-02-15T21:03:31","slug":"dres-3w1-bialy","status":"publish","type":"product","link":"https:\/\/test.wa-wi.pl\/index.php\/produkt\/dres-3w1-bialy\/","title":{"rendered":"Dres 3w1 Bia\u0142y"},"content":{"rendered":"<p>Ten trzycz\u0119\u015bciowy dres welurowy to totalny hit, kt\u00f3ry daje Ci mn\u00f3stwo mo\u017cliwo\u015bci stylizacji i niesamowit\u0105 wygod\u0119. Mi\u0119kki, l\u015bni\u0105cy materia\u0142 sprawia, \u017ce ca\u0142y zestaw prezentuje si\u0119 bardzo luksusowo i jest wyj\u0105tkowo przyjemny dla sk\u00f3ry. W komplecie znajdziesz lu\u017an\u0105 bluz\u0119 z kapturem, dopasowany top oraz spodnie na wygodnej gumie w pasie, kt\u00f3re maj\u0105 nogawki zako\u0144czone praktycznymi \u015bci\u0105gaczami.<\/p>\n","protected":false},"excerpt":{"rendered":"<p>Ten trzycz\u0119\u015bciowy dres welurowy to totalny hit, kt\u00f3ry daje Ci mn\u00f3stwo mo\u017cliwo\u015bci stylizacji i niesamowit\u0105 wygod\u0119. Mi\u0119kki, l\u015bni\u0105cy materia\u0142 sprawia, \u017ce ca\u0142y zestaw prezentuje si\u0119 bardzo luksusowo i jest wyj\u0105tkowo przyjemny dla sk\u00f3ry. W komplecie znajdziesz lu\u017an\u0105 bluz\u0119 z kapturem, dopasowany top oraz spodnie na wygodnej gumie w pasie, kt\u00f3re maj\u0105 nogawki zako\u0144czone praktycznymi \u015bci\u0105gaczami.<\/p>\n","protected":false},"featured_media":8678,"comment_status":"open","ping_status":"closed","template":"","meta":{"_acf_changed":false},"pwb-brand":[],"product_brand":[],"product_cat":[225,226],"product_tag":[],"class_list":{"0":"post-8694","1":"product","2":"type-product","3":"status-publish","4":"has-post-thumbnail","6":"product_cat-dresy","7":"product_cat-komplety","9":"first","10":"instock","11":"taxable","12":"shipping-taxable","13":"purchasable","14":"product-type-variable"},"acf":[],"brands":[],"_links":{"self":[{"href":"https:\/\/test.wa-wi.pl\/index.php\/wp-json\/wp\/v2\/product\/8694","targetHints":{"allow":["GET"]}}],"collection":[{"href":"https:\/\/test.wa-wi.pl\/index.php\/wp-json\/wp\/v2\/product"}],"about":[{"href":"https:\/\/test.wa-wi.pl\/index.php\/wp-json\/wp\/v2\/types\/product"}],"replies":[{"embeddable":true,"href":"https:\/\/test.wa-wi.pl\/index.php\/wp-json\/wp\/v2\/comments?post=8694"}],"wp:featuredmedia":[{"embeddable":true,"href":"https:\/\/test.wa-wi.pl\/index.php\/wp-json\/wp\/v2\/media\/8678"}],"wp:attachment":[{"href":"https:\/\/test.wa-wi.pl\/index.php\/wp-json\/wp\/v2\/media?parent=8694"}],"wp:term":[{"taxonomy":"pwb-brand","embeddable":true,"href":"https:\/\/test.wa-wi.pl\/index.php\/wp-json\/wp\/v2\/pwb-brand?post=8694"},{"taxonomy":"product_brand","embeddable":true,"href":"https:\/\/test.wa-wi.pl\/index.php\/wp-json\/wp\/v2\/product_brand?post=8694"},{"taxonomy":"product_cat","embeddable":true,"href":"https:\/\/test.wa-wi.pl\/index.php\/wp-json\/wp\/v2\/product_cat?post=8694"},{"taxonomy":"product_tag","embeddable":true,"href":"https:\/\/test.wa-wi.pl\/index.php\/wp-json\/wp\/v2\/product_tag?post=8694"}],"curies":[{"name":"wp","href":"https:\/\/api.w.org\/{rel}","templated":true}]}}