{"id":8665,"date":"2026-02-15T21:24:09","date_gmt":"2026-02-15T20:24:09","guid":{"rendered":"https:\/\/test.wa-wi.pl\/?post_type=product&#038;p=8665"},"modified":"2026-02-15T21:50:50","modified_gmt":"2026-02-15T20:50:50","slug":"elegant-lounge-set-zolty-glam","status":"publish","type":"product","link":"https:\/\/test.wa-wi.pl\/index.php\/produkt\/elegant-lounge-set-zolty-glam\/","title":{"rendered":"Elegant Lounge Set \u2013 \u017b\u00f3\u0142ty Glam"},"content":{"rendered":"<p>Elegancki komplet w modnym wydaniu. Kr\u00f3tka marynarka z ko\u0142nierzem pi\u0119knie podkre\u015bla tali\u0119, a spodnie z gumk\u0105 i wi\u0105zaniem zapewniaj\u0105 wygodne dopasowanie. Lu\u017any kr\u00f3j sprawia, \u017ce komplet jest idealny na co dzie\u0144, wyj\u015bcia oraz wakacyjne stylizacje.<br \/>\nRozmiar uniwersalny<\/p>\n<p>Wymiary (mierzone na p\u0142asko):<br \/>\nMARYNARKA (Rozmiar Uniwersalny)<br \/>\n* Szeroko\u015b\u0107 w biu\u015bcie: 52 cm<br \/>\n* D\u0142ugo\u015b\u0107 ca\u0142kowita: 44 cm<br \/>\nSPODNIE (Rozmiar Uniwersalny)<br \/>\n* Szeroko\u015b\u0107 w pasie: 35-55 cm (po rozci\u0105gni\u0119ciu)<br \/>\n* Szeroko\u015b\u0107 w biodrach: 64 cm<br \/>\n* D\u0142ugo\u015b\u0107 ca\u0142kowita: 99 cm<br \/>\nInformacje dodatkowe:<br \/>\n* Produkt polski<br \/>\n* Sk\u0142ad: 95% bawe\u0142na, 5% elastan<br \/>\n* Modelka ma 170 cm wzrostu<\/p>\n","protected":false},"excerpt":{"rendered":"<p>Elegancki komplet w modnym wydaniu. Kr\u00f3tka marynarka z ko\u0142nierzem pi\u0119knie podkre\u015bla tali\u0119, a spodnie z gumk\u0105 i wi\u0105zaniem zapewniaj\u0105 wygodne dopasowanie. Lu\u017any kr\u00f3j sprawia, \u017ce komplet jest idealny na co dzie\u0144, wyj\u015bcia oraz wakacyjne stylizacje. Rozmiar uniwersalny Wymiary (mierzone na p\u0142asko): MARYNARKA (Rozmiar Uniwersalny) * Szeroko\u015b\u0107 w biu\u015bcie: 52 cm * D\u0142ugo\u015b\u0107 ca\u0142kowita: 44 cm [&hellip;]<\/p>\n","protected":false},"featured_media":8660,"comment_status":"open","ping_status":"closed","template":"","meta":{"_acf_changed":false},"pwb-brand":[],"product_brand":[],"product_cat":[249,226],"product_tag":[],"class_list":{"0":"post-8665","1":"product","2":"type-product","3":"status-publish","4":"has-post-thumbnail","6":"product_cat-koszule","7":"product_cat-komplety","9":"first","10":"outofstock","11":"taxable","12":"shipping-taxable","13":"purchasable","14":"product-type-variable"},"acf":[],"brands":[],"_links":{"self":[{"href":"https:\/\/test.wa-wi.pl\/index.php\/wp-json\/wp\/v2\/product\/8665","targetHints":{"allow":["GET"]}}],"collection":[{"href":"https:\/\/test.wa-wi.pl\/index.php\/wp-json\/wp\/v2\/product"}],"about":[{"href":"https:\/\/test.wa-wi.pl\/index.php\/wp-json\/wp\/v2\/types\/product"}],"replies":[{"embeddable":true,"href":"https:\/\/test.wa-wi.pl\/index.php\/wp-json\/wp\/v2\/comments?post=8665"}],"wp:featuredmedia":[{"embeddable":true,"href":"https:\/\/test.wa-wi.pl\/index.php\/wp-json\/wp\/v2\/media\/8660"}],"wp:attachment":[{"href":"https:\/\/test.wa-wi.pl\/index.php\/wp-json\/wp\/v2\/media?parent=8665"}],"wp:term":[{"taxonomy":"pwb-brand","embeddable":true,"href":"https:\/\/test.wa-wi.pl\/index.php\/wp-json\/wp\/v2\/pwb-brand?post=8665"},{"taxonomy":"product_brand","embeddable":true,"href":"https:\/\/test.wa-wi.pl\/index.php\/wp-json\/wp\/v2\/product_brand?post=8665"},{"taxonomy":"product_cat","embeddable":true,"href":"https:\/\/test.wa-wi.pl\/index.php\/wp-json\/wp\/v2\/product_cat?post=8665"},{"taxonomy":"product_tag","embeddable":true,"href":"https:\/\/test.wa-wi.pl\/index.php\/wp-json\/wp\/v2\/product_tag?post=8665"}],"curies":[{"name":"wp","href":"https:\/\/api.w.org\/{rel}","templated":true}]}}