{"id":8647,"date":"2026-02-15T21:16:07","date_gmt":"2026-02-15T20:16:07","guid":{"rendered":"https:\/\/test.wa-wi.pl\/?post_type=product&#038;p=8647"},"modified":"2026-02-15T21:16:07","modified_gmt":"2026-02-15T20:16:07","slug":"kombinezon-lycra","status":"publish","type":"product","link":"https:\/\/test.wa-wi.pl\/index.php\/produkt\/kombinezon-lycra\/","title":{"rendered":"Kombinezon Lycra"},"content":{"rendered":"<p>Ten kombinezon na rami\u0105czkach to mistrzowskie po\u0142\u0105czenie dopasowanej g\u00f3ry, kt\u00f3ra zmys\u0142owo podkre\u015bla tali\u0119 i biodra, z elegancko rozszerzanymi nogawkami. Wykonany z elastycznej lycry, idealnie przylega do cia\u0142a, zapewniaj\u0105c efekt wymodelowanej figury. Rozkloszowany d\u00f3\u0142 nadaje ca\u0142o\u015bci lekko\u015bci i modowego szyku, tworz\u0105c sylwetk\u0119 o idealnych proporcjach.<\/p>\n","protected":false},"excerpt":{"rendered":"<p>Ten kombinezon na rami\u0105czkach to mistrzowskie po\u0142\u0105czenie dopasowanej g\u00f3ry, kt\u00f3ra zmys\u0142owo podkre\u015bla tali\u0119 i biodra, z elegancko rozszerzanymi nogawkami. Wykonany z elastycznej lycry, idealnie przylega do cia\u0142a, zapewniaj\u0105c efekt wymodelowanej figury. Rozkloszowany d\u00f3\u0142 nadaje ca\u0142o\u015bci lekko\u015bci i modowego szyku, tworz\u0105c sylwetk\u0119 o idealnych proporcjach.<\/p>\n","protected":false},"featured_media":8639,"comment_status":"open","ping_status":"closed","template":"","meta":{"_acf_changed":false},"pwb-brand":[],"product_brand":[],"product_cat":[229],"product_tag":[],"class_list":{"0":"post-8647","1":"product","2":"type-product","3":"status-publish","4":"has-post-thumbnail","6":"product_cat-kombinezony","8":"first","9":"instock","10":"taxable","11":"shipping-taxable","12":"purchasable","13":"product-type-variable"},"acf":[],"brands":[],"_links":{"self":[{"href":"https:\/\/test.wa-wi.pl\/index.php\/wp-json\/wp\/v2\/product\/8647","targetHints":{"allow":["GET"]}}],"collection":[{"href":"https:\/\/test.wa-wi.pl\/index.php\/wp-json\/wp\/v2\/product"}],"about":[{"href":"https:\/\/test.wa-wi.pl\/index.php\/wp-json\/wp\/v2\/types\/product"}],"replies":[{"embeddable":true,"href":"https:\/\/test.wa-wi.pl\/index.php\/wp-json\/wp\/v2\/comments?post=8647"}],"wp:featuredmedia":[{"embeddable":true,"href":"https:\/\/test.wa-wi.pl\/index.php\/wp-json\/wp\/v2\/media\/8639"}],"wp:attachment":[{"href":"https:\/\/test.wa-wi.pl\/index.php\/wp-json\/wp\/v2\/media?parent=8647"}],"wp:term":[{"taxonomy":"pwb-brand","embeddable":true,"href":"https:\/\/test.wa-wi.pl\/index.php\/wp-json\/wp\/v2\/pwb-brand?post=8647"},{"taxonomy":"product_brand","embeddable":true,"href":"https:\/\/test.wa-wi.pl\/index.php\/wp-json\/wp\/v2\/product_brand?post=8647"},{"taxonomy":"product_cat","embeddable":true,"href":"https:\/\/test.wa-wi.pl\/index.php\/wp-json\/wp\/v2\/product_cat?post=8647"},{"taxonomy":"product_tag","embeddable":true,"href":"https:\/\/test.wa-wi.pl\/index.php\/wp-json\/wp\/v2\/product_tag?post=8647"}],"curies":[{"name":"wp","href":"https:\/\/api.w.org\/{rel}","templated":true}]}}