{"id":8607,"date":"2026-02-13T23:54:25","date_gmt":"2026-02-13T22:54:25","guid":{"rendered":"https:\/\/test.wa-wi.pl\/?post_type=product&#038;p=8607"},"modified":"2026-02-13T23:54:25","modified_gmt":"2026-02-13T22:54:25","slug":"komplet-dresowy-kamizelka-spodnie-bez","status":"publish","type":"product","link":"https:\/\/test.wa-wi.pl\/index.php\/produkt\/komplet-dresowy-kamizelka-spodnie-bez\/","title":{"rendered":"Komplet Dresowy Kamizelka + Spodnie Be\u017c"},"content":{"rendered":"<p>Ten dresowy komplet z kamizelk\u0105 i spodniami to idealny wyb\u00f3r, je\u015bli szukasz po\u0142\u0105czenia maksymalnej wygody z modnym wygl\u0105dem. Zosta\u0142 wykonany z mi\u0119kkiej, oddychaj\u0105cej bawe\u0142ny, wi\u0119c \u015bwietnie sprawdzi si\u0119 na co dzie\u0144. Kamizelka z ko\u0142nierzykiem zapinana na praktyczne zatrzaski dodaje ca\u0142o\u015bci nowoczesnego charakteru, a spodnie ze \u015bci\u0105gaczami i gum\u0105 w pasie zapewniaj\u0105 pe\u0142n\u0105 swobod\u0119 ruch\u00f3w. To gotowy zestaw, w kt\u00f3rym od razu poczujesz si\u0119 stylowo, niezale\u017cnie od tego, czy planujesz spacer, czy relaks w domu.<br \/>\nWymiary (mierzone na p\u0142asko):<br \/>\nKamizelka (Rozmiar Uniwersalny)<br \/>\n* D\u0142ugo\u015b\u0107 ca\u0142kowita: 48 cm<br \/>\n* Szeroko\u015b\u0107 w biu\u015bcie: 57 cm x 2<br \/>\n* Szeroko\u015b\u0107 na dole: 55 cm x 2<br \/>\nSpodnie (Rozmiar Uniwersalny)<br \/>\n* D\u0142ugo\u015b\u0107 ca\u0142kowita: 99 cm<br \/>\n* D\u0142ugo\u015b\u0107 nogawki: 75 cm<br \/>\n* Szeroko\u015b\u0107 w pasie: 31-49 cm x 2 (po rozci\u0105gni\u0119ciu)<br \/>\n* Szeroko\u015b\u0107 w biodrach: 48-54 cm x 2 (po rozci\u0105gni\u0119ciu)<br \/>\nInformacje o produkcie:<br \/>\n* Materia\u0142: 95% bawe\u0142na, 5% elastan<\/p>\n","protected":false},"excerpt":{"rendered":"<p>Ten dresowy komplet z kamizelk\u0105 i spodniami to idealny wyb\u00f3r, je\u015bli szukasz po\u0142\u0105czenia maksymalnej wygody z modnym wygl\u0105dem. Zosta\u0142 wykonany z mi\u0119kkiej, oddychaj\u0105cej bawe\u0142ny, wi\u0119c \u015bwietnie sprawdzi si\u0119 na co dzie\u0144. Kamizelka z ko\u0142nierzykiem zapinana na praktyczne zatrzaski dodaje ca\u0142o\u015bci nowoczesnego charakteru, a spodnie ze \u015bci\u0105gaczami i gum\u0105 w pasie zapewniaj\u0105 pe\u0142n\u0105 swobod\u0119 ruch\u00f3w. To [&hellip;]<\/p>\n","protected":false},"featured_media":8573,"comment_status":"open","ping_status":"closed","template":"","meta":{"_acf_changed":false},"pwb-brand":[],"product_brand":[],"product_cat":[226],"product_tag":[],"class_list":{"0":"post-8607","1":"product","2":"type-product","3":"status-publish","4":"has-post-thumbnail","6":"product_cat-komplety","8":"first","9":"instock","10":"taxable","11":"shipping-taxable","12":"purchasable","13":"product-type-variable"},"acf":[],"brands":[],"_links":{"self":[{"href":"https:\/\/test.wa-wi.pl\/index.php\/wp-json\/wp\/v2\/product\/8607","targetHints":{"allow":["GET"]}}],"collection":[{"href":"https:\/\/test.wa-wi.pl\/index.php\/wp-json\/wp\/v2\/product"}],"about":[{"href":"https:\/\/test.wa-wi.pl\/index.php\/wp-json\/wp\/v2\/types\/product"}],"replies":[{"embeddable":true,"href":"https:\/\/test.wa-wi.pl\/index.php\/wp-json\/wp\/v2\/comments?post=8607"}],"wp:featuredmedia":[{"embeddable":true,"href":"https:\/\/test.wa-wi.pl\/index.php\/wp-json\/wp\/v2\/media\/8573"}],"wp:attachment":[{"href":"https:\/\/test.wa-wi.pl\/index.php\/wp-json\/wp\/v2\/media?parent=8607"}],"wp:term":[{"taxonomy":"pwb-brand","embeddable":true,"href":"https:\/\/test.wa-wi.pl\/index.php\/wp-json\/wp\/v2\/pwb-brand?post=8607"},{"taxonomy":"product_brand","embeddable":true,"href":"https:\/\/test.wa-wi.pl\/index.php\/wp-json\/wp\/v2\/product_brand?post=8607"},{"taxonomy":"product_cat","embeddable":true,"href":"https:\/\/test.wa-wi.pl\/index.php\/wp-json\/wp\/v2\/product_cat?post=8607"},{"taxonomy":"product_tag","embeddable":true,"href":"https:\/\/test.wa-wi.pl\/index.php\/wp-json\/wp\/v2\/product_tag?post=8607"}],"curies":[{"name":"wp","href":"https:\/\/api.w.org\/{rel}","templated":true}]}}