{"id":8604,"date":"2026-02-13T23:51:30","date_gmt":"2026-02-13T22:51:30","guid":{"rendered":"https:\/\/test.wa-wi.pl\/?post_type=product&#038;p=8604"},"modified":"2026-02-13T23:55:10","modified_gmt":"2026-02-13T22:55:10","slug":"pastelowy-sweter-glam","status":"publish","type":"product","link":"https:\/\/test.wa-wi.pl\/index.php\/produkt\/pastelowy-sweter-glam\/","title":{"rendered":"Pastelowy sweter Glam"},"content":{"rendered":"<p>Pastelowy azurowy splot i kobiecy kr\u00f3j z odkrytymi plecami \ud83d\udc97<br \/>\nLekka bawe\u0142niana prz\u0119dza premium, idealna na wiosn\u0119 i lato.<br \/>\nStyl, kt\u00f3ry przyci\u0105ga spojrzenia.<\/p>\n","protected":false},"excerpt":{"rendered":"<p>Pastelowy azurowy splot i kobiecy kr\u00f3j z odkrytymi plecami \ud83d\udc97 Lekka bawe\u0142niana prz\u0119dza premium, idealna na wiosn\u0119 i lato. Styl, kt\u00f3ry przyci\u0105ga spojrzenia.<\/p>\n","protected":false},"featured_media":8563,"comment_status":"open","ping_status":"closed","template":"","meta":{"_acf_changed":false},"pwb-brand":[],"product_brand":[],"product_cat":[176],"product_tag":[],"class_list":{"0":"post-8604","1":"product","2":"type-product","3":"status-publish","4":"has-post-thumbnail","6":"product_cat-swetry","8":"first","9":"instock","10":"taxable","11":"shipping-taxable","12":"purchasable","13":"product-type-variable"},"acf":[],"brands":[],"_links":{"self":[{"href":"https:\/\/test.wa-wi.pl\/index.php\/wp-json\/wp\/v2\/product\/8604","targetHints":{"allow":["GET"]}}],"collection":[{"href":"https:\/\/test.wa-wi.pl\/index.php\/wp-json\/wp\/v2\/product"}],"about":[{"href":"https:\/\/test.wa-wi.pl\/index.php\/wp-json\/wp\/v2\/types\/product"}],"replies":[{"embeddable":true,"href":"https:\/\/test.wa-wi.pl\/index.php\/wp-json\/wp\/v2\/comments?post=8604"}],"wp:featuredmedia":[{"embeddable":true,"href":"https:\/\/test.wa-wi.pl\/index.php\/wp-json\/wp\/v2\/media\/8563"}],"wp:attachment":[{"href":"https:\/\/test.wa-wi.pl\/index.php\/wp-json\/wp\/v2\/media?parent=8604"}],"wp:term":[{"taxonomy":"pwb-brand","embeddable":true,"href":"https:\/\/test.wa-wi.pl\/index.php\/wp-json\/wp\/v2\/pwb-brand?post=8604"},{"taxonomy":"product_brand","embeddable":true,"href":"https:\/\/test.wa-wi.pl\/index.php\/wp-json\/wp\/v2\/product_brand?post=8604"},{"taxonomy":"product_cat","embeddable":true,"href":"https:\/\/test.wa-wi.pl\/index.php\/wp-json\/wp\/v2\/product_cat?post=8604"},{"taxonomy":"product_tag","embeddable":true,"href":"https:\/\/test.wa-wi.pl\/index.php\/wp-json\/wp\/v2\/product_tag?post=8604"}],"curies":[{"name":"wp","href":"https:\/\/api.w.org\/{rel}","templated":true}]}}