{"id":8601,"date":"2026-02-15T21:18:39","date_gmt":"2026-02-15T20:18:39","guid":{"rendered":"https:\/\/test.wa-wi.pl\/?post_type=product&#038;p=8601"},"modified":"2026-02-22T19:19:00","modified_gmt":"2026-02-22T18:19:00","slug":"elegant-lounge-set-roz-glam","status":"publish","type":"product","link":"https:\/\/test.wa-wi.pl\/index.php\/produkt\/elegant-lounge-set-roz-glam\/","title":{"rendered":"Elegant Lounge Set \u2013 R\u00f3\u017c Glam"},"content":{"rendered":"<p>Stylowy komplet sk\u0142adaj\u0105cy si\u0119 z kr\u00f3tkiej marynarki o kopertowym kroju oraz lu\u017anych spodni z gumk\u0105 w pasie i wi\u0105zaniem. Model \u015bwietnie uk\u0142ada si\u0119 na sylwetce i zapewnia wygod\u0119 noszenia. Idealny zar\u00f3wno na co dzie\u0144, jak i na wyj\u015bcia. Rozmiar uniwersalny.<\/p>\n<p>MARYNARKA<\/p>\n<p>Rozmiar Uni<br \/>\nSzeroko\u015b\u0107 w biu\u015bcie (cm) 52<br \/>\nD\u0142ugo\u015b\u0107 ca\u0142kowita (cm) 44<br \/>\nSpodnie<\/p>\n<p>Rozmiar uniwersalny<br \/>\nSzeroko\u015b\u0107 w pasie(cm) 35-55<br \/>\nSzeroko\u015b\u0107 w biodrach(cm) 64<br \/>\nD\u0142ugo\u015b\u0107 ca\u0142kowita (cm) 99<\/p>\n<p>Produkt polski<br \/>\nSk\u0142ad 95% bawe\u0142na, 5% spandex (elastan)<\/p>\n<p>Modelka ma 170 cm wzrostu<\/p>\n","protected":false},"excerpt":{"rendered":"<p>Stylowy komplet sk\u0142adaj\u0105cy si\u0119 z kr\u00f3tkiej marynarki o kopertowym kroju oraz lu\u017anych spodni z gumk\u0105 w pasie i wi\u0105zaniem. Model \u015bwietnie uk\u0142ada si\u0119 na sylwetce i zapewnia wygod\u0119 noszenia. Idealny zar\u00f3wno na co dzie\u0144, jak i na wyj\u015bcia. Rozmiar uniwersalny. MARYNARKA Rozmiar Uni Szeroko\u015b\u0107 w biu\u015bcie (cm) 52 D\u0142ugo\u015b\u0107 ca\u0142kowita (cm) 44 Spodnie Rozmiar uniwersalny [&hellip;]<\/p>\n","protected":false},"featured_media":8657,"comment_status":"open","ping_status":"closed","template":"","meta":{"_acf_changed":false},"pwb-brand":[],"product_brand":[],"product_cat":[226,181],"product_tag":[],"class_list":{"0":"post-8601","1":"product","2":"type-product","3":"status-publish","4":"has-post-thumbnail","6":"product_cat-komplety","7":"product_cat-strona-glowna","9":"first","10":"instock","11":"taxable","12":"shipping-taxable","13":"purchasable","14":"product-type-variable"},"acf":[],"brands":[],"_links":{"self":[{"href":"https:\/\/test.wa-wi.pl\/index.php\/wp-json\/wp\/v2\/product\/8601","targetHints":{"allow":["GET"]}}],"collection":[{"href":"https:\/\/test.wa-wi.pl\/index.php\/wp-json\/wp\/v2\/product"}],"about":[{"href":"https:\/\/test.wa-wi.pl\/index.php\/wp-json\/wp\/v2\/types\/product"}],"replies":[{"embeddable":true,"href":"https:\/\/test.wa-wi.pl\/index.php\/wp-json\/wp\/v2\/comments?post=8601"}],"wp:featuredmedia":[{"embeddable":true,"href":"https:\/\/test.wa-wi.pl\/index.php\/wp-json\/wp\/v2\/media\/8657"}],"wp:attachment":[{"href":"https:\/\/test.wa-wi.pl\/index.php\/wp-json\/wp\/v2\/media?parent=8601"}],"wp:term":[{"taxonomy":"pwb-brand","embeddable":true,"href":"https:\/\/test.wa-wi.pl\/index.php\/wp-json\/wp\/v2\/pwb-brand?post=8601"},{"taxonomy":"product_brand","embeddable":true,"href":"https:\/\/test.wa-wi.pl\/index.php\/wp-json\/wp\/v2\/product_brand?post=8601"},{"taxonomy":"product_cat","embeddable":true,"href":"https:\/\/test.wa-wi.pl\/index.php\/wp-json\/wp\/v2\/product_cat?post=8601"},{"taxonomy":"product_tag","embeddable":true,"href":"https:\/\/test.wa-wi.pl\/index.php\/wp-json\/wp\/v2\/product_tag?post=8601"}],"curies":[{"name":"wp","href":"https:\/\/api.w.org\/{rel}","templated":true}]}}