{"id":8599,"date":"2026-02-13T23:42:32","date_gmt":"2026-02-13T22:42:32","guid":{"rendered":"https:\/\/test.wa-wi.pl\/?post_type=product&#038;p=8599"},"modified":"2026-02-13T23:48:07","modified_gmt":"2026-02-13T22:48:07","slug":"flower-dream-set-zolty-glam","status":"publish","type":"product","link":"https:\/\/test.wa-wi.pl\/index.php\/produkt\/flower-dream-set-zolty-glam\/","title":{"rendered":"Flower Dream Set \u2013 \u017b\u00f3\u0142ty Glam"},"content":{"rendered":"<p>Komplet w kwiatowy wz\u00f3r sk\u0142adaj\u0105cy si\u0119 z kr\u00f3tkiego topu na cienkich rami\u0105czkach oraz spodni z wysokim stanem i szerok\u0105 nogawk\u0105. Top posiada profilowane miseczki, kt\u00f3re pi\u0119knie modeluj\u0105 biust. Spodnie zapewniaj\u0105 swobod\u0119 ruch\u00f3w i wygod\u0119 noszenia. Idealny zestaw na wiosn\u0119 i lato. Rozmiar uniwersalny.<\/p>\n<p>Wymiary<\/p>\n<p>Bluzka:<\/p>\n<p>Biust:50\u00d72<\/p>\n<p>Pas:33-43\u00d72<\/p>\n<p>D\u0142ugo\u015b\u0107:27cm (bez rami\u0105czek)<\/p>\n<p>&nbsp;<\/p>\n<p>Spodnie:<\/p>\n<p>Pas: 36-46\u00d72<\/p>\n<p>Biodra:60\u00d72<\/p>\n<p>D\u0142ugo\u015b\u0107:108cm<\/p>\n","protected":false},"excerpt":{"rendered":"<p>Komplet w kwiatowy wz\u00f3r sk\u0142adaj\u0105cy si\u0119 z kr\u00f3tkiego topu na cienkich rami\u0105czkach oraz spodni z wysokim stanem i szerok\u0105 nogawk\u0105. Top posiada profilowane miseczki, kt\u00f3re pi\u0119knie modeluj\u0105 biust. Spodnie zapewniaj\u0105 swobod\u0119 ruch\u00f3w i wygod\u0119 noszenia. Idealny zestaw na wiosn\u0119 i lato. Rozmiar uniwersalny. Wymiary Bluzka: Biust:50\u00d72 Pas:33-43\u00d72 D\u0142ugo\u015b\u0107:27cm (bez rami\u0105czek) &nbsp; Spodnie: Pas: 36-46\u00d72 Biodra:60\u00d72 [&hellip;]<\/p>\n","protected":false},"featured_media":8558,"comment_status":"open","ping_status":"closed","template":"","meta":{"_acf_changed":false},"pwb-brand":[],"product_brand":[],"product_cat":[226],"product_tag":[],"class_list":{"0":"post-8599","1":"product","2":"type-product","3":"status-publish","4":"has-post-thumbnail","6":"product_cat-komplety","8":"first","9":"instock","10":"taxable","11":"shipping-taxable","12":"purchasable","13":"product-type-variable"},"acf":[],"brands":[],"_links":{"self":[{"href":"https:\/\/test.wa-wi.pl\/index.php\/wp-json\/wp\/v2\/product\/8599","targetHints":{"allow":["GET"]}}],"collection":[{"href":"https:\/\/test.wa-wi.pl\/index.php\/wp-json\/wp\/v2\/product"}],"about":[{"href":"https:\/\/test.wa-wi.pl\/index.php\/wp-json\/wp\/v2\/types\/product"}],"replies":[{"embeddable":true,"href":"https:\/\/test.wa-wi.pl\/index.php\/wp-json\/wp\/v2\/comments?post=8599"}],"wp:featuredmedia":[{"embeddable":true,"href":"https:\/\/test.wa-wi.pl\/index.php\/wp-json\/wp\/v2\/media\/8558"}],"wp:attachment":[{"href":"https:\/\/test.wa-wi.pl\/index.php\/wp-json\/wp\/v2\/media?parent=8599"}],"wp:term":[{"taxonomy":"pwb-brand","embeddable":true,"href":"https:\/\/test.wa-wi.pl\/index.php\/wp-json\/wp\/v2\/pwb-brand?post=8599"},{"taxonomy":"product_brand","embeddable":true,"href":"https:\/\/test.wa-wi.pl\/index.php\/wp-json\/wp\/v2\/product_brand?post=8599"},{"taxonomy":"product_cat","embeddable":true,"href":"https:\/\/test.wa-wi.pl\/index.php\/wp-json\/wp\/v2\/product_cat?post=8599"},{"taxonomy":"product_tag","embeddable":true,"href":"https:\/\/test.wa-wi.pl\/index.php\/wp-json\/wp\/v2\/product_tag?post=8599"}],"curies":[{"name":"wp","href":"https:\/\/api.w.org\/{rel}","templated":true}]}}