{"id":8597,"date":"2026-02-13T23:40:06","date_gmt":"2026-02-13T22:40:06","guid":{"rendered":"https:\/\/test.wa-wi.pl\/?post_type=product&#038;p=8597"},"modified":"2026-02-13T23:48:54","modified_gmt":"2026-02-13T22:48:54","slug":"flower-dream-set-rozowy-glam","status":"publish","type":"product","link":"https:\/\/test.wa-wi.pl\/index.php\/produkt\/flower-dream-set-rozowy-glam\/","title":{"rendered":"Flower Dream Set \u2013 R\u00f3\u017cowy Glam"},"content":{"rendered":"<p>Stylowy komplet w kwiaty sk\u0142adaj\u0105cy si\u0119 z topu na rami\u0105czkach z usztywnianymi miseczkami oraz spodni z szerok\u0105 nogawk\u0105. Model idealnie podkre\u015bla tali\u0119 i sylwetk\u0119, a lekki materia\u0142 sprawia, \u017ce komplet \u015bwietnie sprawdzi si\u0119 w cieplejsze dni. Doskona\u0142y wyb\u00f3r na eleganckie i codzienne stylizacje.<br \/>\nRozmiar uniwersalny.<\/p>\n<p>Wymiary:<\/p>\n<p>Bluzka:<\/p>\n<p>Biust:50\u00d72<\/p>\n<p>Pas:33-43\u00d72<\/p>\n<p>D\u0142ugo\u015b\u0107:27cm (bez rami\u0105czek)<\/p>\n<p>&nbsp;<\/p>\n<p>Spodnie:<\/p>\n<p>Pas: 36-46\u00d72<\/p>\n<p>Biodra:60\u00d72<\/p>\n<p>D\u0142ugo\u015b\u0107:108cm<\/p>\n","protected":false},"excerpt":{"rendered":"<p>Stylowy komplet w kwiaty sk\u0142adaj\u0105cy si\u0119 z topu na rami\u0105czkach z usztywnianymi miseczkami oraz spodni z szerok\u0105 nogawk\u0105. Model idealnie podkre\u015bla tali\u0119 i sylwetk\u0119, a lekki materia\u0142 sprawia, \u017ce komplet \u015bwietnie sprawdzi si\u0119 w cieplejsze dni. Doskona\u0142y wyb\u00f3r na eleganckie i codzienne stylizacje. Rozmiar uniwersalny. Wymiary: Bluzka: Biust:50\u00d72 Pas:33-43\u00d72 D\u0142ugo\u015b\u0107:27cm (bez rami\u0105czek) &nbsp; Spodnie: Pas: [&hellip;]<\/p>\n","protected":false},"featured_media":8557,"comment_status":"open","ping_status":"closed","template":"","meta":{"_acf_changed":false},"pwb-brand":[],"product_brand":[],"product_cat":[226],"product_tag":[],"class_list":{"0":"post-8597","1":"product","2":"type-product","3":"status-publish","4":"has-post-thumbnail","6":"product_cat-komplety","8":"first","9":"instock","10":"taxable","11":"shipping-taxable","12":"purchasable","13":"product-type-variable"},"acf":[],"brands":[],"_links":{"self":[{"href":"https:\/\/test.wa-wi.pl\/index.php\/wp-json\/wp\/v2\/product\/8597","targetHints":{"allow":["GET"]}}],"collection":[{"href":"https:\/\/test.wa-wi.pl\/index.php\/wp-json\/wp\/v2\/product"}],"about":[{"href":"https:\/\/test.wa-wi.pl\/index.php\/wp-json\/wp\/v2\/types\/product"}],"replies":[{"embeddable":true,"href":"https:\/\/test.wa-wi.pl\/index.php\/wp-json\/wp\/v2\/comments?post=8597"}],"wp:featuredmedia":[{"embeddable":true,"href":"https:\/\/test.wa-wi.pl\/index.php\/wp-json\/wp\/v2\/media\/8557"}],"wp:attachment":[{"href":"https:\/\/test.wa-wi.pl\/index.php\/wp-json\/wp\/v2\/media?parent=8597"}],"wp:term":[{"taxonomy":"pwb-brand","embeddable":true,"href":"https:\/\/test.wa-wi.pl\/index.php\/wp-json\/wp\/v2\/pwb-brand?post=8597"},{"taxonomy":"product_brand","embeddable":true,"href":"https:\/\/test.wa-wi.pl\/index.php\/wp-json\/wp\/v2\/product_brand?post=8597"},{"taxonomy":"product_cat","embeddable":true,"href":"https:\/\/test.wa-wi.pl\/index.php\/wp-json\/wp\/v2\/product_cat?post=8597"},{"taxonomy":"product_tag","embeddable":true,"href":"https:\/\/test.wa-wi.pl\/index.php\/wp-json\/wp\/v2\/product_tag?post=8597"}],"curies":[{"name":"wp","href":"https:\/\/api.w.org\/{rel}","templated":true}]}}