{"id":8592,"date":"2026-02-13T23:37:23","date_gmt":"2026-02-13T22:37:23","guid":{"rendered":"https:\/\/test.wa-wi.pl\/?post_type=product&#038;p=8592"},"modified":"2026-02-22T19:11:15","modified_gmt":"2026-02-22T18:11:15","slug":"spodnie-bojowki-zielone-la-milla","status":"publish","type":"product","link":"https:\/\/test.wa-wi.pl\/index.php\/produkt\/spodnie-bojowki-zielone-la-milla\/","title":{"rendered":"Spodnie Boj\u00f3wki Zielone La Milla"},"content":{"rendered":"<p>Postaw na wygod\u0119 w modnym wydaniu! Te boj\u00f3wki to hit, kt\u00f3ry \u0142\u0105czy streetwearowy luz z kobiecym stylem. Zosta\u0142y wykonane z solidnego, a przy tym mi\u0142ego w dotyku materia\u0142u, kt\u00f3ry \u015bwietnie si\u0119 nosi. Wysoki stan \u0142adnie podkre\u015bla tali\u0119, a proste, d\u0142ugie nogawki optycznie wyd\u0142u\u017caj\u0105 sylwetk\u0119. Praktyczne, naszywane kieszenie dodaj\u0105 im charakteru i modowego pazura. To idealna baza do codziennych stylizacji \u2013 pasuj\u0105 zar\u00f3wno do kr\u00f3tkiego topu, jak i lu\u017anej bluzy czy koszuli.<br \/>\nWymiary:<br \/>\nRozmiar XS<br \/>\n* Pas: 34 cm x 2<br \/>\n* Biodra: 43-45 cm x 2<br \/>\n* Nogawka od kroku: 83 cm<br \/>\n* D\u0142ugo\u015b\u0107 ca\u0142kowita: 115 cm<br \/>\nRozmiar S<br \/>\n* Pas: 37 cm x 2<br \/>\n* Biodra: 43-47 cm x 2<br \/>\n* Nogawka od kroku: 84 cm<br \/>\n* D\u0142ugo\u015b\u0107 ca\u0142kowita: 113 cm<br \/>\nRozmiar M<br \/>\n* Pas: 38 cm x 2<br \/>\n* Biodra: 45-49 cm x 2<br \/>\n* Nogawka od kroku: 82 cm<br \/>\n* D\u0142ugo\u015b\u0107 ca\u0142kowita: 115 cm<br \/>\nRozmiar L<br \/>\n* Pas: 41 cm x 2<br \/>\n* Biodra: 51-55 cm x 2<br \/>\n* Nogawka od kroku: 83 cm<br \/>\n* D\u0142ugo\u015b\u0107 ca\u0142kowita: 116 cm<\/p>\n","protected":false},"excerpt":{"rendered":"<p>Postaw na wygod\u0119 w modnym wydaniu! Te boj\u00f3wki to hit, kt\u00f3ry \u0142\u0105czy streetwearowy luz z kobiecym stylem. Zosta\u0142y wykonane z solidnego, a przy tym mi\u0142ego w dotyku materia\u0142u, kt\u00f3ry \u015bwietnie si\u0119 nosi. Wysoki stan \u0142adnie podkre\u015bla tali\u0119, a proste, d\u0142ugie nogawki optycznie wyd\u0142u\u017caj\u0105 sylwetk\u0119. Praktyczne, naszywane kieszenie dodaj\u0105 im charakteru i modowego pazura. To idealna [&hellip;]<\/p>\n","protected":false},"featured_media":8536,"comment_status":"open","ping_status":"closed","template":"","meta":{"_acf_changed":false},"pwb-brand":[],"product_brand":[],"product_cat":[208,181],"product_tag":[],"class_list":{"0":"post-8592","1":"product","2":"type-product","3":"status-publish","4":"has-post-thumbnail","6":"product_cat-spodnie","7":"product_cat-strona-glowna","9":"first","10":"instock","11":"taxable","12":"shipping-taxable","13":"purchasable","14":"product-type-variable"},"acf":[],"brands":[],"_links":{"self":[{"href":"https:\/\/test.wa-wi.pl\/index.php\/wp-json\/wp\/v2\/product\/8592","targetHints":{"allow":["GET"]}}],"collection":[{"href":"https:\/\/test.wa-wi.pl\/index.php\/wp-json\/wp\/v2\/product"}],"about":[{"href":"https:\/\/test.wa-wi.pl\/index.php\/wp-json\/wp\/v2\/types\/product"}],"replies":[{"embeddable":true,"href":"https:\/\/test.wa-wi.pl\/index.php\/wp-json\/wp\/v2\/comments?post=8592"}],"wp:featuredmedia":[{"embeddable":true,"href":"https:\/\/test.wa-wi.pl\/index.php\/wp-json\/wp\/v2\/media\/8536"}],"wp:attachment":[{"href":"https:\/\/test.wa-wi.pl\/index.php\/wp-json\/wp\/v2\/media?parent=8592"}],"wp:term":[{"taxonomy":"pwb-brand","embeddable":true,"href":"https:\/\/test.wa-wi.pl\/index.php\/wp-json\/wp\/v2\/pwb-brand?post=8592"},{"taxonomy":"product_brand","embeddable":true,"href":"https:\/\/test.wa-wi.pl\/index.php\/wp-json\/wp\/v2\/product_brand?post=8592"},{"taxonomy":"product_cat","embeddable":true,"href":"https:\/\/test.wa-wi.pl\/index.php\/wp-json\/wp\/v2\/product_cat?post=8592"},{"taxonomy":"product_tag","embeddable":true,"href":"https:\/\/test.wa-wi.pl\/index.php\/wp-json\/wp\/v2\/product_tag?post=8592"}],"curies":[{"name":"wp","href":"https:\/\/api.w.org\/{rel}","templated":true}]}}