{"id":8590,"date":"2026-02-13T23:32:53","date_gmt":"2026-02-13T22:32:53","guid":{"rendered":"https:\/\/test.wa-wi.pl\/?post_type=product&#038;p=8590"},"modified":"2026-02-13T23:32:53","modified_gmt":"2026-02-13T22:32:53","slug":"koszula-krawat-bezowa","status":"publish","type":"product","link":"https:\/\/test.wa-wi.pl\/index.php\/produkt\/koszula-krawat-bezowa\/","title":{"rendered":"Koszula Krawat Be\u017cowa"},"content":{"rendered":"<p>Ta bawe\u0142niana koszula to idealny miks m\u0119skiego stylu z kobiec\u0105 lekko\u015bci\u0105. Dzi\u0119ki lu\u017anemu krojowi oversize poczujesz si\u0119 w niej swobodnie, a klasyczny ko\u0142nierzyk i szerokie mankiety dodadz\u0105 Ci elegancji z nutk\u0105 nonszalancji. Najwi\u0119kszym hitem jest do\u0142\u0105czony krawat z logo, kt\u00f3ry totalnie zmienia charakter ca\u0142ej stylizacji i pozwala Ci si\u0119 wyr\u00f3\u017cni\u0107. To \u015bwietna baza, je\u015bli lubisz modny, miejski look w wygodnym wydaniu.<\/p>\n<p>&nbsp;<\/p>\n<p>Materia\u0142: 100% bawe\u0142na<\/p>\n<p>&nbsp;<\/p>\n<p>&nbsp;<\/p>\n<p>Wymiary:<\/p>\n<p>Rozmiar: UNIWERSALNY<br \/>\nd\u0142. ca\u0142kowita: 66 cm<br \/>\nszer. biust: 62 cm x 2<br \/>\nszer. d\u00f3\u0142: 62 cm x 2<\/p>\n<p>Ubrania mierzone na p\u0142asko. Poszczeg\u00f3lne wymiary mog\u0105 r\u00f3\u017cni\u0107 si\u0119 +\/-2 cm.<\/p>\n","protected":false},"excerpt":{"rendered":"<p>Ta bawe\u0142niana koszula to idealny miks m\u0119skiego stylu z kobiec\u0105 lekko\u015bci\u0105. Dzi\u0119ki lu\u017anemu krojowi oversize poczujesz si\u0119 w niej swobodnie, a klasyczny ko\u0142nierzyk i szerokie mankiety dodadz\u0105 Ci elegancji z nutk\u0105 nonszalancji. Najwi\u0119kszym hitem jest do\u0142\u0105czony krawat z logo, kt\u00f3ry totalnie zmienia charakter ca\u0142ej stylizacji i pozwala Ci si\u0119 wyr\u00f3\u017cni\u0107. To \u015bwietna baza, je\u015bli lubisz [&hellip;]<\/p>\n","protected":false},"featured_media":8552,"comment_status":"open","ping_status":"closed","template":"","meta":{"_acf_changed":false},"pwb-brand":[],"product_brand":[],"product_cat":[249],"product_tag":[],"class_list":{"0":"post-8590","1":"product","2":"type-product","3":"status-publish","4":"has-post-thumbnail","6":"product_cat-koszule","8":"first","9":"instock","10":"taxable","11":"shipping-taxable","12":"purchasable","13":"product-type-variable"},"acf":[],"brands":[],"_links":{"self":[{"href":"https:\/\/test.wa-wi.pl\/index.php\/wp-json\/wp\/v2\/product\/8590","targetHints":{"allow":["GET"]}}],"collection":[{"href":"https:\/\/test.wa-wi.pl\/index.php\/wp-json\/wp\/v2\/product"}],"about":[{"href":"https:\/\/test.wa-wi.pl\/index.php\/wp-json\/wp\/v2\/types\/product"}],"replies":[{"embeddable":true,"href":"https:\/\/test.wa-wi.pl\/index.php\/wp-json\/wp\/v2\/comments?post=8590"}],"wp:featuredmedia":[{"embeddable":true,"href":"https:\/\/test.wa-wi.pl\/index.php\/wp-json\/wp\/v2\/media\/8552"}],"wp:attachment":[{"href":"https:\/\/test.wa-wi.pl\/index.php\/wp-json\/wp\/v2\/media?parent=8590"}],"wp:term":[{"taxonomy":"pwb-brand","embeddable":true,"href":"https:\/\/test.wa-wi.pl\/index.php\/wp-json\/wp\/v2\/pwb-brand?post=8590"},{"taxonomy":"product_brand","embeddable":true,"href":"https:\/\/test.wa-wi.pl\/index.php\/wp-json\/wp\/v2\/product_brand?post=8590"},{"taxonomy":"product_cat","embeddable":true,"href":"https:\/\/test.wa-wi.pl\/index.php\/wp-json\/wp\/v2\/product_cat?post=8590"},{"taxonomy":"product_tag","embeddable":true,"href":"https:\/\/test.wa-wi.pl\/index.php\/wp-json\/wp\/v2\/product_tag?post=8590"}],"curies":[{"name":"wp","href":"https:\/\/api.w.org\/{rel}","templated":true}]}}