{"id":8583,"date":"2026-02-13T23:03:57","date_gmt":"2026-02-13T22:03:57","guid":{"rendered":"https:\/\/test.wa-wi.pl\/?post_type=product&#038;p=8583"},"modified":"2026-02-13T23:03:57","modified_gmt":"2026-02-13T22:03:57","slug":"sukienko-marynarka-elegant-z-paskiem-black","status":"publish","type":"product","link":"https:\/\/test.wa-wi.pl\/index.php\/produkt\/sukienko-marynarka-elegant-z-paskiem-black\/","title":{"rendered":"Sukienko &#8211; Marynarka Elegant z Paskiem Black"},"content":{"rendered":"<p>Szukasz marynarko &#8211; sukienki kt\u00f3ra \u0142\u0105czy elegancj\u0119 z nowoczesnym stylem? Ten model to strza\u0142 w dziesi\u0105tk\u0119. Uszyta z porz\u0105dnego materia\u0142u o ciekawej strukturze, \u015bwietnie le\u017cy i nie traci fasonu. Do\u0142\u0105czony pasek z metalow\u0105 klamr\u0105 pozwoli Ci idealnie podkre\u015bli\u0107 tali\u0119, a subtelne nity na r\u0119kawach dodaj\u0105 ca\u0142o\u015bci modowego pazura. To idealna baza do pracy czy na spotkanie, w kt\u00f3rej zawsze b\u0119dziesz wygl\u0105da\u0107 profesjonalnie i kobieco.<\/p>\n<p>WYMIARY:<br \/>\nUNI: d\u0142. ca\u0142kowita 80 cm, biust 51 cm, r\u0119kaw 62 cm, ramiona 50 cm,<\/p>\n<p>SK\u0141AD:<br \/>\n95% wiskoza<br \/>\n5% elastan<\/p>\n<p>PRODUKT POLSKI<\/p>\n<p>Ubranie mierzone na p\u0142asko. Mo\u017cliwa r\u00f3\u017cnica w wymiarach +\/<\/p>\n","protected":false},"excerpt":{"rendered":"<p>Szukasz marynarko &#8211; sukienki kt\u00f3ra \u0142\u0105czy elegancj\u0119 z nowoczesnym stylem? Ten model to strza\u0142 w dziesi\u0105tk\u0119. Uszyta z porz\u0105dnego materia\u0142u o ciekawej strukturze, \u015bwietnie le\u017cy i nie traci fasonu. Do\u0142\u0105czony pasek z metalow\u0105 klamr\u0105 pozwoli Ci idealnie podkre\u015bli\u0107 tali\u0119, a subtelne nity na r\u0119kawach dodaj\u0105 ca\u0142o\u015bci modowego pazura. To idealna baza do pracy czy na [&hellip;]<\/p>\n","protected":false},"featured_media":8549,"comment_status":"open","ping_status":"closed","template":"","meta":{"_acf_changed":false},"pwb-brand":[],"product_brand":[],"product_cat":[179],"product_tag":[],"class_list":{"0":"post-8583","1":"product","2":"type-product","3":"status-publish","4":"has-post-thumbnail","6":"product_cat-sukienki","8":"first","9":"outofstock","10":"taxable","11":"shipping-taxable","12":"purchasable","13":"product-type-variable"},"acf":[],"brands":[],"_links":{"self":[{"href":"https:\/\/test.wa-wi.pl\/index.php\/wp-json\/wp\/v2\/product\/8583","targetHints":{"allow":["GET"]}}],"collection":[{"href":"https:\/\/test.wa-wi.pl\/index.php\/wp-json\/wp\/v2\/product"}],"about":[{"href":"https:\/\/test.wa-wi.pl\/index.php\/wp-json\/wp\/v2\/types\/product"}],"replies":[{"embeddable":true,"href":"https:\/\/test.wa-wi.pl\/index.php\/wp-json\/wp\/v2\/comments?post=8583"}],"wp:featuredmedia":[{"embeddable":true,"href":"https:\/\/test.wa-wi.pl\/index.php\/wp-json\/wp\/v2\/media\/8549"}],"wp:attachment":[{"href":"https:\/\/test.wa-wi.pl\/index.php\/wp-json\/wp\/v2\/media?parent=8583"}],"wp:term":[{"taxonomy":"pwb-brand","embeddable":true,"href":"https:\/\/test.wa-wi.pl\/index.php\/wp-json\/wp\/v2\/pwb-brand?post=8583"},{"taxonomy":"product_brand","embeddable":true,"href":"https:\/\/test.wa-wi.pl\/index.php\/wp-json\/wp\/v2\/product_brand?post=8583"},{"taxonomy":"product_cat","embeddable":true,"href":"https:\/\/test.wa-wi.pl\/index.php\/wp-json\/wp\/v2\/product_cat?post=8583"},{"taxonomy":"product_tag","embeddable":true,"href":"https:\/\/test.wa-wi.pl\/index.php\/wp-json\/wp\/v2\/product_tag?post=8583"}],"curies":[{"name":"wp","href":"https:\/\/api.w.org\/{rel}","templated":true}]}}