{"id":8480,"date":"2026-02-11T10:14:39","date_gmt":"2026-02-11T09:14:39","guid":{"rendered":"https:\/\/test.wa-wi.pl\/?post_type=product&#038;p=8480"},"modified":"2026-02-11T23:21:03","modified_gmt":"2026-02-11T22:21:03","slug":"bluza-z-kapturem-la-milla","status":"publish","type":"product","link":"https:\/\/test.wa-wi.pl\/index.php\/produkt\/bluza-z-kapturem-la-milla\/","title":{"rendered":"Bluza Kangurka La Milla zielona"},"content":{"rendered":"<p><strong><br \/>\n<\/strong>Lekka bluza z kapturem to idealna propozycja na wiosenne spacery oraz ch\u0142odniejsze, letnie wieczory. Zosta\u0142a uszyta z przyjemnej w dotyku dzianiny o optymalnej grubo\u015bci, dzi\u0119ki czemu zapewnia wyj\u0105tkowy komfort noszenia bez zb\u0119dnego przegrzewania sylwetki. Lu\u017any kr\u00f3j oraz praktyczna kiesze\u0144 typu kangurka nadaj\u0105 jej nowoczesnego, sportowego charakteru, kt\u00f3ry \u015bwietnie wpisuje si\u0119 w miejskie stylizacje. Model ten gwarantuje pe\u0142n\u0105 swobod\u0119 ruch\u00f3w i fantastycznie komponuje si\u0119 zar\u00f3wno z klasycznymi jeansami, jak i dopasowanymi legginsami czy kr\u00f3tkimi spodenkami.<strong><br \/>\nWYMIARY:<\/strong><br \/>\n&#8211; d\u0142. ca\u0142kowita 60 cm<br \/>\n&#8211; biust 66 cm<br \/>\n&#8211; r\u0119kaw 50 cm<br \/>\n&#8211; ramiona 81 cm<\/p>\n<p>Ubranie mierzone na p\u0142asko. Mo\u017cliwa r\u00f3\u017cnica w wymiarach +\/- 2cm.<\/p>\n","protected":false},"excerpt":{"rendered":"<p>Lekka bluza z kapturem to idealna propozycja na wiosenne spacery oraz ch\u0142odniejsze, letnie wieczory. Zosta\u0142a uszyta z przyjemnej w dotyku dzianiny o optymalnej grubo\u015bci, dzi\u0119ki czemu zapewnia wyj\u0105tkowy komfort noszenia bez zb\u0119dnego przegrzewania sylwetki. Lu\u017any kr\u00f3j oraz praktyczna kiesze\u0144 typu kangurka nadaj\u0105 jej nowoczesnego, sportowego charakteru, kt\u00f3ry \u015bwietnie wpisuje si\u0119 w miejskie stylizacje. Model ten [&hellip;]<\/p>\n","protected":false},"featured_media":8301,"comment_status":"open","ping_status":"closed","template":"","meta":{"_acf_changed":false},"pwb-brand":[],"product_brand":[],"product_cat":[222],"product_tag":[],"class_list":{"0":"post-8480","1":"product","2":"type-product","3":"status-publish","4":"has-post-thumbnail","6":"product_cat-bluzy","8":"first","9":"outofstock","10":"taxable","11":"shipping-taxable","12":"purchasable","13":"product-type-variable"},"acf":[],"brands":[],"_links":{"self":[{"href":"https:\/\/test.wa-wi.pl\/index.php\/wp-json\/wp\/v2\/product\/8480","targetHints":{"allow":["GET"]}}],"collection":[{"href":"https:\/\/test.wa-wi.pl\/index.php\/wp-json\/wp\/v2\/product"}],"about":[{"href":"https:\/\/test.wa-wi.pl\/index.php\/wp-json\/wp\/v2\/types\/product"}],"replies":[{"embeddable":true,"href":"https:\/\/test.wa-wi.pl\/index.php\/wp-json\/wp\/v2\/comments?post=8480"}],"wp:featuredmedia":[{"embeddable":true,"href":"https:\/\/test.wa-wi.pl\/index.php\/wp-json\/wp\/v2\/media\/8301"}],"wp:attachment":[{"href":"https:\/\/test.wa-wi.pl\/index.php\/wp-json\/wp\/v2\/media?parent=8480"}],"wp:term":[{"taxonomy":"pwb-brand","embeddable":true,"href":"https:\/\/test.wa-wi.pl\/index.php\/wp-json\/wp\/v2\/pwb-brand?post=8480"},{"taxonomy":"product_brand","embeddable":true,"href":"https:\/\/test.wa-wi.pl\/index.php\/wp-json\/wp\/v2\/product_brand?post=8480"},{"taxonomy":"product_cat","embeddable":true,"href":"https:\/\/test.wa-wi.pl\/index.php\/wp-json\/wp\/v2\/product_cat?post=8480"},{"taxonomy":"product_tag","embeddable":true,"href":"https:\/\/test.wa-wi.pl\/index.php\/wp-json\/wp\/v2\/product_tag?post=8480"}],"curies":[{"name":"wp","href":"https:\/\/api.w.org\/{rel}","templated":true}]}}