{"id":8469,"date":"2026-02-11T09:59:21","date_gmt":"2026-02-11T08:59:21","guid":{"rendered":"https:\/\/test.wa-wi.pl\/?post_type=product&#038;p=8469"},"modified":"2026-02-11T22:59:50","modified_gmt":"2026-02-11T21:59:50","slug":"koszula-z-krawatem-la-milla","status":"publish","type":"product","link":"https:\/\/test.wa-wi.pl\/index.php\/produkt\/koszula-z-krawatem-la-milla\/","title":{"rendered":"koszula z krawatem La Milla Pink"},"content":{"rendered":"<p>Szukasz czego\u015b klasycznego, ale z pomys\u0142em? Ta koszula od polskiej marki La Milla \u0142\u0105czy biurowy szyk z modowym luzem. Jest lekka, wygodna i przyci\u0105ga wzrok dzi\u0119ki nietypowym detalom.<\/p>\n<p>Krawat w zestawie: Mo\u017cesz go nosi\u0107 tak, jak lubisz, albo ca\u0142kowicie zdj\u0105\u0107 \u2013 jedna koszula, wiele mo\u017cliwo\u015bci.<\/p>\n<p>Wyszczuplaj\u0105cy wz\u00f3r: Delikatne pionowe paski optycznie wysmuklaj\u0105 sylwetk\u0119.<\/p>\n<p>100% Bawe\u0142na: Naturalny materia\u0142, w kt\u00f3rym sk\u00f3ra oddycha. Idealna na d\u0142ugie dni w pracy czy na mie\u015bcie.<\/p>\n<p>Lu\u017any kr\u00f3j: Rozmiar uniwersalny, kt\u00f3ry dobrze le\u017cy na ka\u017cdej sylwetce.<\/p>\n<p>Wymiary: D\u0142ugo\u015b\u0107 66 cm, szeroko\u015b\u0107 pod pachami 62 cm.<\/p>\n","protected":false},"excerpt":{"rendered":"<p>Szukasz czego\u015b klasycznego, ale z pomys\u0142em? Ta koszula od polskiej marki La Milla \u0142\u0105czy biurowy szyk z modowym luzem. Jest lekka, wygodna i przyci\u0105ga wzrok dzi\u0119ki nietypowym detalom. Krawat w zestawie: Mo\u017cesz go nosi\u0107 tak, jak lubisz, albo ca\u0142kowicie zdj\u0105\u0107 \u2013 jedna koszula, wiele mo\u017cliwo\u015bci. Wyszczuplaj\u0105cy wz\u00f3r: Delikatne pionowe paski optycznie wysmuklaj\u0105 sylwetk\u0119. 100% Bawe\u0142na: [&hellip;]<\/p>\n","protected":false},"featured_media":8291,"comment_status":"open","ping_status":"closed","template":"","meta":{"_acf_changed":false},"pwb-brand":[],"product_brand":[],"product_cat":[202],"product_tag":[],"class_list":{"0":"post-8469","1":"product","2":"type-product","3":"status-publish","4":"has-post-thumbnail","6":"product_cat-bluzki","8":"first","9":"instock","10":"taxable","11":"shipping-taxable","12":"purchasable","13":"product-type-variable"},"acf":[],"brands":[],"_links":{"self":[{"href":"https:\/\/test.wa-wi.pl\/index.php\/wp-json\/wp\/v2\/product\/8469","targetHints":{"allow":["GET"]}}],"collection":[{"href":"https:\/\/test.wa-wi.pl\/index.php\/wp-json\/wp\/v2\/product"}],"about":[{"href":"https:\/\/test.wa-wi.pl\/index.php\/wp-json\/wp\/v2\/types\/product"}],"replies":[{"embeddable":true,"href":"https:\/\/test.wa-wi.pl\/index.php\/wp-json\/wp\/v2\/comments?post=8469"}],"wp:featuredmedia":[{"embeddable":true,"href":"https:\/\/test.wa-wi.pl\/index.php\/wp-json\/wp\/v2\/media\/8291"}],"wp:attachment":[{"href":"https:\/\/test.wa-wi.pl\/index.php\/wp-json\/wp\/v2\/media?parent=8469"}],"wp:term":[{"taxonomy":"pwb-brand","embeddable":true,"href":"https:\/\/test.wa-wi.pl\/index.php\/wp-json\/wp\/v2\/pwb-brand?post=8469"},{"taxonomy":"product_brand","embeddable":true,"href":"https:\/\/test.wa-wi.pl\/index.php\/wp-json\/wp\/v2\/product_brand?post=8469"},{"taxonomy":"product_cat","embeddable":true,"href":"https:\/\/test.wa-wi.pl\/index.php\/wp-json\/wp\/v2\/product_cat?post=8469"},{"taxonomy":"product_tag","embeddable":true,"href":"https:\/\/test.wa-wi.pl\/index.php\/wp-json\/wp\/v2\/product_tag?post=8469"}],"curies":[{"name":"wp","href":"https:\/\/api.w.org\/{rel}","templated":true}]}}