{"id":8459,"date":"2026-02-11T09:08:36","date_gmt":"2026-02-11T08:08:36","guid":{"rendered":"https:\/\/test.wa-wi.pl\/?post_type=product&#038;p=8459"},"modified":"2026-02-11T23:44:12","modified_gmt":"2026-02-11T22:44:12","slug":"bomberka-z-zakladkami-la-milla","status":"publish","type":"product","link":"https:\/\/test.wa-wi.pl\/index.php\/produkt\/bomberka-z-zakladkami-la-milla\/","title":{"rendered":"Bomberka z zak\u0142adkami La Milla"},"content":{"rendered":"<p>Ta kurtka typu bomberka ma bardzo prosty kr\u00f3j, ale dzi\u0119ki ciekawym zak\u0142adkom wygl\u0105da naprawd\u0119 nowocze\u015bnie i inaczej ni\u017c zwyk\u0142e ubrania. Mo\u017cesz j\u0105 nosi\u0107 na co dzie\u0144 do wszystkiego, bo \u015bwietnie wygl\u0105da zar\u00f3wno z jeansami, jak i z ulubion\u0105 sukienk\u0105 czy sp\u00f3dnic\u0105. Jest to bardzo wygodna i praktyczna rzecz, kt\u00f3ra przyci\u0105ga wzrok i pasuje na wiele r\u00f3\u017cnych okazji. To idealne rozwi\u0105zanie, je\u015bli szukasz czego\u015b uniwersalnego, co pozwoli Ci czu\u0107 si\u0119 swobodnie i wygl\u0105da\u0107 modnie ka\u017cdego dnia.<\/p>\n<p>WYMIARY:<br \/>\nUNI: d\u0142. ca\u0142kowita 50 cm, biust 55 cm,<br \/>\nr\u0119kaw 63 cm,<br \/>\nramiona 46 cm,<\/p>\n<p>SK\u0141AD:<br \/>\n95% wiskoza<br \/>\n5% elastan<\/p>\n","protected":false},"excerpt":{"rendered":"<p>Ta kurtka typu bomberka ma bardzo prosty kr\u00f3j, ale dzi\u0119ki ciekawym zak\u0142adkom wygl\u0105da naprawd\u0119 nowocze\u015bnie i inaczej ni\u017c zwyk\u0142e ubrania. Mo\u017cesz j\u0105 nosi\u0107 na co dzie\u0144 do wszystkiego, bo \u015bwietnie wygl\u0105da zar\u00f3wno z jeansami, jak i z ulubion\u0105 sukienk\u0105 czy sp\u00f3dnic\u0105. Jest to bardzo wygodna i praktyczna rzecz, kt\u00f3ra przyci\u0105ga wzrok i pasuje na wiele [&hellip;]<\/p>\n","protected":false},"featured_media":8260,"comment_status":"open","ping_status":"closed","template":"","meta":{"_acf_changed":false},"pwb-brand":[],"product_brand":[],"product_cat":[177],"product_tag":[],"class_list":{"0":"post-8459","1":"product","2":"type-product","3":"status-publish","4":"has-post-thumbnail","6":"product_cat-kurtki","8":"first","9":"outofstock","10":"taxable","11":"shipping-taxable","12":"purchasable","13":"product-type-variable"},"acf":[],"brands":[],"_links":{"self":[{"href":"https:\/\/test.wa-wi.pl\/index.php\/wp-json\/wp\/v2\/product\/8459","targetHints":{"allow":["GET"]}}],"collection":[{"href":"https:\/\/test.wa-wi.pl\/index.php\/wp-json\/wp\/v2\/product"}],"about":[{"href":"https:\/\/test.wa-wi.pl\/index.php\/wp-json\/wp\/v2\/types\/product"}],"replies":[{"embeddable":true,"href":"https:\/\/test.wa-wi.pl\/index.php\/wp-json\/wp\/v2\/comments?post=8459"}],"wp:featuredmedia":[{"embeddable":true,"href":"https:\/\/test.wa-wi.pl\/index.php\/wp-json\/wp\/v2\/media\/8260"}],"wp:attachment":[{"href":"https:\/\/test.wa-wi.pl\/index.php\/wp-json\/wp\/v2\/media?parent=8459"}],"wp:term":[{"taxonomy":"pwb-brand","embeddable":true,"href":"https:\/\/test.wa-wi.pl\/index.php\/wp-json\/wp\/v2\/pwb-brand?post=8459"},{"taxonomy":"product_brand","embeddable":true,"href":"https:\/\/test.wa-wi.pl\/index.php\/wp-json\/wp\/v2\/product_brand?post=8459"},{"taxonomy":"product_cat","embeddable":true,"href":"https:\/\/test.wa-wi.pl\/index.php\/wp-json\/wp\/v2\/product_cat?post=8459"},{"taxonomy":"product_tag","embeddable":true,"href":"https:\/\/test.wa-wi.pl\/index.php\/wp-json\/wp\/v2\/product_tag?post=8459"}],"curies":[{"name":"wp","href":"https:\/\/api.w.org\/{rel}","templated":true}]}}