{"id":8455,"date":"2026-02-10T23:14:03","date_gmt":"2026-02-10T22:14:03","guid":{"rendered":"https:\/\/test.wa-wi.pl\/?post_type=product&#038;p=8455"},"modified":"2026-02-11T23:29:10","modified_gmt":"2026-02-11T22:29:10","slug":"body-la-milla-czarne-blaszka","status":"publish","type":"product","link":"https:\/\/test.wa-wi.pl\/index.php\/produkt\/body-la-milla-czarne-blaszka\/","title":{"rendered":"Body La Milla Czarne blaszka"},"content":{"rendered":"<p>Wygodne body z kr\u00f3tkim r\u0119kawem i ozdobn\u0105 naszywk\u0105. To \u015bwietna baza, kt\u00f3ra dzi\u0119ki naszywce na piersi zyskuje modny charakter i wyr\u00f3\u017cnia si\u0119 spo\u015br\u00f3d zwyk\u0142ych modeli. Uszyte z mi\u0119kkiej, przyjemnej dla cia\u0142a wiskozy.<\/p>\n<p>WYMIARY:<br \/>\nS: d\u0142. ca\u0142kowita 75 cm, biust 44 cm, r\u0119kaw 27 cm, ramiona 40 cm,<\/p>\n<p>M: d\u0142. ca\u0142kowita 76 cm, biust 47 cm, r\u0119kaw 27 cm, ramiona 42 cm,<\/p>\n<p>L: d\u0142. ca\u0142kowita 76 cm, biust 49 cm, r\u0119kaw 28 cm, ramiona 43 cm,<\/p>\n<p>SK\u0141AD:<br \/>\n95% wiskoza<br \/>\n5% elastan<\/p>\n","protected":false},"excerpt":{"rendered":"<p>Wygodne body z kr\u00f3tkim r\u0119kawem i ozdobn\u0105 naszywk\u0105. To \u015bwietna baza, kt\u00f3ra dzi\u0119ki naszywce na piersi zyskuje modny charakter i wyr\u00f3\u017cnia si\u0119 spo\u015br\u00f3d zwyk\u0142ych modeli. Uszyte z mi\u0119kkiej, przyjemnej dla cia\u0142a wiskozy. WYMIARY: S: d\u0142. ca\u0142kowita 75 cm, biust 44 cm, r\u0119kaw 27 cm, ramiona 40 cm, M: d\u0142. ca\u0142kowita 76 cm, biust 47 cm, [&hellip;]<\/p>\n","protected":false},"featured_media":8242,"comment_status":"open","ping_status":"closed","template":"","meta":{"_acf_changed":false},"pwb-brand":[],"product_brand":[],"product_cat":[214],"product_tag":[],"class_list":{"0":"post-8455","1":"product","2":"type-product","3":"status-publish","4":"has-post-thumbnail","6":"product_cat-body","8":"first","9":"instock","10":"taxable","11":"shipping-taxable","12":"purchasable","13":"product-type-variable"},"acf":[],"brands":[],"_links":{"self":[{"href":"https:\/\/test.wa-wi.pl\/index.php\/wp-json\/wp\/v2\/product\/8455","targetHints":{"allow":["GET"]}}],"collection":[{"href":"https:\/\/test.wa-wi.pl\/index.php\/wp-json\/wp\/v2\/product"}],"about":[{"href":"https:\/\/test.wa-wi.pl\/index.php\/wp-json\/wp\/v2\/types\/product"}],"replies":[{"embeddable":true,"href":"https:\/\/test.wa-wi.pl\/index.php\/wp-json\/wp\/v2\/comments?post=8455"}],"wp:featuredmedia":[{"embeddable":true,"href":"https:\/\/test.wa-wi.pl\/index.php\/wp-json\/wp\/v2\/media\/8242"}],"wp:attachment":[{"href":"https:\/\/test.wa-wi.pl\/index.php\/wp-json\/wp\/v2\/media?parent=8455"}],"wp:term":[{"taxonomy":"pwb-brand","embeddable":true,"href":"https:\/\/test.wa-wi.pl\/index.php\/wp-json\/wp\/v2\/pwb-brand?post=8455"},{"taxonomy":"product_brand","embeddable":true,"href":"https:\/\/test.wa-wi.pl\/index.php\/wp-json\/wp\/v2\/product_brand?post=8455"},{"taxonomy":"product_cat","embeddable":true,"href":"https:\/\/test.wa-wi.pl\/index.php\/wp-json\/wp\/v2\/product_cat?post=8455"},{"taxonomy":"product_tag","embeddable":true,"href":"https:\/\/test.wa-wi.pl\/index.php\/wp-json\/wp\/v2\/product_tag?post=8455"}],"curies":[{"name":"wp","href":"https:\/\/api.w.org\/{rel}","templated":true}]}}