{"id":8453,"date":"2026-02-10T23:09:41","date_gmt":"2026-02-10T22:09:41","guid":{"rendered":"https:\/\/test.wa-wi.pl\/?post_type=product&#038;p=8453"},"modified":"2026-02-10T23:09:41","modified_gmt":"2026-02-10T22:09:41","slug":"t-shirt-la-milla-khaki","status":"publish","type":"product","link":"https:\/\/test.wa-wi.pl\/index.php\/produkt\/t-shirt-la-milla-khaki\/","title":{"rendered":"T-Shirt La Milla Khaki"},"content":{"rendered":"<p>Lu\u017any, oversizowy kr\u00f3j z poduszkami na ramionach i stylowym logo na przodzie. Idealna baza, kt\u00f3ra \u0142\u0105czy totaln\u0105 swobod\u0119 z modowym lookiem.<\/p>\n<p>Sk\u0142ad: 95% wiskoza, 5% elasta<\/p>\n<p>Wymiary:<\/p>\n<p>D\u0142ugo\u015b\u0107 ca\u0142kowita: 60 cm<br \/>\nObw\u00f3d w biu\u015bcie: 110 cm<br \/>\nD\u0142ugo\u015b\u0107 r\u0119kawa od pachy: 11 cm<\/p>\n<p>Ubrania mierzone na p\u0142asko! Poszczeg\u00f3lne wymiary mog\u0105 r\u00f3\u017cni\u0107 si\u0119 +\/- 2 cm.<\/p>\n","protected":false},"excerpt":{"rendered":"<p>Lu\u017any, oversizowy kr\u00f3j z poduszkami na ramionach i stylowym logo na przodzie. Idealna baza, kt\u00f3ra \u0142\u0105czy totaln\u0105 swobod\u0119 z modowym lookiem. Sk\u0142ad: 95% wiskoza, 5% elasta Wymiary: D\u0142ugo\u015b\u0107 ca\u0142kowita: 60 cm Obw\u00f3d w biu\u015bcie: 110 cm D\u0142ugo\u015b\u0107 r\u0119kawa od pachy: 11 cm Ubrania mierzone na p\u0142asko! Poszczeg\u00f3lne wymiary mog\u0105 r\u00f3\u017cni\u0107 si\u0119 +\/- 2 cm.<\/p>\n","protected":false},"featured_media":8393,"comment_status":"open","ping_status":"closed","template":"","meta":{"_acf_changed":false},"pwb-brand":[],"product_brand":[],"product_cat":[202],"product_tag":[],"class_list":{"0":"post-8453","1":"product","2":"type-product","3":"status-publish","4":"has-post-thumbnail","6":"product_cat-bluzki","8":"first","9":"outofstock","10":"sale","11":"taxable","12":"shipping-taxable","13":"purchasable","14":"product-type-variable"},"acf":[],"brands":[],"_links":{"self":[{"href":"https:\/\/test.wa-wi.pl\/index.php\/wp-json\/wp\/v2\/product\/8453","targetHints":{"allow":["GET"]}}],"collection":[{"href":"https:\/\/test.wa-wi.pl\/index.php\/wp-json\/wp\/v2\/product"}],"about":[{"href":"https:\/\/test.wa-wi.pl\/index.php\/wp-json\/wp\/v2\/types\/product"}],"replies":[{"embeddable":true,"href":"https:\/\/test.wa-wi.pl\/index.php\/wp-json\/wp\/v2\/comments?post=8453"}],"wp:featuredmedia":[{"embeddable":true,"href":"https:\/\/test.wa-wi.pl\/index.php\/wp-json\/wp\/v2\/media\/8393"}],"wp:attachment":[{"href":"https:\/\/test.wa-wi.pl\/index.php\/wp-json\/wp\/v2\/media?parent=8453"}],"wp:term":[{"taxonomy":"pwb-brand","embeddable":true,"href":"https:\/\/test.wa-wi.pl\/index.php\/wp-json\/wp\/v2\/pwb-brand?post=8453"},{"taxonomy":"product_brand","embeddable":true,"href":"https:\/\/test.wa-wi.pl\/index.php\/wp-json\/wp\/v2\/product_brand?post=8453"},{"taxonomy":"product_cat","embeddable":true,"href":"https:\/\/test.wa-wi.pl\/index.php\/wp-json\/wp\/v2\/product_cat?post=8453"},{"taxonomy":"product_tag","embeddable":true,"href":"https:\/\/test.wa-wi.pl\/index.php\/wp-json\/wp\/v2\/product_tag?post=8453"}],"curies":[{"name":"wp","href":"https:\/\/api.w.org\/{rel}","templated":true}]}}