{"id":8451,"date":"2026-02-10T23:01:56","date_gmt":"2026-02-10T22:01:56","guid":{"rendered":"https:\/\/test.wa-wi.pl\/?post_type=product&#038;p=8451"},"modified":"2026-02-11T23:49:08","modified_gmt":"2026-02-11T22:49:08","slug":"czarny-t-shirt-la-milla-kieszonka","status":"publish","type":"product","link":"https:\/\/test.wa-wi.pl\/index.php\/produkt\/czarny-t-shirt-la-milla-kieszonka\/","title":{"rendered":"Czarny T-shirt La Milla kieszonka"},"content":{"rendered":"<p>Postaw na baz\u0119, kt\u00f3ra definiuje styl. T-shirt marki La Milla to po\u0142\u0105czenie miejskiego luzu z luksusowym wyko\u0144czeniem. Idealny dla kobiet, kt\u00f3re szukaj\u0105 jako\u015bci Premium w codziennym wydaniu.<br \/>\nGwarancja starannego wykonania i dba\u0142o\u015bci o ka\u017cdy szew.<br \/>\nT-shirt wykonany z wysokogatunkowej bawe\u0142ny z domieszk\u0105 elastanu (95% bawe\u0142na, 5% elastan). Materia\u0142 jest mi\u0119sisty, oddychaj\u0105cy i \u015bwietnie si\u0119 uk\u0142ada.<br \/>\nWymiary (Produkt mierzony na p\u0142asko):<br \/>\n* D\u0142ugo\u015b\u0107 ca\u0142kowita: 70 cm<br \/>\n* Obw\u00f3d w biu\u015bcie: 120 cm<br \/>\n* D\u0142ugo\u015b\u0107 r\u0119kawa (od ramienia): 30 cm<br \/>\n* D\u0142ugo\u015b\u0107 r\u0119kawa (od pachy): 22 cm<br \/>\n&gt; Wymiary mog\u0105 r\u00f3\u017cni\u0107 si\u0119 +\/- 2 cm.<\/p>\n","protected":false},"excerpt":{"rendered":"<p>Postaw na baz\u0119, kt\u00f3ra definiuje styl. T-shirt marki La Milla to po\u0142\u0105czenie miejskiego luzu z luksusowym wyko\u0144czeniem. Idealny dla kobiet, kt\u00f3re szukaj\u0105 jako\u015bci Premium w codziennym wydaniu. Gwarancja starannego wykonania i dba\u0142o\u015bci o ka\u017cdy szew. T-shirt wykonany z wysokogatunkowej bawe\u0142ny z domieszk\u0105 elastanu (95% bawe\u0142na, 5% elastan). Materia\u0142 jest mi\u0119sisty, oddychaj\u0105cy i \u015bwietnie si\u0119 uk\u0142ada. [&hellip;]<\/p>\n","protected":false},"featured_media":8238,"comment_status":"open","ping_status":"closed","template":"","meta":{"_acf_changed":false},"pwb-brand":[],"product_brand":[],"product_cat":[202],"product_tag":[],"class_list":{"0":"post-8451","1":"product","2":"type-product","3":"status-publish","4":"has-post-thumbnail","6":"product_cat-bluzki","8":"first","9":"instock","10":"taxable","11":"shipping-taxable","12":"purchasable","13":"product-type-variable"},"acf":[],"brands":[],"_links":{"self":[{"href":"https:\/\/test.wa-wi.pl\/index.php\/wp-json\/wp\/v2\/product\/8451","targetHints":{"allow":["GET"]}}],"collection":[{"href":"https:\/\/test.wa-wi.pl\/index.php\/wp-json\/wp\/v2\/product"}],"about":[{"href":"https:\/\/test.wa-wi.pl\/index.php\/wp-json\/wp\/v2\/types\/product"}],"replies":[{"embeddable":true,"href":"https:\/\/test.wa-wi.pl\/index.php\/wp-json\/wp\/v2\/comments?post=8451"}],"wp:featuredmedia":[{"embeddable":true,"href":"https:\/\/test.wa-wi.pl\/index.php\/wp-json\/wp\/v2\/media\/8238"}],"wp:attachment":[{"href":"https:\/\/test.wa-wi.pl\/index.php\/wp-json\/wp\/v2\/media?parent=8451"}],"wp:term":[{"taxonomy":"pwb-brand","embeddable":true,"href":"https:\/\/test.wa-wi.pl\/index.php\/wp-json\/wp\/v2\/pwb-brand?post=8451"},{"taxonomy":"product_brand","embeddable":true,"href":"https:\/\/test.wa-wi.pl\/index.php\/wp-json\/wp\/v2\/product_brand?post=8451"},{"taxonomy":"product_cat","embeddable":true,"href":"https:\/\/test.wa-wi.pl\/index.php\/wp-json\/wp\/v2\/product_cat?post=8451"},{"taxonomy":"product_tag","embeddable":true,"href":"https:\/\/test.wa-wi.pl\/index.php\/wp-json\/wp\/v2\/product_tag?post=8451"}],"curies":[{"name":"wp","href":"https:\/\/api.w.org\/{rel}","templated":true}]}}