{"id":8447,"date":"2026-02-10T22:54:59","date_gmt":"2026-02-10T21:54:59","guid":{"rendered":"https:\/\/test.wa-wi.pl\/?post_type=product&#038;p=8447"},"modified":"2026-02-11T23:46:06","modified_gmt":"2026-02-11T22:46:06","slug":"marynarka-emo-blekitna","status":"publish","type":"product","link":"https:\/\/test.wa-wi.pl\/index.php\/produkt\/marynarka-emo-blekitna\/","title":{"rendered":"Marynarka EMO B\u0142\u0119kitna"},"content":{"rendered":"<p>Marynarka o klasycznej d\u0142ugo\u015bci to bardzo elegancki wyb\u00f3r, kt\u00f3ry dzi\u0119ki \u015bci\u0105gaczowi w pasie \u015bwietnie dopasowuje si\u0119 do ka\u017cdej figury. Ma wszyte poduszki na ramionach i wygodne zapi\u0119cie na guziczek.<br \/>\nMo\u017cesz j\u0105 za\u0142o\u017cy\u0107 do biura, na wa\u017cne spotkanie lub na wieczorne wyj\u015bcie, poniewa\u017c pasuje zar\u00f3wno do spodni, jak i do sp\u00f3dnic czy sukienek. Na co dzie\u0144 wystarczy po\u0142\u0105czy\u0107 j\u0105 z jeansami i zwyk\u0142ym topem, a na specjalne okazje zestawi\u0107 z eleganckimi butami na obcasie.<\/p>\n","protected":false},"excerpt":{"rendered":"<p>Marynarka o klasycznej d\u0142ugo\u015bci to bardzo elegancki wyb\u00f3r, kt\u00f3ry dzi\u0119ki \u015bci\u0105gaczowi w pasie \u015bwietnie dopasowuje si\u0119 do ka\u017cdej figury. Ma wszyte poduszki na ramionach i wygodne zapi\u0119cie na guziczek. Mo\u017cesz j\u0105 za\u0142o\u017cy\u0107 do biura, na wa\u017cne spotkanie lub na wieczorne wyj\u015bcie, poniewa\u017c pasuje zar\u00f3wno do spodni, jak i do sp\u00f3dnic czy sukienek. Na co dzie\u0144 [&hellip;]<\/p>\n","protected":false},"featured_media":8227,"comment_status":"open","ping_status":"closed","template":"","meta":{"_acf_changed":false},"pwb-brand":[],"product_brand":[],"product_cat":[190],"product_tag":[],"class_list":{"0":"post-8447","1":"product","2":"type-product","3":"status-publish","4":"has-post-thumbnail","6":"product_cat-marynarki","8":"first","9":"instock","10":"sale","11":"taxable","12":"shipping-taxable","13":"purchasable","14":"product-type-variable"},"acf":[],"brands":[],"_links":{"self":[{"href":"https:\/\/test.wa-wi.pl\/index.php\/wp-json\/wp\/v2\/product\/8447","targetHints":{"allow":["GET"]}}],"collection":[{"href":"https:\/\/test.wa-wi.pl\/index.php\/wp-json\/wp\/v2\/product"}],"about":[{"href":"https:\/\/test.wa-wi.pl\/index.php\/wp-json\/wp\/v2\/types\/product"}],"replies":[{"embeddable":true,"href":"https:\/\/test.wa-wi.pl\/index.php\/wp-json\/wp\/v2\/comments?post=8447"}],"wp:featuredmedia":[{"embeddable":true,"href":"https:\/\/test.wa-wi.pl\/index.php\/wp-json\/wp\/v2\/media\/8227"}],"wp:attachment":[{"href":"https:\/\/test.wa-wi.pl\/index.php\/wp-json\/wp\/v2\/media?parent=8447"}],"wp:term":[{"taxonomy":"pwb-brand","embeddable":true,"href":"https:\/\/test.wa-wi.pl\/index.php\/wp-json\/wp\/v2\/pwb-brand?post=8447"},{"taxonomy":"product_brand","embeddable":true,"href":"https:\/\/test.wa-wi.pl\/index.php\/wp-json\/wp\/v2\/product_brand?post=8447"},{"taxonomy":"product_cat","embeddable":true,"href":"https:\/\/test.wa-wi.pl\/index.php\/wp-json\/wp\/v2\/product_cat?post=8447"},{"taxonomy":"product_tag","embeddable":true,"href":"https:\/\/test.wa-wi.pl\/index.php\/wp-json\/wp\/v2\/product_tag?post=8447"}],"curies":[{"name":"wp","href":"https:\/\/api.w.org\/{rel}","templated":true}]}}