{"id":8443,"date":"2026-02-10T22:48:48","date_gmt":"2026-02-10T21:48:48","guid":{"rendered":"https:\/\/test.wa-wi.pl\/?post_type=product&#038;p=8443"},"modified":"2026-02-10T22:48:48","modified_gmt":"2026-02-10T21:48:48","slug":"sukienka-aga","status":"publish","type":"product","link":"https:\/\/test.wa-wi.pl\/index.php\/produkt\/sukienka-aga\/","title":{"rendered":"Sukienka Aga"},"content":{"rendered":"<p>Ta elegancka\u00a0<strong class=\"Yjhzub\" data-complete=\"true\" data-processed=\"true\">sukienka o fasonie marynarki<\/strong>\u00a0to propozycja idealna dla kobiet ceni\u0105cych klasyk\u0119 w nowoczesnym wydaniu. Charakteryzuje si\u0119 ona dopasowanym krojem, kt\u00f3ry pi\u0119knie podkre\u015bla tali\u0119, oraz stylowymi detalami.<\/p>\n","protected":false},"excerpt":{"rendered":"<p>Ta elegancka\u00a0sukienka o fasonie marynarki\u00a0to propozycja idealna dla kobiet ceni\u0105cych klasyk\u0119 w nowoczesnym wydaniu. Charakteryzuje si\u0119 ona dopasowanym krojem, kt\u00f3ry pi\u0119knie podkre\u015bla tali\u0119, oraz stylowymi detalami.<\/p>\n","protected":false},"featured_media":8222,"comment_status":"open","ping_status":"closed","template":"","meta":{"_acf_changed":false},"pwb-brand":[],"product_brand":[],"product_cat":[179],"product_tag":[],"class_list":{"0":"post-8443","1":"product","2":"type-product","3":"status-publish","4":"has-post-thumbnail","6":"product_cat-sukienki","8":"first","9":"outofstock","10":"taxable","11":"shipping-taxable","12":"purchasable","13":"product-type-variable"},"acf":[],"brands":[],"_links":{"self":[{"href":"https:\/\/test.wa-wi.pl\/index.php\/wp-json\/wp\/v2\/product\/8443","targetHints":{"allow":["GET"]}}],"collection":[{"href":"https:\/\/test.wa-wi.pl\/index.php\/wp-json\/wp\/v2\/product"}],"about":[{"href":"https:\/\/test.wa-wi.pl\/index.php\/wp-json\/wp\/v2\/types\/product"}],"replies":[{"embeddable":true,"href":"https:\/\/test.wa-wi.pl\/index.php\/wp-json\/wp\/v2\/comments?post=8443"}],"wp:featuredmedia":[{"embeddable":true,"href":"https:\/\/test.wa-wi.pl\/index.php\/wp-json\/wp\/v2\/media\/8222"}],"wp:attachment":[{"href":"https:\/\/test.wa-wi.pl\/index.php\/wp-json\/wp\/v2\/media?parent=8443"}],"wp:term":[{"taxonomy":"pwb-brand","embeddable":true,"href":"https:\/\/test.wa-wi.pl\/index.php\/wp-json\/wp\/v2\/pwb-brand?post=8443"},{"taxonomy":"product_brand","embeddable":true,"href":"https:\/\/test.wa-wi.pl\/index.php\/wp-json\/wp\/v2\/product_brand?post=8443"},{"taxonomy":"product_cat","embeddable":true,"href":"https:\/\/test.wa-wi.pl\/index.php\/wp-json\/wp\/v2\/product_cat?post=8443"},{"taxonomy":"product_tag","embeddable":true,"href":"https:\/\/test.wa-wi.pl\/index.php\/wp-json\/wp\/v2\/product_tag?post=8443"}],"curies":[{"name":"wp","href":"https:\/\/api.w.org\/{rel}","templated":true}]}}