{"id":8440,"date":"2026-02-10T22:38:45","date_gmt":"2026-02-10T21:38:45","guid":{"rendered":"https:\/\/test.wa-wi.pl\/?post_type=product&#038;p=8440"},"modified":"2026-02-15T21:00:01","modified_gmt":"2026-02-15T20:00:01","slug":"komplet-braid-la-monne-blekitny","status":"publish","type":"product","link":"https:\/\/test.wa-wi.pl\/index.php\/produkt\/komplet-braid-la-monne-blekitny\/","title":{"rendered":"Bluzka Lavestino B\u0142\u0119kitna"},"content":{"rendered":"<p>Zmys\u0142owa klasyka w wydaniu Lavestiono. Bluzka wykonana z wysokiej jako\u015bci, elastycznej lycry, kt\u00f3ra perfekcyjnie przylega do cia\u0142a, tworz\u0105c efekt \u201edrugiej sk\u00f3ry\u201d. Ten model to po\u0142\u0105czenie nowoczesnego minimalizmu z romantycznym detalem,efektowne, materia\u0142owe r\u00f3\u017ce przy rekawie prze\u0142amuj\u0105 prostot\u0119 fasonu, nadaj\u0105c mu luksusowego charakteru. Idealna dla kobiet, kt\u00f3re ceni\u0105 wygod\u0119 bez kompromis\u00f3w w kwestii stylu.<\/p>\n","protected":false},"excerpt":{"rendered":"<p>Zmys\u0142owa klasyka w wydaniu Lavestiono. Bluzka wykonana z wysokiej jako\u015bci, elastycznej lycry, kt\u00f3ra perfekcyjnie przylega do cia\u0142a, tworz\u0105c efekt \u201edrugiej sk\u00f3ry\u201d. Ten model to po\u0142\u0105czenie nowoczesnego minimalizmu z romantycznym detalem,efektowne, materia\u0142owe r\u00f3\u017ce przy rekawie prze\u0142amuj\u0105 prostot\u0119 fasonu, nadaj\u0105c mu luksusowego charakteru. Idealna dla kobiet, kt\u00f3re ceni\u0105 wygod\u0119 bez kompromis\u00f3w w kwestii stylu.<\/p>\n","protected":false},"featured_media":8214,"comment_status":"open","ping_status":"closed","template":"","meta":{"_acf_changed":false},"pwb-brand":[],"product_brand":[],"product_cat":[202],"product_tag":[],"class_list":{"0":"post-8440","1":"product","2":"type-product","3":"status-publish","4":"has-post-thumbnail","6":"product_cat-bluzki","8":"first","9":"instock","10":"taxable","11":"shipping-taxable","12":"purchasable","13":"product-type-variable"},"acf":[],"brands":[],"_links":{"self":[{"href":"https:\/\/test.wa-wi.pl\/index.php\/wp-json\/wp\/v2\/product\/8440","targetHints":{"allow":["GET"]}}],"collection":[{"href":"https:\/\/test.wa-wi.pl\/index.php\/wp-json\/wp\/v2\/product"}],"about":[{"href":"https:\/\/test.wa-wi.pl\/index.php\/wp-json\/wp\/v2\/types\/product"}],"replies":[{"embeddable":true,"href":"https:\/\/test.wa-wi.pl\/index.php\/wp-json\/wp\/v2\/comments?post=8440"}],"wp:featuredmedia":[{"embeddable":true,"href":"https:\/\/test.wa-wi.pl\/index.php\/wp-json\/wp\/v2\/media\/8214"}],"wp:attachment":[{"href":"https:\/\/test.wa-wi.pl\/index.php\/wp-json\/wp\/v2\/media?parent=8440"}],"wp:term":[{"taxonomy":"pwb-brand","embeddable":true,"href":"https:\/\/test.wa-wi.pl\/index.php\/wp-json\/wp\/v2\/pwb-brand?post=8440"},{"taxonomy":"product_brand","embeddable":true,"href":"https:\/\/test.wa-wi.pl\/index.php\/wp-json\/wp\/v2\/product_brand?post=8440"},{"taxonomy":"product_cat","embeddable":true,"href":"https:\/\/test.wa-wi.pl\/index.php\/wp-json\/wp\/v2\/product_cat?post=8440"},{"taxonomy":"product_tag","embeddable":true,"href":"https:\/\/test.wa-wi.pl\/index.php\/wp-json\/wp\/v2\/product_tag?post=8440"}],"curies":[{"name":"wp","href":"https:\/\/api.w.org\/{rel}","templated":true}]}}