{"id":8432,"date":"2026-02-10T22:26:30","date_gmt":"2026-02-10T21:26:30","guid":{"rendered":"https:\/\/test.wa-wi.pl\/?post_type=product&#038;p=8432"},"modified":"2026-02-15T21:57:58","modified_gmt":"2026-02-15T20:57:58","slug":"komplet-lavestino-bojowy-taktyczny","status":"publish","type":"product","link":"https:\/\/test.wa-wi.pl\/index.php\/produkt\/komplet-lavestino-bojowy-taktyczny\/","title":{"rendered":"Komplet lavestino bojowy taktyczny"},"content":{"rendered":"<div class=\"Y3BBE\" data-sfc-cp=\"\" data-hveid=\"CAEIBBAA\" data-processed=\"true\" data-complete=\"true\">Zapomnij o filtrach \u2013 zestaw od\u00a0<strong class=\"Yjhzub\" data-complete=\"true\" data-processed=\"true\">Lavestino<\/strong>\u00a0robi ca\u0142\u0105 robot\u0119 za Ciebie.<span class=\"uJ19be notranslate\" data-wiz-uids=\"kIYVdc_u,kIYVdc_v\" data-complete=\"true\" data-processed=\"true\"><span class=\"vKEkVd\" data-animation-atomic=\"\" data-wiz-attrbind=\"class=kIYVdc_t\/TKHnVd\" data-sae=\"\"><span aria-hidden=\"true\">\u00a0<\/span><button class=\"rBl3me\" data-amic=\"true\" data-icl-uuid=\"8f1eff7e-bf4f-4cd9-931b-9e21dc1fc12e\" aria-label=\"Wy\u015bwietl powi\u0105zane materia\u0142y\" data-wiz-attrbind=\"disabled=kIYVdc_t\/C5gNJc;aria-label=kIYVdc_t\/bOjMyf;class=kIYVdc_t\/UpSNec\" data-ved=\"2ahUKEwil4-Kp7c-SAxWPA9sEHRpBLpkQye0OegYIAQgEEAE\"><\/button><\/span><\/span><\/div>\n<div class=\"Y3BBE\" data-sfc-cp=\"\" data-hveid=\"CAEIBRAA\" data-complete=\"true\" data-processed=\"true\">\u2728\u00a0<strong class=\"Yjhzub\" data-complete=\"true\" data-processed=\"true\">Bluzka<\/strong> dopasowany kr\u00f3j\u00a0 nadaje ca\u0142o\u015bci\u00a0 luksusowy vibe.<br data-serialized-params=\"[]\" data-complete=\"true\" data-processed=\"true\" \/>\u2728\u00a0<strong class=\"Yjhzub\" data-complete=\"true\" data-processed=\"true\">Boj\u00f3wki ADDICT<\/strong>\u00a0= lu\u017ane spodnie typu cargo z wysokim stanem, kt\u00f3re idealnie podkre\u015blaj\u0105 tali\u0119 i nogi.<br data-serialized-params=\"[]\" data-complete=\"true\" data-processed=\"true\" \/>\u2728\u00a0<strong class=\"Yjhzub\" data-complete=\"true\" data-processed=\"true\">Streetwearowy sznyt<\/strong>\u00a0= po\u0142\u0105czenie kieszeni, suwak\u00f3w i be\u017cowego koloru latte, kt\u00f3re tworzy look wart miliona polubie\u0144.<span class=\"uJ19be notranslate\" data-wiz-uids=\"kIYVdc_15,kIYVdc_16\" data-complete=\"true\" data-processed=\"true\"><span class=\"vKEkVd\" data-animation-atomic=\"\" data-wiz-attrbind=\"class=kIYVdc_14\/TKHnVd\" data-sae=\"\"><span aria-hidden=\"true\">\u00a0<\/span><button class=\"rBl3me\" data-amic=\"true\" data-icl-uuid=\"803dbe05-7a86-4482-970b-79351f5ef39e\" aria-label=\"Wy\u015bwietl powi\u0105zane materia\u0142y\" data-wiz-attrbind=\"disabled=kIYVdc_14\/C5gNJc;aria-label=kIYVdc_14\/bOjMyf;class=kIYVdc_14\/UpSNec\" data-ved=\"2ahUKEwil4-Kp7c-SAxWPA9sEHRpBLpkQye0OegYIAQgFEAE\"><\/button><\/span><\/span><\/div>\n","protected":false},"excerpt":{"rendered":"<p>Zapomnij o filtrach \u2013 zestaw od\u00a0Lavestino\u00a0robi ca\u0142\u0105 robot\u0119 za Ciebie.\u00a0 \u2728\u00a0Bluzka dopasowany kr\u00f3j\u00a0 nadaje ca\u0142o\u015bci\u00a0 luksusowy vibe.\u2728\u00a0Boj\u00f3wki ADDICT\u00a0= lu\u017ane spodnie typu cargo z wysokim stanem, kt\u00f3re idealnie podkre\u015blaj\u0105 tali\u0119 i nogi.\u2728\u00a0Streetwearowy sznyt\u00a0= po\u0142\u0105czenie kieszeni, suwak\u00f3w i be\u017cowego koloru latte, kt\u00f3re tworzy look wart miliona polubie\u0144.\u00a0<\/p>\n","protected":false},"featured_media":8205,"comment_status":"open","ping_status":"closed","template":"","meta":{"_acf_changed":false},"pwb-brand":[],"product_brand":[],"product_cat":[208],"product_tag":[],"class_list":{"0":"post-8432","1":"product","2":"type-product","3":"status-publish","4":"has-post-thumbnail","6":"product_cat-spodnie","8":"first","9":"instock","10":"taxable","11":"shipping-taxable","12":"purchasable","13":"product-type-variable"},"acf":[],"brands":[],"_links":{"self":[{"href":"https:\/\/test.wa-wi.pl\/index.php\/wp-json\/wp\/v2\/product\/8432","targetHints":{"allow":["GET"]}}],"collection":[{"href":"https:\/\/test.wa-wi.pl\/index.php\/wp-json\/wp\/v2\/product"}],"about":[{"href":"https:\/\/test.wa-wi.pl\/index.php\/wp-json\/wp\/v2\/types\/product"}],"replies":[{"embeddable":true,"href":"https:\/\/test.wa-wi.pl\/index.php\/wp-json\/wp\/v2\/comments?post=8432"}],"wp:featuredmedia":[{"embeddable":true,"href":"https:\/\/test.wa-wi.pl\/index.php\/wp-json\/wp\/v2\/media\/8205"}],"wp:attachment":[{"href":"https:\/\/test.wa-wi.pl\/index.php\/wp-json\/wp\/v2\/media?parent=8432"}],"wp:term":[{"taxonomy":"pwb-brand","embeddable":true,"href":"https:\/\/test.wa-wi.pl\/index.php\/wp-json\/wp\/v2\/pwb-brand?post=8432"},{"taxonomy":"product_brand","embeddable":true,"href":"https:\/\/test.wa-wi.pl\/index.php\/wp-json\/wp\/v2\/product_brand?post=8432"},{"taxonomy":"product_cat","embeddable":true,"href":"https:\/\/test.wa-wi.pl\/index.php\/wp-json\/wp\/v2\/product_cat?post=8432"},{"taxonomy":"product_tag","embeddable":true,"href":"https:\/\/test.wa-wi.pl\/index.php\/wp-json\/wp\/v2\/product_tag?post=8432"}],"curies":[{"name":"wp","href":"https:\/\/api.w.org\/{rel}","templated":true}]}}