{"id":8429,"date":"2026-02-10T22:20:11","date_gmt":"2026-02-10T21:20:11","guid":{"rendered":"https:\/\/test.wa-wi.pl\/?post_type=product&#038;p=8429"},"modified":"2026-02-13T23:14:30","modified_gmt":"2026-02-13T22:14:30","slug":"komplet-lavestino-sonatasca","status":"publish","type":"product","link":"https:\/\/test.wa-wi.pl\/index.php\/produkt\/komplet-lavestino-sonatasca\/","title":{"rendered":"Komplet Lavestino Sona&#038;Tasca"},"content":{"rendered":"<div class=\"Y3BBE\" data-sfc-cp=\"\" data-hveid=\"CAEIBhAA\" data-complete=\"true\" data-processed=\"true\">\u00a0Zapomnij o nudnych ramoneskach \u2013 model\u00a0<strong class=\"Yjhzub\" data-complete=\"true\" data-processed=\"true\">SONA &amp; TASCA<\/strong>\u00a0od\u00a0<strong class=\"Yjhzub\" data-complete=\"true\" data-processed=\"true\">LAVESTINO<\/strong> robi ca\u0142\u0105 robot\u0119 za Ciebie.\u00a0<button class=\"rBl3me\" tabindex=\"0\" data-amic=\"true\" data-icl-uuid=\"c55633f3-5068-4806-ae57-6880d4a4ef2f\" aria-label=\"Wy\u015bwietl powi\u0105zane materia\u0142y\" data-wiz-attrbind=\"disabled=Fgjnqf_1c\/C5gNJc;aria-label=Fgjnqf_1c\/bOjMyf;class=Fgjnqf_1c\/UpSNec\" data-ved=\"2ahUKEwjCtoyR7M-SAxWWQ_EDHVYeD0gQye0OegYIAQgGEAE\"><\/button><\/div>\n<div class=\"Y3BBE\" data-sfc-cp=\"\" data-hveid=\"CAEIBxAA\" data-complete=\"true\" data-processed=\"true\" aria-owns=\"action-menu-parent-container\">\u2728\u00a0<strong class=\"Yjhzub\" data-complete=\"true\" data-processed=\"true\">Mi\u0119kka eko-sk\u00f3ra<\/strong>\u00a0= luksusowy look i wygoda, kt\u00f3rej nie poczujesz w niczym innym.<br data-serialized-params=\"[]\" data-complete=\"true\" data-processed=\"true\" \/>\u2728\u00a0<strong class=\"Yjhzub\" data-complete=\"true\" data-processed=\"true\">Klamra i suwaki<\/strong>\u00a0= bi\u017cuteryjne detale, kt\u00f3re nadaj\u0105 ca\u0142o\u015bci drapie\u017cnego charakteru.<br data-serialized-params=\"[]\" data-complete=\"true\" data-processed=\"true\" \/>\u2728\u00a0<strong class=\"Yjhzub\" data-complete=\"true\" data-processed=\"true\">Sp\u00f3dnico-spodenki<\/strong>\u00a0= wysoki stan i kieszenie cargo, kt\u00f3re idealnie modeluj\u0105 sylwetk\u0119.<\/div>\n","protected":false},"excerpt":{"rendered":"<p>\u00a0Zapomnij o nudnych ramoneskach \u2013 model\u00a0SONA &amp; TASCA\u00a0od\u00a0LAVESTINO robi ca\u0142\u0105 robot\u0119 za Ciebie.\u00a0 \u2728\u00a0Mi\u0119kka eko-sk\u00f3ra\u00a0= luksusowy look i wygoda, kt\u00f3rej nie poczujesz w niczym innym.\u2728\u00a0Klamra i suwaki\u00a0= bi\u017cuteryjne detale, kt\u00f3re nadaj\u0105 ca\u0142o\u015bci drapie\u017cnego charakteru.\u2728\u00a0Sp\u00f3dnico-spodenki\u00a0= wysoki stan i kieszenie cargo, kt\u00f3re idealnie modeluj\u0105 sylwetk\u0119.<\/p>\n","protected":false},"featured_media":8200,"comment_status":"open","ping_status":"closed","template":"","meta":{"_acf_changed":false},"pwb-brand":[],"product_brand":[],"product_cat":[226],"product_tag":[],"class_list":{"0":"post-8429","1":"product","2":"type-product","3":"status-publish","4":"has-post-thumbnail","6":"product_cat-komplety","8":"first","9":"outofstock","10":"taxable","11":"shipping-taxable","12":"purchasable","13":"product-type-variable"},"acf":[],"brands":[],"_links":{"self":[{"href":"https:\/\/test.wa-wi.pl\/index.php\/wp-json\/wp\/v2\/product\/8429","targetHints":{"allow":["GET"]}}],"collection":[{"href":"https:\/\/test.wa-wi.pl\/index.php\/wp-json\/wp\/v2\/product"}],"about":[{"href":"https:\/\/test.wa-wi.pl\/index.php\/wp-json\/wp\/v2\/types\/product"}],"replies":[{"embeddable":true,"href":"https:\/\/test.wa-wi.pl\/index.php\/wp-json\/wp\/v2\/comments?post=8429"}],"wp:featuredmedia":[{"embeddable":true,"href":"https:\/\/test.wa-wi.pl\/index.php\/wp-json\/wp\/v2\/media\/8200"}],"wp:attachment":[{"href":"https:\/\/test.wa-wi.pl\/index.php\/wp-json\/wp\/v2\/media?parent=8429"}],"wp:term":[{"taxonomy":"pwb-brand","embeddable":true,"href":"https:\/\/test.wa-wi.pl\/index.php\/wp-json\/wp\/v2\/pwb-brand?post=8429"},{"taxonomy":"product_brand","embeddable":true,"href":"https:\/\/test.wa-wi.pl\/index.php\/wp-json\/wp\/v2\/product_brand?post=8429"},{"taxonomy":"product_cat","embeddable":true,"href":"https:\/\/test.wa-wi.pl\/index.php\/wp-json\/wp\/v2\/product_cat?post=8429"},{"taxonomy":"product_tag","embeddable":true,"href":"https:\/\/test.wa-wi.pl\/index.php\/wp-json\/wp\/v2\/product_tag?post=8429"}],"curies":[{"name":"wp","href":"https:\/\/api.w.org\/{rel}","templated":true}]}}