{"id":8427,"date":"2026-02-10T22:15:26","date_gmt":"2026-02-10T21:15:26","guid":{"rendered":"https:\/\/test.wa-wi.pl\/?post_type=product&#038;p=8427"},"modified":"2026-02-10T22:15:26","modified_gmt":"2026-02-10T21:15:26","slug":"komplet-lavestino-gruby-ben","status":"publish","type":"product","link":"https:\/\/test.wa-wi.pl\/index.php\/produkt\/komplet-lavestino-gruby-ben\/","title":{"rendered":"Komplet Lavestino Gruby Ben"},"content":{"rendered":"<p>\u2728\u00a0<strong class=\"Yjhzub\" data-complete=\"true\" data-processed=\"true\">Kr\u00f3tka bluza<\/strong>\u00a0= asymetryczne zapi\u0119cie na klamr\u0119, kt\u00f3re podkr\u0119ca ka\u017cdy look.<br data-serialized-params=\"[]\" data-complete=\"true\" data-processed=\"true\" \/>\u2728\u00a0<strong class=\"Yjhzub\" data-complete=\"true\" data-processed=\"true\">Sp\u00f3dnico-spodenki<\/strong>\u00a0= efektowne kieszenie cargo i talia podkre\u015blona wysokim stanem.<br data-serialized-params=\"[]\" data-complete=\"true\" data-processed=\"true\" \/>\u2728\u00a0<strong class=\"Yjhzub\" data-complete=\"true\" data-processed=\"true\">Miejski vibe<\/strong>\u00a0= idealne po\u0142\u0105czenie stylu safari z nowoczesnym sznytem.<\/p>\n","protected":false},"excerpt":{"rendered":"<p>\u2728\u00a0Kr\u00f3tka bluza\u00a0= asymetryczne zapi\u0119cie na klamr\u0119, kt\u00f3re podkr\u0119ca ka\u017cdy look.\u2728\u00a0Sp\u00f3dnico-spodenki\u00a0= efektowne kieszenie cargo i talia podkre\u015blona wysokim stanem.\u2728\u00a0Miejski vibe\u00a0= idealne po\u0142\u0105czenie stylu safari z nowoczesnym sznytem.<\/p>\n","protected":false},"featured_media":8195,"comment_status":"open","ping_status":"closed","template":"","meta":{"_acf_changed":false},"pwb-brand":[],"product_brand":[],"product_cat":[226],"product_tag":[],"class_list":{"0":"post-8427","1":"product","2":"type-product","3":"status-publish","4":"has-post-thumbnail","6":"product_cat-komplety","8":"first","9":"instock","10":"taxable","11":"shipping-taxable","12":"purchasable","13":"product-type-variable"},"acf":[],"brands":[],"_links":{"self":[{"href":"https:\/\/test.wa-wi.pl\/index.php\/wp-json\/wp\/v2\/product\/8427","targetHints":{"allow":["GET"]}}],"collection":[{"href":"https:\/\/test.wa-wi.pl\/index.php\/wp-json\/wp\/v2\/product"}],"about":[{"href":"https:\/\/test.wa-wi.pl\/index.php\/wp-json\/wp\/v2\/types\/product"}],"replies":[{"embeddable":true,"href":"https:\/\/test.wa-wi.pl\/index.php\/wp-json\/wp\/v2\/comments?post=8427"}],"wp:featuredmedia":[{"embeddable":true,"href":"https:\/\/test.wa-wi.pl\/index.php\/wp-json\/wp\/v2\/media\/8195"}],"wp:attachment":[{"href":"https:\/\/test.wa-wi.pl\/index.php\/wp-json\/wp\/v2\/media?parent=8427"}],"wp:term":[{"taxonomy":"pwb-brand","embeddable":true,"href":"https:\/\/test.wa-wi.pl\/index.php\/wp-json\/wp\/v2\/pwb-brand?post=8427"},{"taxonomy":"product_brand","embeddable":true,"href":"https:\/\/test.wa-wi.pl\/index.php\/wp-json\/wp\/v2\/product_brand?post=8427"},{"taxonomy":"product_cat","embeddable":true,"href":"https:\/\/test.wa-wi.pl\/index.php\/wp-json\/wp\/v2\/product_cat?post=8427"},{"taxonomy":"product_tag","embeddable":true,"href":"https:\/\/test.wa-wi.pl\/index.php\/wp-json\/wp\/v2\/product_tag?post=8427"}],"curies":[{"name":"wp","href":"https:\/\/api.w.org\/{rel}","templated":true}]}}