{"id":8421,"date":"2026-02-10T22:00:16","date_gmt":"2026-02-10T21:00:16","guid":{"rendered":"https:\/\/test.wa-wi.pl\/?post_type=product&#038;p=8421"},"modified":"2026-02-22T14:19:04","modified_gmt":"2026-02-22T13:19:04","slug":"kombinezon-basari-zipper","status":"publish","type":"product","link":"https:\/\/test.wa-wi.pl\/index.php\/produkt\/kombinezon-basari-zipper\/","title":{"rendered":"Kombinezon Basari Zipper"},"content":{"rendered":"<div class=\"Y3BBE\" data-sfc-cp=\"\" data-hveid=\"CAEIAhAA\" data-complete=\"true\" data-processed=\"true\">Ten kombinezon to totalny\u00a0<strong class=\"Yjhzub\" data-complete=\"true\" data-processed=\"true\">MUST HAVE<\/strong>!\u00a0 Zapomnij o filtrach \u2013 model <strong class=\"Yjhzub\" data-complete=\"true\" data-processed=\"true\">ZIPPER<\/strong>\u00a0od\u00a0<strong class=\"Yjhzub\" data-complete=\"true\" data-processed=\"true\">Basari <\/strong>robi ca\u0142\u0105 robot\u0119 za Ciebie.<\/div>\n<div class=\"Y3BBE\" data-sfc-cp=\"\" data-hveid=\"CAEIAxAA\" data-complete=\"true\" data-processed=\"true\">\u2728\u00a0<strong class=\"Yjhzub\" data-complete=\"true\" data-processed=\"true\">Z\u0142ote zamki<\/strong>\u00a0= bi\u017cuteryjny b\u0142ysk na biodrach i dekolcie, kt\u00f3ry przyci\u0105ga ka\u017cde spojrzenie.<br data-serialized-params=\"[]\" data-complete=\"true\" data-processed=\"true\" \/>\u2728\u00a0<strong class=\"Yjhzub\" data-complete=\"true\" data-processed=\"true\">Gorsetowe przeszycia<\/strong>\u00a0= talia osy i idealnie podkre\u015blone kszta\u0142ty w kilka sekund.<br data-serialized-params=\"[]\" data-complete=\"true\" data-processed=\"true\" \/>\u2728\u00a0<strong class=\"Yjhzub\" data-complete=\"true\" data-processed=\"true\">Materia\u0142 Fit<\/strong>\u00a0= luksusowa elastyczno\u015b\u0107, zero prze\u015bwitywania i 100% pewno\u015bci siebie.<\/div>\n<div class=\"Y3BBE\" data-sfc-cp=\"\" data-hveid=\"CAEIBBAA\" data-complete=\"true\" data-processed=\"true\" aria-owns=\"action-menu-parent-container\">Idealny do ci\u0119\u017ckich botk\u00f3w na miasto lub ultra wysokich szpilek na wiecz\u00f3r. Musisz go mie\u0107 w swojej szafie!<\/div>\n","protected":false},"excerpt":{"rendered":"<p>Ten kombinezon to totalny\u00a0MUST HAVE!\u00a0 Zapomnij o filtrach \u2013 model ZIPPER\u00a0od\u00a0Basari robi ca\u0142\u0105 robot\u0119 za Ciebie. \u2728\u00a0Z\u0142ote zamki\u00a0= bi\u017cuteryjny b\u0142ysk na biodrach i dekolcie, kt\u00f3ry przyci\u0105ga ka\u017cde spojrzenie.\u2728\u00a0Gorsetowe przeszycia\u00a0= talia osy i idealnie podkre\u015blone kszta\u0142ty w kilka sekund.\u2728\u00a0Materia\u0142 Fit\u00a0= luksusowa elastyczno\u015b\u0107, zero prze\u015bwitywania i 100% pewno\u015bci siebie. Idealny do ci\u0119\u017ckich botk\u00f3w na miasto lub ultra [&hellip;]<\/p>\n","protected":false},"featured_media":8187,"comment_status":"open","ping_status":"closed","template":"","meta":{"_acf_changed":false},"pwb-brand":[],"product_brand":[],"product_cat":[229],"product_tag":[],"class_list":{"0":"post-8421","1":"product","2":"type-product","3":"status-publish","4":"has-post-thumbnail","6":"product_cat-kombinezony","8":"first","9":"instock","10":"sale","11":"taxable","12":"shipping-taxable","13":"purchasable","14":"product-type-variable"},"acf":[],"brands":[],"_links":{"self":[{"href":"https:\/\/test.wa-wi.pl\/index.php\/wp-json\/wp\/v2\/product\/8421","targetHints":{"allow":["GET"]}}],"collection":[{"href":"https:\/\/test.wa-wi.pl\/index.php\/wp-json\/wp\/v2\/product"}],"about":[{"href":"https:\/\/test.wa-wi.pl\/index.php\/wp-json\/wp\/v2\/types\/product"}],"replies":[{"embeddable":true,"href":"https:\/\/test.wa-wi.pl\/index.php\/wp-json\/wp\/v2\/comments?post=8421"}],"wp:featuredmedia":[{"embeddable":true,"href":"https:\/\/test.wa-wi.pl\/index.php\/wp-json\/wp\/v2\/media\/8187"}],"wp:attachment":[{"href":"https:\/\/test.wa-wi.pl\/index.php\/wp-json\/wp\/v2\/media?parent=8421"}],"wp:term":[{"taxonomy":"pwb-brand","embeddable":true,"href":"https:\/\/test.wa-wi.pl\/index.php\/wp-json\/wp\/v2\/pwb-brand?post=8421"},{"taxonomy":"product_brand","embeddable":true,"href":"https:\/\/test.wa-wi.pl\/index.php\/wp-json\/wp\/v2\/product_brand?post=8421"},{"taxonomy":"product_cat","embeddable":true,"href":"https:\/\/test.wa-wi.pl\/index.php\/wp-json\/wp\/v2\/product_cat?post=8421"},{"taxonomy":"product_tag","embeddable":true,"href":"https:\/\/test.wa-wi.pl\/index.php\/wp-json\/wp\/v2\/product_tag?post=8421"}],"curies":[{"name":"wp","href":"https:\/\/api.w.org\/{rel}","templated":true}]}}