{"id":8416,"date":"2026-02-10T21:40:18","date_gmt":"2026-02-10T20:40:18","guid":{"rendered":"https:\/\/test.wa-wi.pl\/?post_type=product&#038;p=8416"},"modified":"2026-02-10T21:40:18","modified_gmt":"2026-02-10T20:40:18","slug":"kombinezon-basari-karla-fit","status":"publish","type":"product","link":"https:\/\/test.wa-wi.pl\/index.php\/produkt\/kombinezon-basari-karla-fit\/","title":{"rendered":"Kombinezon Basari Karla Fit"},"content":{"rendered":"<p>Ten kombinezon to totalny\u00a0<strong class=\"Yjhzub\" data-complete=\"true\" data-processed=\"true\">MUST HAVE<\/strong>!\u00a0 Zapomnij o filtrach \u2013 model KARLA FIT robi ca\u0142\u0105 robot\u0119 za Ciebie.<br data-serialized-params=\"[]\" data-complete=\"true\" data-processed=\"true\" \/>\u2728\u00a0<strong class=\"Yjhzub\" data-complete=\"true\" data-processed=\"true\">Przeszycia<\/strong>\u00a0= podkre\u015blona talia w kilka sekund.<br data-serialized-params=\"[]\" data-complete=\"true\" data-processed=\"true\" \/>\u2728\u00a0<strong class=\"Yjhzub\" data-complete=\"true\" data-processed=\"true\">Z\u0142oty zamek<\/strong>\u00a0= Ty decydujesz, jak odwa\u017cny b\u0119dzie Tw\u00f3j dekolt.<br data-serialized-params=\"[]\" data-complete=\"true\" data-processed=\"true\" \/>\u2728\u00a0<strong class=\"Yjhzub\" data-complete=\"true\" data-processed=\"true\">Materia\u0142 Fit<\/strong>\u00a0= zero prze\u015bwitywania, 100% pewno\u015bci siebie.<br data-serialized-params=\"[]\" data-complete=\"true\" data-processed=\"true\" \/>Idealny do szpilek na wiecz\u00f3r lub sneakers\u00f3w na miasto. Musisz go mie\u0107 w swojej szafie!<\/p>\n","protected":false},"excerpt":{"rendered":"<p>Ten kombinezon to totalny\u00a0MUST HAVE!\u00a0 Zapomnij o filtrach \u2013 model KARLA FIT robi ca\u0142\u0105 robot\u0119 za Ciebie.\u2728\u00a0Przeszycia\u00a0= podkre\u015blona talia w kilka sekund.\u2728\u00a0Z\u0142oty zamek\u00a0= Ty decydujesz, jak odwa\u017cny b\u0119dzie Tw\u00f3j dekolt.\u2728\u00a0Materia\u0142 Fit\u00a0= zero prze\u015bwitywania, 100% pewno\u015bci siebie.Idealny do szpilek na wiecz\u00f3r lub sneakers\u00f3w na miasto. Musisz go mie\u0107 w swojej szafie!<\/p>\n","protected":false},"featured_media":8177,"comment_status":"open","ping_status":"closed","template":"","meta":{"_acf_changed":false},"pwb-brand":[],"product_brand":[],"product_cat":[229],"product_tag":[],"class_list":{"0":"post-8416","1":"product","2":"type-product","3":"status-publish","4":"has-post-thumbnail","6":"product_cat-kombinezony","8":"first","9":"instock","10":"taxable","11":"shipping-taxable","12":"purchasable","13":"product-type-variable"},"acf":[],"brands":[],"_links":{"self":[{"href":"https:\/\/test.wa-wi.pl\/index.php\/wp-json\/wp\/v2\/product\/8416","targetHints":{"allow":["GET"]}}],"collection":[{"href":"https:\/\/test.wa-wi.pl\/index.php\/wp-json\/wp\/v2\/product"}],"about":[{"href":"https:\/\/test.wa-wi.pl\/index.php\/wp-json\/wp\/v2\/types\/product"}],"replies":[{"embeddable":true,"href":"https:\/\/test.wa-wi.pl\/index.php\/wp-json\/wp\/v2\/comments?post=8416"}],"wp:featuredmedia":[{"embeddable":true,"href":"https:\/\/test.wa-wi.pl\/index.php\/wp-json\/wp\/v2\/media\/8177"}],"wp:attachment":[{"href":"https:\/\/test.wa-wi.pl\/index.php\/wp-json\/wp\/v2\/media?parent=8416"}],"wp:term":[{"taxonomy":"pwb-brand","embeddable":true,"href":"https:\/\/test.wa-wi.pl\/index.php\/wp-json\/wp\/v2\/pwb-brand?post=8416"},{"taxonomy":"product_brand","embeddable":true,"href":"https:\/\/test.wa-wi.pl\/index.php\/wp-json\/wp\/v2\/product_brand?post=8416"},{"taxonomy":"product_cat","embeddable":true,"href":"https:\/\/test.wa-wi.pl\/index.php\/wp-json\/wp\/v2\/product_cat?post=8416"},{"taxonomy":"product_tag","embeddable":true,"href":"https:\/\/test.wa-wi.pl\/index.php\/wp-json\/wp\/v2\/product_tag?post=8416"}],"curies":[{"name":"wp","href":"https:\/\/api.w.org\/{rel}","templated":true}]}}