{"id":8414,"date":"2026-02-10T21:22:22","date_gmt":"2026-02-10T20:22:22","guid":{"rendered":"https:\/\/test.wa-wi.pl\/?post_type=product&#038;p=8414"},"modified":"2026-02-22T17:20:12","modified_gmt":"2026-02-22T16:20:12","slug":"legginsy-basari-zipper","status":"publish","type":"product","link":"https:\/\/test.wa-wi.pl\/index.php\/produkt\/legginsy-basari-zipper\/","title":{"rendered":"Legginsy Basari Zipper"},"content":{"rendered":"<p>Postaw na polsk\u0105 jako\u015b\u0107 i design, kt\u00f3ry zachwyca. Legginsy BaSari zosta\u0142y zaprojektowane tak, by podkre\u015bla\u0107 kobiece atuty przy jednoczesnym zachowaniu maksymalnej wygody. Szeroki pas wysmukla tali\u0119, a elastyczny materia\u0142 premium zapewnia pe\u0142n\u0105 swobod\u0119 ruch\u00f3w. Z\u0142oty zamek z ty\u0142u to bi\u017cuteryjny akcent, kt\u00f3ry wyr\u00f3\u017cnia ten model na tle klasyki<\/p>\n","protected":false},"excerpt":{"rendered":"<p>Postaw na polsk\u0105 jako\u015b\u0107 i design, kt\u00f3ry zachwyca. Legginsy BaSari zosta\u0142y zaprojektowane tak, by podkre\u015bla\u0107 kobiece atuty przy jednoczesnym zachowaniu maksymalnej wygody. Szeroki pas wysmukla tali\u0119, a elastyczny materia\u0142 premium zapewnia pe\u0142n\u0105 swobod\u0119 ruch\u00f3w. Z\u0142oty zamek z ty\u0142u to bi\u017cuteryjny akcent, kt\u00f3ry wyr\u00f3\u017cnia ten model na tle klasyki<\/p>\n","protected":false},"featured_media":8175,"comment_status":"open","ping_status":"closed","template":"","meta":{"_acf_changed":false},"pwb-brand":[],"product_brand":[],"product_cat":[228],"product_tag":[],"class_list":{"0":"post-8414","1":"product","2":"type-product","3":"status-publish","4":"has-post-thumbnail","6":"product_cat-legginsy","8":"first","9":"instock","10":"taxable","11":"shipping-taxable","12":"purchasable","13":"product-type-variable","14":"has-default-attributes"},"acf":[],"brands":[],"_links":{"self":[{"href":"https:\/\/test.wa-wi.pl\/index.php\/wp-json\/wp\/v2\/product\/8414","targetHints":{"allow":["GET"]}}],"collection":[{"href":"https:\/\/test.wa-wi.pl\/index.php\/wp-json\/wp\/v2\/product"}],"about":[{"href":"https:\/\/test.wa-wi.pl\/index.php\/wp-json\/wp\/v2\/types\/product"}],"replies":[{"embeddable":true,"href":"https:\/\/test.wa-wi.pl\/index.php\/wp-json\/wp\/v2\/comments?post=8414"}],"wp:featuredmedia":[{"embeddable":true,"href":"https:\/\/test.wa-wi.pl\/index.php\/wp-json\/wp\/v2\/media\/8175"}],"wp:attachment":[{"href":"https:\/\/test.wa-wi.pl\/index.php\/wp-json\/wp\/v2\/media?parent=8414"}],"wp:term":[{"taxonomy":"pwb-brand","embeddable":true,"href":"https:\/\/test.wa-wi.pl\/index.php\/wp-json\/wp\/v2\/pwb-brand?post=8414"},{"taxonomy":"product_brand","embeddable":true,"href":"https:\/\/test.wa-wi.pl\/index.php\/wp-json\/wp\/v2\/product_brand?post=8414"},{"taxonomy":"product_cat","embeddable":true,"href":"https:\/\/test.wa-wi.pl\/index.php\/wp-json\/wp\/v2\/product_cat?post=8414"},{"taxonomy":"product_tag","embeddable":true,"href":"https:\/\/test.wa-wi.pl\/index.php\/wp-json\/wp\/v2\/product_tag?post=8414"}],"curies":[{"name":"wp","href":"https:\/\/api.w.org\/{rel}","templated":true}]}}