{"id":8387,"date":"2026-02-10T09:39:51","date_gmt":"2026-02-10T08:39:51","guid":{"rendered":"https:\/\/test.wa-wi.pl\/?post_type=product&#038;p=8387"},"modified":"2026-02-10T20:37:44","modified_gmt":"2026-02-10T19:37:44","slug":"sweter-oversize-z-marszczonym-tylem","status":"publish","type":"product","link":"https:\/\/test.wa-wi.pl\/index.php\/produkt\/sweter-oversize-z-marszczonym-tylem\/","title":{"rendered":"Sweter oversize z marszczonym ty\u0142em"},"content":{"rendered":"<div class=\"Y3BBE\" data-sfc-cp=\"\" data-hveid=\"CAEIChAA\" data-complete=\"true\" data-processed=\"true\">\n<div class=\"Y3BBE\" data-sfc-cp=\"\" data-hveid=\"CAEIARAA\" data-complete=\"true\" data-processed=\"true\">Jako\u015b\u0107, kt\u00f3rej nie trzeba przedstawia\u0107. Komfort, kt\u00f3ry uzale\u017cnia.<br data-serialized-params=\"[]\" data-complete=\"true\" data-processed=\"true\" \/>Poznaj sweter, kt\u00f3ry rozumie Twoje potrzeby. Idealnie elastyczny, naturalnie oddychaj\u0105cy i skrojony tak, by podkre\u015bla\u0107 Twoj\u0105 pewno\u015b\u0107 siebie bez zb\u0119dnego wysi\u0142ku.<\/div>\n<div class=\"Y3BBE\" data-sfc-cp=\"\" data-hveid=\"CAEIAhAA\" data-complete=\"true\" data-processed=\"true\">Sk\u0142ad: 95% bawe\u0142na premium, 5% elastan.<br data-serialized-params=\"[]\" data-complete=\"true\" data-processed=\"true\" \/>Charakter: Mi\u0119kki, trwa\u0142y, polski.<br data-serialized-params=\"[]\" data-complete=\"true\" data-processed=\"true\" \/>Zastosowanie: Warstwa pod p\u0142aszcz lub solo na wiosn\u0119.<\/div>\n<div class=\"Y3BBE\" data-sfc-cp=\"\" data-hveid=\"CAEIAxAA\" data-complete=\"true\" data-processed=\"true\" aria-owns=\"action-menu-parent-container\">dwa kolory, kt\u00f3re pasuj\u0105 do wszystkiego. Jeden wyb\u00f3r, kt\u00f3rego nie po\u017ca\u0142ujesz. Oswajaj wiosn\u0119 na w\u0142asnych zasadach.<br \/>\nWymiary:<\/p>\n<div class=\"Y3BBE\" data-sfc-cp=\"\" data-hveid=\"CAEIAhAA\" data-complete=\"true\" data-processed=\"true\">D\u0142ugo\u015b\u0107 ca\u0142kowita: 63 cm<br data-serialized-params=\"[]\" data-complete=\"true\" data-processed=\"true\" \/>Obw\u00f3d w biu\u015bcie: 200 cm<br data-serialized-params=\"[]\" data-complete=\"true\" data-processed=\"true\" \/>D\u0142ugo\u015b\u0107 r\u0119kawa od pachy: 34 cm<button class=\"rBl3me\" tabindex=\"0\" data-amic=\"true\" data-icl-uuid=\"a70c99d6-55a8-4e8d-b059-1f39098b7f08\" aria-label=\"Wy\u015bwietl powi\u0105zane materia\u0142y\" data-wiz-attrbind=\"disabled=xlZzP_h\/C5gNJc;aria-label=xlZzP_h\/bOjMyf;class=xlZzP_h\/UpSNec\" data-ved=\"2ahUKEwjWo7idxM6SAxWPA9sEHQwzBWkQye0OegYIAQgCEAE\"><\/button><\/div>\n<\/div>\n<\/div>\n<div class=\"Fsg96\" data-sfc-cp=\"\" data-complete=\"true\" data-processed=\"true\"><\/div>\n<hr class=\"j3tEEe\" data-serialized-params=\"[]\" data-complete=\"true\" data-processed=\"true\" data-sae=\"\" \/>\n<div class=\"Fsg96\" data-sfc-cp=\"\" data-complete=\"true\" data-processed=\"true\"><\/div>\n","protected":false},"excerpt":{"rendered":"<p>Jako\u015b\u0107, kt\u00f3rej nie trzeba przedstawia\u0107. Komfort, kt\u00f3ry uzale\u017cnia.Poznaj sweter, kt\u00f3ry rozumie Twoje potrzeby. Idealnie elastyczny, naturalnie oddychaj\u0105cy i skrojony tak, by podkre\u015bla\u0107 Twoj\u0105 pewno\u015b\u0107 siebie bez zb\u0119dnego wysi\u0142ku. Sk\u0142ad: 95% bawe\u0142na premium, 5% elastan.Charakter: Mi\u0119kki, trwa\u0142y, polski.Zastosowanie: Warstwa pod p\u0142aszcz lub solo na wiosn\u0119. dwa kolory, kt\u00f3re pasuj\u0105 do wszystkiego. Jeden wyb\u00f3r, kt\u00f3rego nie po\u017ca\u0142ujesz. [&hellip;]<\/p>\n","protected":false},"featured_media":8155,"comment_status":"open","ping_status":"closed","template":"","meta":{"_acf_changed":false},"pwb-brand":[],"product_brand":[],"product_cat":[176],"product_tag":[],"class_list":{"0":"post-8387","1":"product","2":"type-product","3":"status-publish","4":"has-post-thumbnail","6":"product_cat-swetry","8":"first","9":"instock","10":"taxable","11":"shipping-taxable","12":"purchasable","13":"product-type-variable"},"acf":[],"brands":[],"_links":{"self":[{"href":"https:\/\/test.wa-wi.pl\/index.php\/wp-json\/wp\/v2\/product\/8387","targetHints":{"allow":["GET"]}}],"collection":[{"href":"https:\/\/test.wa-wi.pl\/index.php\/wp-json\/wp\/v2\/product"}],"about":[{"href":"https:\/\/test.wa-wi.pl\/index.php\/wp-json\/wp\/v2\/types\/product"}],"replies":[{"embeddable":true,"href":"https:\/\/test.wa-wi.pl\/index.php\/wp-json\/wp\/v2\/comments?post=8387"}],"wp:featuredmedia":[{"embeddable":true,"href":"https:\/\/test.wa-wi.pl\/index.php\/wp-json\/wp\/v2\/media\/8155"}],"wp:attachment":[{"href":"https:\/\/test.wa-wi.pl\/index.php\/wp-json\/wp\/v2\/media?parent=8387"}],"wp:term":[{"taxonomy":"pwb-brand","embeddable":true,"href":"https:\/\/test.wa-wi.pl\/index.php\/wp-json\/wp\/v2\/pwb-brand?post=8387"},{"taxonomy":"product_brand","embeddable":true,"href":"https:\/\/test.wa-wi.pl\/index.php\/wp-json\/wp\/v2\/product_brand?post=8387"},{"taxonomy":"product_cat","embeddable":true,"href":"https:\/\/test.wa-wi.pl\/index.php\/wp-json\/wp\/v2\/product_cat?post=8387"},{"taxonomy":"product_tag","embeddable":true,"href":"https:\/\/test.wa-wi.pl\/index.php\/wp-json\/wp\/v2\/product_tag?post=8387"}],"curies":[{"name":"wp","href":"https:\/\/api.w.org\/{rel}","templated":true}]}}