{"id":8044,"date":"2026-01-07T23:35:52","date_gmt":"2026-01-07T22:35:52","guid":{"rendered":"https:\/\/test.wa-wi.pl\/?post_type=product&#038;p=8044"},"modified":"2026-02-22T19:09:53","modified_gmt":"2026-02-22T18:09:53","slug":"czarna-bluzka-cekiny-la-monne","status":"publish","type":"product","link":"https:\/\/test.wa-wi.pl\/index.php\/produkt\/czarna-bluzka-cekiny-la-monne\/","title":{"rendered":"Koszula Bling  La Monne"},"content":{"rendered":"<p>Zaszalej z efektem WOW! Koszula Bling od La Monne to propozycja dla kobiet, kt\u00f3re kochaj\u0105 b\u0142yszcze\u0107 i nie boj\u0105 si\u0119 by\u0107 w centrum uwagi. To kwintesencja stylu glamour zamkni\u0119ta w nowoczesnym fasonie.<\/p>\n<p>Ca\u0142a powierzchnia pokryta jest l\u015bni\u0105cymi cekinami, kt\u00f3re spektakularnie odbijaj\u0105 \u015bwiat\u0142o przy ka\u017cdym ruchu.<\/p>\n<p>Wykonana z mi\u0119kkiej wiskozy z dodatkiem elastanu (95% wiskoza, 5% elastan) \u2013 materia\u0142 jest przyjemny dla cia\u0142a i delikatnie si\u0119 naddaje.<\/p>\n<p>Kr\u00f3j typu lekki oversize z efektownym marszczeniem przy dekolcie \u0142\u0105czy swobod\u0119 z elegancj\u0105.<\/p>\n<p>Rozmiary i wymiary (mierzone na p\u0142asko +\/2cm)<\/p>\n<p>Rozmiar S:<br \/>\nd\u0142ugo\u015b\u0107 ca\u0142kowita: 48 cm<br \/>\nszeroko\u015b\u0107 w biu\u015bcie: 55 cm \u00d72<br \/>\nszeroko\u015b\u0107 w pasie (gumka): 34\u201348 cm \u00d72<br \/>\nd\u0142ugo\u015b\u0107 r\u0119kawa: 58 cm<\/p>\n<p>Rozmiar M:<br \/>\nd\u0142ugo\u015b\u0107 ca\u0142kowita: 49 cm<br \/>\nszeroko\u015b\u0107 w biu\u015bcie: 57 cm \u00d72<br \/>\nszeroko\u015b\u0107 w pasie (gumka): 36\u201350 cm \u00d72<br \/>\nd\u0142ugo\u015b\u0107 r\u0119kawa: 59 cm<\/p>\n","protected":false},"excerpt":{"rendered":"<p>Zaszalej z efektem WOW! Koszula Bling od La Monne to propozycja dla kobiet, kt\u00f3re kochaj\u0105 b\u0142yszcze\u0107 i nie boj\u0105 si\u0119 by\u0107 w centrum uwagi. To kwintesencja stylu glamour zamkni\u0119ta w nowoczesnym fasonie. Ca\u0142a powierzchnia pokryta jest l\u015bni\u0105cymi cekinami, kt\u00f3re spektakularnie odbijaj\u0105 \u015bwiat\u0142o przy ka\u017cdym ruchu. Wykonana z mi\u0119kkiej wiskozy z dodatkiem elastanu (95% wiskoza, 5% [&hellip;]<\/p>\n","protected":false},"featured_media":7924,"comment_status":"open","ping_status":"closed","template":"","meta":{"_acf_changed":false},"pwb-brand":[],"product_brand":[],"product_cat":[249,15,202],"product_tag":[],"class_list":{"0":"post-8044","1":"product","2":"type-product","3":"status-publish","4":"has-post-thumbnail","6":"product_cat-koszule","7":"product_cat-bez-kategorii","8":"product_cat-bluzki","10":"first","11":"instock","12":"taxable","13":"shipping-taxable","14":"purchasable","15":"product-type-variable"},"acf":[],"brands":[],"_links":{"self":[{"href":"https:\/\/test.wa-wi.pl\/index.php\/wp-json\/wp\/v2\/product\/8044","targetHints":{"allow":["GET"]}}],"collection":[{"href":"https:\/\/test.wa-wi.pl\/index.php\/wp-json\/wp\/v2\/product"}],"about":[{"href":"https:\/\/test.wa-wi.pl\/index.php\/wp-json\/wp\/v2\/types\/product"}],"replies":[{"embeddable":true,"href":"https:\/\/test.wa-wi.pl\/index.php\/wp-json\/wp\/v2\/comments?post=8044"}],"wp:featuredmedia":[{"embeddable":true,"href":"https:\/\/test.wa-wi.pl\/index.php\/wp-json\/wp\/v2\/media\/7924"}],"wp:attachment":[{"href":"https:\/\/test.wa-wi.pl\/index.php\/wp-json\/wp\/v2\/media?parent=8044"}],"wp:term":[{"taxonomy":"pwb-brand","embeddable":true,"href":"https:\/\/test.wa-wi.pl\/index.php\/wp-json\/wp\/v2\/pwb-brand?post=8044"},{"taxonomy":"product_brand","embeddable":true,"href":"https:\/\/test.wa-wi.pl\/index.php\/wp-json\/wp\/v2\/product_brand?post=8044"},{"taxonomy":"product_cat","embeddable":true,"href":"https:\/\/test.wa-wi.pl\/index.php\/wp-json\/wp\/v2\/product_cat?post=8044"},{"taxonomy":"product_tag","embeddable":true,"href":"https:\/\/test.wa-wi.pl\/index.php\/wp-json\/wp\/v2\/product_tag?post=8044"}],"curies":[{"name":"wp","href":"https:\/\/api.w.org\/{rel}","templated":true}]}}