{"id":7788,"date":"2025-11-12T02:16:53","date_gmt":"2025-11-12T01:16:53","guid":{"rendered":"https:\/\/test.wa-wi.pl\/?page_id=7788"},"modified":"2025-11-12T02:16:53","modified_gmt":"2025-11-12T01:16:53","slug":"regulamin-sklepu","status":"publish","type":"page","link":"https:\/\/test.wa-wi.pl\/index.php\/regulamin-sklepu\/","title":{"rendered":"Regulamin sklepu"},"content":{"rendered":"\r\n<h3 class=\"wp-block-heading\"><strong>Regulamin strony<\/strong><\/h3>\r\n\r\n\r\n\r\n<p>W\u0142a\u015bcicielem sklepu internetowego Wa-Wi.pl\u00a0jest:<\/p>\r\n\r\n\r\n\r\n<p><strong>Wa-Wi Boutique<br \/>Agnieszka Wichiciel\u00a0<br \/>Marii Konopnickiej 14a<\/strong>,<br \/><strong>74-101 Gryfino. \u00a0 \u00a0 \u00a0 \u00a0 \u00a0 \u00a0 \u00a0 \u00a0 \u00a0 \u00a0 \u00a0 \u00a0 \u00a0 \u00a0 \u00a0 \u00a0 \u00a0 \u00a0 \u00a0 \u00a0 \u00a0 \u00a0 \u00a0 \u00a0 \u00a0 \u00a0 \u00a0 \u00a0 \u00a0 \u00a0<br \/>NIP 858-170-83-76. <\/strong><br \/><strong>REGON 380600783<\/strong><\/p>\r\n\r\n\r\n\r\n<p>Kontakt ze Sprzedaj\u0105cym jest mo\u017cliwy za po\u015brednictwem adresu mailowego: sklep@localhost b\u0105d\u017a numeru telefonu. +48 534 368 826<\/p>\r\n\r\n\r\n\r\n<p><strong>I. Definicje<\/strong><\/p>\r\n\r\n\r\n\r\n<p>W niniejszym regulaminie sklepu internetowego www.wa-wi.pl, zwanym dalej \u201eRegulaminem\u201d, pod poni\u017cszymi poj\u0119ciami nale\u017cy rozmie\u0107:<\/p>\r\n\r\n\r\n\r\n<p>\u201eSprzedawca\u201d \u2013 Wa-Wi Boutique Agnieszka Wichiciel ul.Marii Konopnickiej 14a 74-101 Gryfino NIP 8581708376 REGON 380600783<\/p>\r\n\r\n\r\n\r\n<p>\u201eSklep\u201d \u2013sklep internetowy znajduj\u0105cy si\u0119 na stronie internetowej www.wa-wi.pl oraz jej podstronach,<\/p>\r\n\r\n\r\n\r\n<p>\u201eKlient\u201d \u2013 ka\u017cda osoba, kt\u00f3ra zawar\u0142a ze Sprzedawc\u0105 umow\u0119 o za\u0142o\u017cenie konta w Sklepie lub bez zak\u0142adania konta w Sklepie z\u0142o\u017cy\u0142a zam\u00f3wienie; poj\u0119cie to oznacza r\u00f3wnie\u017c\u00a0osob\u0119, kt\u00f3ra nie posiada Konta i jest w trakcie sk\u0142adania zam\u00f3wienia,<\/p>\r\n\r\n\r\n\r\n<p>\u201eKonto\u201d \u2013 konto Klienta za\u0142o\u017cone przez niego w Sklepie zgodnie z zasadami okre\u015blonymi w Regulaminie.<\/p>\r\n\r\n\r\n\r\n<p><strong>II. Postanowienia og\u00f3lne<\/strong><\/p>\r\n\r\n\r\n\r\n<p>Celem dzia\u0142ania Sklepu jest sprzeda\u017c detaliczna odzie\u017cy damskiej. Sklep prowadzi sprzeda\u017c drog\u0105 wysy\u0142kow\u0105.<\/p>\r\n\r\n\r\n\r\n<p>Ceny znajduj\u0105ce si\u0119 na stronie sklepu przy oferowanych produktach s\u0105 cenami brutto i zawieraj\u0105 23% podatek VAT, chyba \u017ce zaznaczono inaczej. Ceny produkt\u00f3w\u00a0podawane s\u0105 w z\u0142otych polskich i nie zawieraj\u0105 koszt\u00f3w przesy\u0142ki.<\/p>\r\n\r\n\r\n\r\n<p>Do korzystania ze Sklepu nie jest konieczne spe\u0142nienie szczeg\u00f3lnych warunk\u00f3w technicznych przez komputer lub inne urz\u0105dzenie Klienta. Wystarczaj\u0105cy jest: dost\u0119p do Internetu, posiadanie adresu e-mail oraz standardowy system operacyjny i przegl\u0105darka internetowa.<\/p>\r\n\r\n\r\n\r\n<p>Korzystanie ze Sklepu oraz dokonywanie zakup\u00f3w jest r\u00f3wnoznaczne z akceptacj\u0105 w ca\u0142o\u015bci poni\u017cszego Regulaminu.<br \/>Sprzedaj\u0105cy informuje, \u017ce ma obowi\u0105zek dostarczy\u0107 towar wolny od wad. Minimalne r\u00f3\u017cnice w odbiorze kolor\u00f3w produkt\u00f3w mog\u0105 wynika\u0107 z indywidualnych ustawie\u0144 monitora. Wymiary produkt\u00f3w mog\u0105 r\u00f3\u017cni\u0107 si\u0119 nieznacznie od podanych w ofertach \u2013 dopuszczalne\u00a0jest wahanie +\/- 2 cm w rozmiarach ubra\u0144.<\/p>\r\n\r\n\r\n\r\n<p>Wszystkie zdj\u0119cia znajduj\u0105ce si\u0119 na stronie Sklepu s\u0105 w\u0142asno\u015bci\u0105 Sprzedaj\u0105cego i nie zgadza si\u0119 on na ich wykorzystywanie bez jego zgody.<\/p>\r\n\r\n\r\n\r\n<p><strong>III. Rejestracja<\/strong>\u00a0<\/p>\r\n\r\n\r\n\r\n<p>Warunkiem dokonywania zakup\u00f3w w Sklepie jest rejestracja (utworzenie) Konta u\u017cytkownika lub tzw. zakupy bez rejestracji.<\/p>\r\n\r\n\r\n\r\n<p>Rejestracja ma na celu uzyskanie przez Sprzedawc\u0119 danych niezb\u0119dnych do zrealizowania umowy, usprawnienie komunikacji z Klientem podczas procedury realizacji zam\u00f3wienia oraz u\u0142atwienie i skr\u00f3cenie czasu sk\u0142adania ewentualnych kolejnych zam\u00f3wie\u0144.<\/p>\r\n\r\n\r\n\r\n<p>Aby utworzy\u0107 Konto nale\u017cy wype\u0142ni\u0107 formularz rejestracyjny podaj\u0105c nast\u0119puj\u0105ce dane: imi\u0119, nazwisko, adres e-mail, telefon kontaktowy, adres dostawy towar\u00f3w. Dane osobowe s\u0105 przetwarzane zgodnie z Rozporz\u0105dzeniem Parlamentu Europejskiego i Rady UE\u00a02016\/679 z dnia 27 kwietnia 2016 r. w sprawie ochrony os\u00f3b fizycznych w zwi\u0105zku z przetwarzaniem danych osobowych i w sprawie\u00a0swobodnego przep\u0142ywu takich danych\u00a0w spos\u00f3b uniemo\u017cliwiaj\u0105cy dost\u0119p do nich nieuprawnionych os\u00f3b trzecich.<\/p>\r\n\r\n\r\n\r\n<p>Po dokonaniu rejestracji Klient mo\u017ce zalogowa\u0107 si\u0119 do sklepu internetowego www.wa-wi.pl.<\/p>\r\n\r\n\r\n\r\n<p><strong>IV. Procedura sk\u0142adania zam\u00f3wie\u0144\u00a0<\/strong><\/p>\r\n\r\n\r\n\r\n<p>W Sklepie mo\u017cna sk\u0142ada\u0107 zam\u00f3wienia 7 dni w tygodniu przez 24 godziny na dob\u0119.<\/p>\r\n\r\n\r\n\r\n<p>Wyb\u00f3r Produkt\u00f3w przez Klienta jest dokonywany poprzez dodanie ich do ,,Koszyka\u201d,a\u00a0Zam\u00f3wienie sk\u0142adane jest poprzez uzupe\u0142nienie danych wskazanych w Formularzu Zam\u00f3wienia jako obowi\u0105zek oraz klikni\u0119cie przycisku ,,Zamawiam z obowi\u0105zkiem zap\u0142aty\u201d.\u00a0<\/p>\r\n\r\n\r\n\r\n<p>W trakcie sk\u0142adania Zam\u00f3wienia &#8211; do momenty naci\u015bni\u0119cia przycisku ,,Zamawiam z obowi\u0105zkiem zap\u0142aty\u201d- Klient ma mo\u017cliwo\u015b\u0107 modyfikacji wprowadzonych danych oraz zakresu wybranych produkt\u00f3w. W tym celu nale\u017cy kierowa\u0107 si\u0119 wy\u015bwietlanymi Klientowi\u00a0komunikatami oraz informacjami dost\u0119pnymi na stronie.<\/p>\r\n\r\n\r\n\r\n<p>Po z\u0142o\u017ceniu Zam\u00f3wienia Sprzedawca niezw\u0142ocznie potwierdza jego otrzymanie.<\/p>\r\n\r\n\r\n\r\n<p>Na adres e-mail Klienta zostanie przes\u0142ana wiadomo\u015b\u0107 zawieraj\u0105ca podsumowanie zam\u00f3wienia i potwierdzaj\u0105ca przyj\u0119cie zam\u00f3wienia do realizacji.<\/p>\r\n\r\n\r\n\r\n<p><strong>V. Realizacja zam\u00f3wienia<\/strong><\/p>\r\n\r\n\r\n\r\n<p>Wi\u0105\u017c\u0105c\u0105 dla Stron transakcji jest cena widniej\u0105ca przy towarze w momencie z\u0142o\u017cenia zam\u00f3wienia.<\/p>\r\n\r\n\r\n\r\n<p>Zam\u00f3wienia b\u0119d\u0105 przyjmowane do realizacji niezw\u0142ocznie, nie p\u00f3\u017aniej ni\u017c w terminie do 3 dni roboczych po z\u0142o\u017ceniu przez Klienta zam\u00f3wienia.<\/p>\r\n\r\n\r\n\r\n<p>Realizacja wszystkich zam\u00f3wie\u0144 wykonywana jest starannie, dok\u0142adnie i w odpowiednio mo\u017cliwie najkr\u00f3tszym terminie \u2013 zwykle w terminie 24 godzin.<\/p>\r\n\r\n\r\n\r\n<p>W przypadku niemo\u017cliwo\u015bci realizacji zam\u00f3wienia Klienta spowodowanej brakiem kt\u00f3rejkolwiek pozycji z zam\u00f3wienia, Klient zostanie o tym fakcie niezw\u0142ocznie poinformowany. Je\u015bli Klient wyrazi na to zgod\u0119 zam\u00f3wienie zostanie zrealizowane bez brakuj\u0105cych pozycji. W\u00a0innym przypadku, zam\u00f3wienie nie zostanie zrealizowane i \u2013 gdy dokonano przedp\u0142aty \u2013 ca\u0142o\u015b\u0107 otrzymanej kwoty zostanie zwr\u00f3cona\u00a0 Klientowi.<\/p>\r\n\r\n\r\n\r\n<p>Zam\u00f3wienia w sklepie nie b\u0119d\u0105 realizowane w przypadku b\u0142\u0119dnie wype\u0142nionego formularza zam\u00f3wienia b\u0105d\u017a w przypadku podania niekompletnych danych osobowych, w tym b\u0142\u0119dnego, nieprawdziwego lub niekompletnego adresu dostawy towar\u00f3w.<\/p>\r\n\r\n\r\n\r\n<p><strong>VI. P\u0142atno\u015b\u0107 i dostawa<\/strong><\/p>\r\n\r\n\r\n\r\n<p>1. Klienci mog\u0105 dokonywa\u0107 p\u0142atno\u015bci za z\u0142o\u017cone zam\u00f3wienia bezpo\u015brednio na rachunek bankowy Sprzedawcy:<br \/>Bank PKO BP : 97 1020 4812 0000 0702 0180 1406<br \/><br \/>Wa-Wi Boutique\u00a0<br \/>Agnieszka Wichiciel<br \/>ul.Marii Konopnickiej 14a <br \/>74-101 Gryfino\u00a0<\/p>\r\n\r\n\r\n\r\n<p>2. P\u0142atno\u015bci elektroniczne i p\u0142atno\u015bci karta p\u0142atnicz\u0105 za po\u015brednictwem serwisu https:\/\/przelewy24.pl\/- aktualne dost\u0119pne sposoby p\u0142atno\u015bci okre\u015blone s\u0105 na stronie Sklepu Internetowego oraz na stronie https:\/\/przelewy24.pl\/.<\/p>\r\n\r\n\r\n\r\n<p>3. P\u0142atno\u015bci elektroniczne i p\u0142atno\u015bci za po\u015brednictwem serwisu paypal- aktualnie dost\u0119pne sposoby p\u0142atno\u015bci okre\u015blone s\u0105 na stronie Sklepu\u00a0 Internetowego w zak\u0142adce ,,Dostawa i p\u0142atno\u015bci\u201doraz na stronie internetowej http:\/\/www.paypal.pl.<\/p>\r\n\r\n\r\n\r\n<p>4. Rozliczenia transakcji p\u0142atno\u015bciami elektronicznymi i kart\u0105 p\u0142atnicz\u0105 przeprowadzane s\u0105 zgodnie z wyborem Klienta za po\u015brednictwem serwisu Przelewy24.pl lub PayPal. Obs\u0142ug\u0119 p\u0142atno\u015bci elektronicznych i kart\u0105 p\u0142atnicz\u0105 prowadzi grupa Przelewy24.pl \u2013 w sk\u0142ad kt\u00f3rej\u00a0wchodz\u0105 sp\u00f3\u0142ki: DialCom24 Sp. z o.o. z siedzib\u0105 w Poznaniu (adres siedziby: 60-327 Pozna\u0144, ul. Kanclerska 15), wpisana do Rejestru\u00a0Przedsi\u0119biorc\u00f3w Krajowego Rejestru S\u0105dowego pod numerem 0000306513, akta rejestrowe przechowywane przez S\u0105d Rejonowy\u00a0Pozna\u0144, VIII Wydz. Gospodarczy Krajowego Rejestru S\u0105dowego, kapita\u0142 zak\u0142adowy w wysoko\u015bci 1 697 000 z\u0142, NIP 781-173-38-52 oraz:\u00a0 PayPro SA\u00a0 z siedzib\u0105 w Poznaniu (adres siedziby: 60-327 Pozna\u0144, ul. Kanclerska 15), wpisana do Rejestru Przedsi\u0119biorc\u00f3w Krajowego\u00a0Rejestru S\u0105dowego pod numerem 0000347935, akta rejestrowe przechowywane przez S\u0105d Rejonowy Pozna\u0144, VIII Wydz. Gospodarczy\u00a0Krajowego Rejestru S\u0105dowego, kapita\u0142 zak\u0142adowy w wysoko\u015bci 4 500 000 z\u0142, NIP 779-236-98-87. Firma PayPal (Europe) S.\u00e0 r.l. &amp; Cie,\u00a0 S.C.A z siedzib\u0105 pod adresem L-1150 w Luksemburgu dysponuje wa\u017cn\u0105 licencj\u0105 jako luksemburska instytucja kredytowa w rozumieniu\u00a0 artyku\u0142u 2 ustawy o sektorze finansowym z 5 kwietnia 1993 roku w wersji poprawionej i podlega \u015bcis\u0142emu nadzorowi luksemburskiej\u00a0instytucji nadzorczej, Commission de Surveillance du Secteur Financier (Komisji Nadzoru Sektora Finansowego). Ze wzgl\u0119du na fakt, \u017ce\u00a0us\u0142uga jest ograniczona do operacji finansowych w postaci elektronicznej, kt\u00f3re w duchu Ustawy nie s\u0105 uznawane za depozyty ani us\u0142ugi inwestycyjne, klienci firmy PayPal nie s\u0105 chronieni programami gwarancji depozyt\u00f3w na terenie Luksemburga, prowadzonymi przez\u00a0stowarzyszenie Association pour la Garantie des D\u00e9p\u00f4ts Luxembourg (AGDL).<\/p>\r\n\r\n\r\n\r\n<p>5. Klienta obowi\u0105zuj\u0105 nast\u0119puj\u0105ce terminy p\u0142atno\u015bci:<br \/>a)\u00a0w przypadku wyboru przez Klienta p\u0142atno\u015bci przelewem, p\u0142atno\u015bci elektronicznych albo p\u0142atno\u015bci kart\u0105 p\u0142atnicz\u0105, Klient obowi\u0105zany jest\u00a0 do dokonania p\u0142atno\u015bci w terminie 3 dni kalendarzowych od dnia zawarcia Umowy Sprzeda\u017cy,w przypadku nieop\u0142acenia zam\u00f3wienia przez 3 dni, zamowienie zostanie anulowane .<br \/>b)\u00a0w przypadku wyboru przez Klienta p\u0142atno\u015bci got\u00f3wk\u0105 za pobraniem przy odbiorze przesy\u0142ki, Klient obowi\u0105zany jest do dokonania p\u0142atno\u015bci przy odbiorze przesy\u0142ki.<\/p>\r\n\r\n\r\n\r\n<p>6.Dostawa Produktu do Klienta jest odp\u0142atna, chyba \u017ce w opisie Produktu lub w trakcie sk\u0142adania Zam\u00f3wienia wskazano inaczej Koszty dostawy Produktu (w tym op\u0142aty za transport, dostarczenie i us\u0142ugi pocztowe) s\u0105 wskazywane Klientowi na stronach Sklepu Internetowego w zak\u0142adce \u201eDostawa i p\u0142atno\u015bci\u201d oraz w trakcie sk\u0142adania Zam\u00f3wienia.<\/p>\r\n\r\n\r\n\r\n<p>7.Sprzedawca udost\u0119pnia Klientowi nast\u0119puj\u0105ce sposoby dostawy lub odbioru Produktu:<br \/>a) przesy\u0142ka kurierem DPD Polska, przesy\u0142ka kurierem DPD Polska pobraniowa, dla dostaw na terenie kraju,<br \/>b) przesy\u0142ka kurierem DPD Polska dla dostaw zagranicznych,<br \/>c) odbi\u00f3r osobisty w punkcie znajduj\u0105cym si\u0119 w Gryfinie przy ul. Marii Konopnickiej 14a, 74-101 Gryfino.\u00a0<\/p>\r\n\r\n\r\n\r\n<p>8.Termin wys\u0142ania przesy\u0142ki zawieraj\u0105cej zakupiony Produkt do Klienta na terenie kraju i za granice nast\u0119puje niezw\u0142ocznie w ci\u0105gu 24h czas\u00a0 mo\u017ce jednak wyd\u0142u\u017cy\u0107 si\u0119 \u00a0do 3 dni roboczych . \u00a0Pocz\u0105tek biegu terminu wysy\u0142ek Produktu do Klienta liczy si\u0119 w nast\u0119puj\u0105cy spos\u00f3b:<br \/>a) w przypadku wyboru przez Klienta sposobu p\u0142atno\u015bci przelewem, p\u0142atno\u015bci elektronicznej lub kart\u0105 p\u0142atnicz\u0105 &#8211; od dnia uznania rachunku bankowego lub konta rozliczeniowego Sprzedawcy,<br \/>b) w przypadku wyboru przez Klienta sposobu p\u0142atno\u015bci got\u00f3wk\u0105 za pobraniem \u2013 od dnia zawarcia Umowy Sprzeda\u017cy.<\/p>\r\n\r\n\r\n\r\n<p><strong>VII. Warunki reklamacji towar\u00f3w<\/strong><\/p>\r\n\r\n\r\n\r\n<p>Reklamacje, tj. zg\u0142oszenie niezgodno\u015bci zakupionego towaru z umow\u0105, b\u0119d\u0105 rozpatrywane na podstawie og\u00f3lnie obowi\u0105zuj\u0105cych przepis\u00f3w w Rzeczypospolitej Polskiej. Reklamowane towary nale\u017cy wys\u0142a\u0107 na koszt Klienta na adres: Wa-Wi Boutique ul.Marii\u00a0Konopnickiej 14a 74-101 Gryfino<\/p>\r\n\r\n\r\n\r\n<p>Podstaw\u0105 przyj\u0119cia reklamacji jest przys\u0142anie reklamowanego towaru z do\u0142\u0105czonym potwierdzeniem zakupu.<\/p>\r\n\r\n\r\n\r\n<p>Potwierdzenie zakupu stanowi paragon fiskalny, faktura VAT, wydruk e-maila potwierdzaj\u0105cego z\u0142o\u017cenia zam\u00f3wienie w sklepie lub jakikolwiek inny dokument potwierdzaj\u0105cy dokonanie transakcji (np. wydruk potwierdzenia przelewu z banku).<br \/>Reklamacja zostanie rozpatrzona w ci\u0105gu 14 dni od daty dostarczenia uszkodzonego towaru na adres firmy.<\/p>\r\n\r\n\r\n\r\n<p>W przypadku uznania reklamacji, towar zostanie naprawiony b\u0105d\u017a wymieniony na nowy i zostanie odes\u0142any na koszt Sklepu na adres Klienta.<\/p>\r\n\r\n\r\n\r\n<p>Gdy reklamowanego towaru nie b\u0119dzie mo\u017cna naprawi\u0107 b\u0105d\u017a wymieni\u0107 na nowy, Sklep zwr\u00f3ci Klientowi pe\u0142n\u0105 sum\u0119 za wadliwy towar, wraz z dodatkowymi poniesionymi kosztami wysy\u0142ki, na wskazany przez Klienta rachunek bankowy.<\/p>\r\n\r\n\r\n\r\n<p><strong>VIII. Odst\u0105pienie od umowy sprzeda\u017cy\/zwrot produkt\u00f3w<\/strong><\/p>\r\n\r\n\r\n\r\n<p>Klient ma prawo odst\u0105pienia od umowy sprzeda\u017cy zawartej ze Sprzedawc\u0105, bez podania przyczyn, w terminie 14 dni od dnia, w kt\u00f3rym Klient wszed\u0142 w posiadanie rzeczy lub w kt\u00f3rym osoba trzecia inna ni\u017c przewo\u017anik i wskazana przez Klienta wesz\u0142a w posiadanie rzeczy.<\/p>\r\n\r\n\r\n\r\n<p>Je\u017celi przedmiotem umowy jest wiele rzeczy, kt\u00f3re s\u0105 dostarczane osobno, termin ten wygasa po up\u0142ywie 14 dni od dnia, w kt\u00f3rym Klient\u00a0 wszed\u0142 w posiadanie ostatniej z rzeczy lub w kt\u00f3rym osoba trzecia inna ni\u017c przewo\u017anik i wskazana przez Klienta wesz\u0142a w\u00a0 posiadanie ostatniej z rzeczy.<\/p>\r\n\r\n\r\n\r\n<p>Aby skorzysta\u0107 z prawa odst\u0105pienia od umowy, Klient powinien poinformowa\u0107 Sprzedawc\u0119 o swojej decyzji o odst\u0105pieniu od umowy w drodze jednoznacznego o\u015bwiadczenia (na przyk\u0142ad z\u0142o\u017conego na pi\u015bmie przes\u0142anym poczt\u0105 na adres: Wa-Wi ul.Marii Konopnickiej 14a , 74-101 Gryfino lub poczt\u0105 elektroniczn\u0105 na adres email Sprzedawcy: sklep@localhost<br \/>Z opisanego wy\u017cej uprawnienia do zwrotu nie mog\u0105 skorzysta\u0107 osoby, kt\u00f3re nabywaj\u0105 dany towar w zwi\u0105zku z prowadzon\u0105 przez siebie dzia\u0142alno\u015bci\u0105 gospodarcz\u0105.<\/p>\r\n\r\n\r\n\r\n<p>W przypadku odst\u0105pienia od umowy Sprzedawca zwraca Klientowi wszystkie otrzymane od niego p\u0142atno\u015bci, w tym koszty dostarczenia rzeczy (z wyj\u0105tkiem dodatkowych koszt\u00f3w wynikaj\u0105cych z wybranego przez Klienta sposobu dostarczenia innego ni\u017c najta\u0144szy zwyk\u0142y spos\u00f3b dostarczenia oferowany przez Sprzedawc\u0119), niezw\u0142ocznie, a w ka\u017cdym przypadku nie p\u00f3\u017aniej ni\u017c 14 dni od dnia otrzymania\u00a0o\u015bwiadczenia Klienta o odst\u0105pieniu od umowy.<\/p>\r\n\r\n\r\n\r\n<p>Sprzedawca zwraca Kupuj\u0105cemu dokonane przez niego p\u0142atno\u015bci przy u\u017cyciu takiego samego sposobu zap\u0142aty, jakiego u\u017cy\u0142 klient, chyba \u017ce Klient wyra\u017anie zgodzi\u0142 si\u0119 na inny spos\u00f3b zwrotu, kt\u00f3ry nie wi\u0105\u017ce si\u0119 z \u017cadnymi kosztami.<br \/>Sprzedawca mo\u017ce wstrzyma\u0107 si\u0119 ze zwrotem p\u0142atno\u015bci do chwili otrzymania rzeczy.<\/p>\r\n\r\n\r\n\r\n<p>Klient powinien odes\u0142a\u0107 rzecz wraz z formularzem zwrotu do Sprzedawcy niezw\u0142ocznie, a w ka\u017cdym razie nie p\u00f3\u017aniej ni\u017c 14 dni od dnia, w\u00a0 kt\u00f3rym poinformowa\u0142 o odst\u0105pieniu od umowy. Termin jest zachowany, je\u017celi Klient ode\u015ble rzecz przed up\u0142ywem terminu 14 dni.<\/p>\r\n\r\n\r\n\r\n<p>W przypadku, gdy nie dosz\u0142o do zwrotu towaru przez Klienta w wymaganym terminie z przyczyn, za kt\u00f3re Klient ponosi odpowiedzialno\u015b\u0107,\u00a0 przypisuje mu si\u0119 zw\u0142ok\u0119. W takim wypadku Sprzedawca mo\u017ce \u017c\u0105da\u0107 naprawienia szkody wynikaj\u0105cej ze zw\u0142oki.<\/p>\r\n\r\n\r\n\r\n<p>Klient ponosi bezpo\u015brednie koszty zwrotu rzeczy.<\/p>\r\n\r\n\r\n\r\n<p>Przed odst\u0105pieniem od umowy Klient ma prawo korzystania z rzeczy tylko w taki spos\u00f3b, w jaki zrobi\u0142by to w sklepie stacjonarnym.<\/p>\r\n\r\n\r\n\r\n<p>Klient odpowiada za zmniejszenie warto\u015bci rzeczy wynikaj\u0105ce z korzystania z niej w spos\u00f3b inny ni\u017c by\u0142o to konieczne do stwierdzenia\u00a0charakteru, cech i funkcjonowania rzeczy.<\/p>\r\n\r\n\r\n\r\n<p>W przypadku, gdy Klient zwraca rzecz nadmiernie zu\u017cyt\u0105, zniszczon\u0105 lub uszkodzon\u0105, Sprzedawca ma prawo obci\u0105\u017cy\u0107 Konsumenta kwot\u0105\u00a0 odszkodowania z tego tytu\u0142u. W tym celu Sprzedawca wezwie Kupuj\u0105cego do zap\u0142aty, a nast\u0119pnie b\u0119dzie uprawniony do\u00a0potr\u0105cenia wierzytelno\u015bci z tytu\u0142u odszkodowania za zmniejszenie warto\u015bci rzeczy z wierzytelno\u015bci Klienta o zwrot koszt\u00f3w wynikaj\u0105cych z\u00a0 odst\u0105pienia od zawartej umowy.<\/p>\r\n\r\n\r\n\r\n<p>Sklep nie odbiera przesy\u0142ek wys\u0142anych za pobraniem.<\/p>\r\n\r\n\r\n\r\n<p>Adres do zwrot\u00f3w to:<br \/>Wa-Wi Boutique<br \/>ul.Marii Konopnickiej 14a<br \/>74-101 Gryfino<\/p>\r\n\r\n\r\n\r\n<p>Wz\u00f3r formularza zwrotu stanowi za\u0142\u0105cznik do niniejszego Regulaminu.<\/p>\r\n\r\n\r\n\r\n<p><strong>IX. Postanowienia ko\u0144cowe<\/strong><\/p>\r\n\r\n\r\n\r\n<p>W sprawach nieuregulowanych w niniejszym regulaminie maj\u0105 zastosowanie przepisy powszechnie obowi\u0105zuj\u0105cego prawa, a zw\u0142aszcza\u00a0Kodeksu Cywilnego oraz przepisy Ustawy o szczeg\u00f3lnych warunkach sprzeda\u017cy konsumenckiej oraz zmianie Kodeksu cywilnego (Dz. U. Nr\u00a0 141 z 2002 r. poz. 1176) i Ustawy o ochronie niekt\u00f3rych praw konsument\u00f3w oraz o odpowiedzialno\u015bci za szkod\u0119 wyrz\u0105dzon\u0105 przez\u00a0produkt niebezpieczny (Dz. U. Nr 22 z 2000 r. poz. 271).<br \/>W przypadku zmiany Regulaminu zam\u00f3wienia z\u0142o\u017cone przed dat\u0105 wprowadzenia zmian do niniejszego regulaminu b\u0119d\u0105 realizowane na podstawie zasad obowi\u0105zuj\u0105cych przed wprowadzeniem zamian. <br \/>Za\u0142\u0105cznik do Regulaminu \u2013\u00a0<a href=\"http:\/\/localhost\/wawi\/wp-content\/uploads\/2019\/11\/formularz-do-pobrania.pdf\" target=\"_blank\" rel=\"noreferrer noopener\" aria-label=\" (otwiera si\u0119 na nowej zak\u0142adce)\"><strong>FORMULARZ ZWROTU<\/strong><\/a><\/p>\r\n","protected":false},"excerpt":{"rendered":"<p>Regulamin strony W\u0142a\u015bcicielem sklepu internetowego Wa-Wi.pl\u00a0jest: Wa-Wi BoutiqueAgnieszka Wichiciel\u00a0Marii Konopnickiej 14a,74-101 Gryfino. \u00a0 \u00a0 \u00a0 \u00a0 \u00a0 \u00a0 \u00a0 \u00a0 \u00a0 \u00a0 \u00a0 \u00a0 \u00a0 \u00a0 \u00a0 \u00a0 \u00a0 \u00a0 \u00a0 \u00a0 \u00a0 \u00a0 \u00a0 \u00a0 \u00a0 \u00a0 \u00a0 \u00a0 \u00a0 \u00a0NIP 858-170-83-76. REGON 380600783 Kontakt ze Sprzedaj\u0105cym jest mo\u017cliwy za po\u015brednictwem adresu mailowego: sklep@localhost [&hellip;]<\/p>\n","protected":false},"author":1,"featured_media":0,"parent":0,"menu_order":0,"comment_status":"closed","ping_status":"closed","template":"","meta":{"_acf_changed":false,"footnotes":""},"class_list":["post-7788","page","type-page","status-publish","hentry"],"acf":[],"_links":{"self":[{"href":"https:\/\/test.wa-wi.pl\/index.php\/wp-json\/wp\/v2\/pages\/7788","targetHints":{"allow":["GET"]}}],"collection":[{"href":"https:\/\/test.wa-wi.pl\/index.php\/wp-json\/wp\/v2\/pages"}],"about":[{"href":"https:\/\/test.wa-wi.pl\/index.php\/wp-json\/wp\/v2\/types\/page"}],"author":[{"embeddable":true,"href":"https:\/\/test.wa-wi.pl\/index.php\/wp-json\/wp\/v2\/users\/1"}],"replies":[{"embeddable":true,"href":"https:\/\/test.wa-wi.pl\/index.php\/wp-json\/wp\/v2\/comments?post=7788"}],"version-history":[{"count":2,"href":"https:\/\/test.wa-wi.pl\/index.php\/wp-json\/wp\/v2\/pages\/7788\/revisions"}],"predecessor-version":[{"id":7790,"href":"https:\/\/test.wa-wi.pl\/index.php\/wp-json\/wp\/v2\/pages\/7788\/revisions\/7790"}],"wp:attachment":[{"href":"https:\/\/test.wa-wi.pl\/index.php\/wp-json\/wp\/v2\/media?parent=7788"}],"curies":[{"name":"wp","href":"https:\/\/api.w.org\/{rel}","templated":true}]}}