{"id":25,"date":"2024-11-27T00:49:26","date_gmt":"2024-11-27T00:49:26","guid":{"rendered":"http:\/\/sw-themes.com\/porto_dummy\/?page_id=25"},"modified":"2025-11-12T02:48:02","modified_gmt":"2025-11-12T01:48:02","slug":"reklamacje-i-zwroty","status":"publish","type":"page","link":"https:\/\/test.wa-wi.pl\/index.php\/reklamacje-i-zwroty\/","title":{"rendered":"Reklamacje i zwroty"},"content":{"rendered":"\t\t<div data-elementor-type=\"wp-page\" data-elementor-id=\"25\" class=\"elementor elementor-25\">\n\t\t\t\t<div class=\"elementor-element elementor-element-d54857f e-flex e-con-boxed e-con e-parent\" data-id=\"d54857f\" data-element_type=\"container\">\r\n\t\t\t\t\t<div class=\"e-con-inner\">\r\n\t\t\t\t<div class=\"elementor-element elementor-element-ea1ad1d elementor-widget elementor-widget-porto_ultimate_heading\" data-id=\"ea1ad1d\" data-element_type=\"widget\" data-widget_type=\"porto_ultimate_heading.default\">\n\t\t\t\t\t<div class=\"porto-u-heading  porto-u-7cde7bb859728a21207628191890e260\"><div class=\"porto-u-sub-heading\" style=\"\">\n<h3 class=\"wp-block-heading\">\n\nReklamacje i zwroty\n\n<\/h3>\n\n\n\n<p>\n\nWarunki reklamacji towar\u00f3w<\/p>\n\n\n\n<p>1. Reklamacje, tj. zg\u0142oszenie niezgodno\u015bci zakupionego towaru z umow\u0105, b\u0119d\u0105 rozpatrywane na podstawie og\u00f3lnie obowi\u0105zuj\u0105cych przepis\u00f3w w Rzeczypospolitej Polskiej. Reklamowane towary nale\u017cy wys\u0142a\u0107 na koszt Klienta na adres: Wa-Wi Boutique ul.Marii Konopnickiej 14a 74-101 Gryfino<\/p>\n\n\n\n<p>2. Podstaw\u0105 przyj\u0119cia reklamacji jest przys\u0142anie reklamowanego towaru z do\u0142\u0105czonym potwierdzeniem zakupu.<\/p>\n\n\n\n<p>3. Potwierdzenie zakupu stanowi paragon fiskalny, faktura VAT, wydruk e-maila potwierdzaj\u0105cego z\u0142o\u017cenia zam\u00f3wienie w sklepie lub jakikolwiek inny dokument potwierdzaj\u0105cy dokonanie transakcji (np. wydruk potwierdzenia przelewu z banku).<\/p>\n\n\n\n<p>4. Reklamacja zostanie rozpatrzona w ci\u0105gu 14 dni od daty dostarczenia uszkodzonego towaru na adres firmy.<\/p>\n\n\n\n<p>5. W przypadku uznania reklamacji, towar zostanie naprawiony b\u0105d\u017a wymieniony na nowy i zostanie odes\u0142any na koszt Sklepu na adres Klienta.<\/p>\n\n\n\n<p>6. Gdy reklamowanego towaru nie b\u0119dzie mo\u017cna naprawi\u0107 b\u0105d\u017a wymieni\u0107 na nowy, Sklep zwr\u00f3ci Klientowi pe\u0142n\u0105 sum\u0119 za wadliwy towar, wraz z dodatkowymi poniesionymi kosztami wysy\u0142ki, na wskazany przez Klienta rachunek bankowy.<\/p>\n\n\n\n<p>Odst\u0105pienie od umowy sprzeda\u017cy\/zwrot produkt\u00f3w<\/p>\n\n\n\n<p>1. Klient ma prawo odst\u0105pienia od umowy sprzeda\u017cy zawartej ze Sprzedawc\u0105, bez podania przyczyn, w terminie 14 dni od dnia, w kt\u00f3rym Klient wszed\u0142 w posiadanie rzeczy lub w kt\u00f3rym osoba trzecia inna ni\u017c przewo\u017anik i wskazana przez Klienta wesz\u0142a w posiadanie rzeczy.<\/p>\n\n\n\n<p>2. Je\u017celi przedmiotem umowy jest wiele rzeczy, kt\u00f3re s\u0105 dostarczane osobno, termin ten wygasa po up\u0142ywie 14 dni od dnia, w kt\u00f3rym Klient wszed\u0142 w posiadanie ostatniej z rzeczy lub w kt\u00f3rym osoba trzecia inna ni\u017c przewo\u017anik i wskazana przez Klienta wesz\u0142a w posiadanie ostatniej z rzeczy.<\/p>\n\n\n\n<p>3. Aby skorzysta\u0107 z prawa odst\u0105pienia od umowy, Klient powinien poinformowa\u0107 Sprzedawc\u0119 o swojej decyzji o odst\u0105pieniu od umowy w drodze jednoznacznego o\u015bwiadczenia (na przyk\u0142ad z\u0142o\u017conego na pi\u015bmie przes\u0142anym poczt\u0105 na adres: Wa-Wi Boutique ul.Marii Konopnickiej 14a 74-101 Gryfino lub poczt\u0105 elektroniczn\u0105 na adres email Sprzedawcy:sklep@localhost<br>Z opisanego wy\u017cej uprawnienia do zwrotu nie mog\u0105 skorzysta\u0107 osoby, kt\u00f3re nabywaj\u0105 dany towar w zwi\u0105zku z prowadzon\u0105 przez siebie dzia\u0142alno\u015bci\u0105 gospodarcz\u0105.<\/p>\n\n\n\n<p>4. W przypadku odst\u0105pienia od umowy Sprzedawca zwraca Klientowi wszystkie otrzymane od niego p\u0142atno\u015bci, w tym koszty dostarczenia rzeczy (z wyj\u0105tkiem dodatkowych koszt\u00f3w wynikaj\u0105cych z wybranego przez Klienta sposobu dostarczenia innego ni\u017c najta\u0144szy zwyk\u0142y spos\u00f3b dostarczenia oferowany przez Sprzedawc\u0119), niezw\u0142ocznie, a w ka\u017cdym przypadku nie p\u00f3\u017aniej ni\u017c 14 dni od dnia otrzymania o\u015bwiadczenia Klienta o odst\u0105pieniu od umowy.<\/p>\n\n\n\n<p>5. Sprzedawca zwraca Kupuj\u0105cemu dokonane przez niego p\u0142atno\u015bci przy u\u017cyciu takiego samego sposobu zap\u0142aty, jakiego u\u017cy\u0142 klient, chyba \u017ce Klient wyra\u017anie zgodzi\u0142 si\u0119 na inny spos\u00f3b zwrotu, kt\u00f3ry nie wi\u0105\u017ce si\u0119 z \u017cadnymi kosztami.<\/p>\n\n\n\n<p>6. Sprzedawca mo\u017ce wstrzyma\u0107 si\u0119 ze zwrotem p\u0142atno\u015bci do chwili otrzymania rzeczy.<\/p>\n\n\n\n<p>7. Klient powinien odes\u0142a\u0107 rzecz wraz z formularzem zwrotu do Sprzedawcy niezw\u0142ocznie, a w ka\u017cdym razie nie p\u00f3\u017aniej ni\u017c 14 dni od dnia, w kt\u00f3rym poinformowa\u0142 o odst\u0105pieniu od umowy. Termin jest zachowany, je\u017celi Klient ode\u015ble rzecz przed up\u0142ywem terminu 14 dni.<\/p>\n\n\n\n<p>8. W przypadku, gdy nie dosz\u0142o do zwrotu towaru przez Klienta w wymaganym terminie z przyczyn, za kt\u00f3re Klient ponosi odpowiedzialno\u015b\u0107, przypisuje mu si\u0119 zw\u0142ok\u0119. W takim wypadku Sprzedawca mo\u017ce \u017c\u0105da\u0107 naprawienia szkody wynikaj\u0105cej ze zw\u0142oki.<\/p>\n\n\n\n<p>9. Klient ponosi bezpo\u015brednie koszty zwrotu rzeczy.<\/p>\n\n\n\n<p>10. Przed odst\u0105pieniem od umowy Klient ma prawo korzystania z rzeczy tylko w taki spos\u00f3b, w jaki zrobi\u0142by to w sklepie stacjonarnym.<\/p>\n\n\n\n<p>11. Klient odpowiada tylko za zmniejszenie warto\u015bci rzeczy wynikaj\u0105ce z korzystania z niej w spos\u00f3b inny ni\u017c by\u0142o to konieczne do stwierdzenia charakteru, cech i funkcjonowania rzeczy.<\/p>\n\n\n\n<p>12. W przypadku, gdy Klient zwraca rzecz nadmiernie zu\u017cyt\u0105, zniszczon\u0105 lub uszkodzon\u0105, Sprzedawca ma prawo obci\u0105\u017cy\u0107 Konsumenta kwot\u0105 odszkodowania z tego tytu\u0142u. W tym celu Sprzedawca wezwie Kupuj\u0105cego do zap\u0142aty, a nast\u0119pnie b\u0119dzie uprawniony do potr\u0105cenia wierzytelno\u015bci z tytu\u0142u odszkodowania za zmniejszenie warto\u015bci rzeczy z wierzytelno\u015bci Klienta o zwrot koszt\u00f3w wynikaj\u0105cych z odst\u0105pienia od zawartej umowy.<\/p>\n\n\n\n<p>13. Sklep nie odbiera przesy\u0142ek wys\u0142anych za pobraniem.<\/p>\n\n\n\n<p>14. Adres do zwrot\u00f3w, to: Wa-Wi Boutique Ul.Marii Konopnickiej 14a, 74-101 Gryfino <\/p>\n\n\n\n<p>Za\u0142\u0105cznik do Regulaminu \u2013\u00a0<a href=\"http:\/\/localhost\/wawi\/wp-content\/uploads\/2019\/11\/formularz-do-pobrania.pdf\" target=\"_blank\" rel=\"noreferrer noopener\" aria-label=\" (otwiera si\u0119 na nowej zak\u0142adce)\"><strong>FORMULARZ ZWROTU<\/strong><\/a><br><\/p>\n<\/div><style>.porto-u-7cde7bb859728a21207628191890e260.porto-u-heading{text-align:left}<\/style><\/div>\t\t\t\t<\/div>\n\t\t\t\t\t<\/div>\n\t\t\t\t<\/div>\n\t\t\t\t<\/div>\n\t\t","protected":false},"excerpt":{"rendered":"<p>Reklamacje i zwroty Warunki reklamacji towar\u00f3w 1. Reklamacje, tj. zg\u0142oszenie niezgodno\u015bci zakupionego towaru z umow\u0105, b\u0119d\u0105 rozpatrywane na podstawie og\u00f3lnie obowi\u0105zuj\u0105cych przepis\u00f3w w Rzeczypospolitej Polskiej. Reklamowane towary nale\u017cy wys\u0142a\u0107 na koszt Klienta na adres: Wa-Wi Boutique ul.Marii Konopnickiej 14a 74-101 Gryfino 2. Podstaw\u0105 przyj\u0119cia reklamacji jest przys\u0142anie reklamowanego towaru z do\u0142\u0105czonym potwierdzeniem zakupu. 3. Potwierdzenie [&hellip;]<\/p>\n","protected":false},"author":1,"featured_media":0,"parent":0,"menu_order":0,"comment_status":"closed","ping_status":"closed","template":"","meta":{"_acf_changed":false,"footnotes":""},"class_list":["post-25","page","type-page","status-publish","hentry"],"acf":[],"_links":{"self":[{"href":"https:\/\/test.wa-wi.pl\/index.php\/wp-json\/wp\/v2\/pages\/25","targetHints":{"allow":["GET"]}}],"collection":[{"href":"https:\/\/test.wa-wi.pl\/index.php\/wp-json\/wp\/v2\/pages"}],"about":[{"href":"https:\/\/test.wa-wi.pl\/index.php\/wp-json\/wp\/v2\/types\/page"}],"author":[{"embeddable":true,"href":"https:\/\/test.wa-wi.pl\/index.php\/wp-json\/wp\/v2\/users\/1"}],"replies":[{"embeddable":true,"href":"https:\/\/test.wa-wi.pl\/index.php\/wp-json\/wp\/v2\/comments?post=25"}],"version-history":[{"count":4,"href":"https:\/\/test.wa-wi.pl\/index.php\/wp-json\/wp\/v2\/pages\/25\/revisions"}],"predecessor-version":[{"id":7818,"href":"https:\/\/test.wa-wi.pl\/index.php\/wp-json\/wp\/v2\/pages\/25\/revisions\/7818"}],"wp:attachment":[{"href":"https:\/\/test.wa-wi.pl\/index.php\/wp-json\/wp\/v2\/media?parent=25"}],"curies":[{"name":"wp","href":"https:\/\/api.w.org\/{rel}","templated":true}]}}