{"id":23,"date":"2024-11-27T00:48:52","date_gmt":"2024-11-27T00:48:52","guid":{"rendered":"http:\/\/sw-themes.com\/porto_dummy\/?page_id=23"},"modified":"2025-11-12T02:43:57","modified_gmt":"2025-11-12T01:43:57","slug":"polityka-prywatnosci","status":"publish","type":"page","link":"https:\/\/test.wa-wi.pl\/index.php\/polityka-prywatnosci\/","title":{"rendered":"Polityka Prywatno\u015bci"},"content":{"rendered":"\t\t<div data-elementor-type=\"wp-page\" data-elementor-id=\"23\" class=\"elementor elementor-23\">\n\t\t\t\t<div class=\"elementor-element elementor-element-dc20347 e-flex e-con-boxed e-con e-parent\" data-id=\"dc20347\" data-element_type=\"container\">\r\n\t\t\t\t\t<div class=\"e-con-inner\">\r\n\t\t\t\t<div class=\"elementor-element elementor-element-825fd94 elementor-widget elementor-widget-porto_ultimate_heading\" data-id=\"825fd94\" data-element_type=\"widget\" data-widget_type=\"porto_ultimate_heading.default\">\n\t\t\t\t\t<div class=\"porto-u-heading  porto-u-7cde7bb859728a21207628191890e260\"><div class=\"porto-u-sub-heading\" style=\"\">\n<h3 class=\"wp-block-heading\"> Polityka prywatno\u015bci <\/h3>\n\n\n\n<p><strong> I Administrator danych osobowych<\/strong><\/p>\n\n\n\n<p>Wa-Wi Boutique Agnieszka Wichiciel<br>ul. Marii Konopnickiej 14a<br>74-101 Gryfino<br>NIP 858-170-83-76<\/p>\n\n\n\n<p><strong>II. Cele i podstawy przetwarzania<\/strong><\/p>\n\n\n\n<p>Na podstawie Twojej zgody (podstawa z art. 6 ust. 1 lit a RODO).<\/p>\n\n\n\n<p>W celu wykonania i na podstawie zawartej przez Ciebie z nami umowy sprzeda\u017cy, (podstawa z art 6 ust 1 lit b RODO).<\/p>\n\n\n\n<p>W celach archiwalnych (dowodowych) dla zabezpieczenia informacji na wypadek prawnej potrzeby wykazania fakt\u00f3w, co jest naszym prawnie uzasadnionym interesem (podstawa z art. 6 ust. 1 lit. f RODO).<br>W celu oferowania Ci przez nas produkt\u00f3w,  co jest naszym prawnie uzasadnionym interesem (podstawa z art. 6 ust. 1 lit. f RODO) \u2013 [dotyczy os\u00f3b, kt\u00f3re zapisa\u0142y si\u0119 na nasz newsletter]<\/p>\n\n\n\n<p><strong>III. Kategorie Twoich danych, kt\u00f3re przetwarzamy  art. 14.1.d. RODO<\/strong><\/p>\n\n\n\n<p>B\u0119dziemy przetwarza\u0107 nast\u0119puj\u0105ce kategorie Twoich danych: imi\u0119 i nazwisko, dane teleadresowe, numer IP w celu zrealizowania z\u0142o\u017conego zam\u00f3wienia oraz pliki cookies, kt\u00f3re zapisuj\u0105 si\u0119 na Twoim urz\u0105dzeniu.<br>W celu informowania Ci\u0119 o naszej ofercie b\u0119dziemy przechowywa\u0107 wy\u0142\u0105cznie Twoje imi\u0119 oraz adres -email [dotyczy os\u00f3b, kt\u00f3re zapisa\u0142y si\u0119 na nasz newsletter].<\/p>\n\n\n\n<p><strong>VI. Odbiorcy danych<\/strong><\/p>\n\n\n\n<p>W celu zrealizowania zakup\u00f3w, poinformowania Ci\u0119 o ofercie [dotyczy os\u00f3b, kt\u00f3re zapisa\u0142y si\u0119 na nasz newsletter] Twoje dane osobowe mo\u017cemy udost\u0119pnia\u0107 podmiotom uprawnionym do ich otrzymania na podstawie obowi\u0105zuj\u0105cych przepis\u00f3w prawa, a ponadto odbiorcom danych w rozumieniu przepis\u00f3w o ochronie danych osobowym, tj. podmiotom \u015bwiadcz\u0105cym us\u0142ugi pocztowe, kurierskie, us\u0142ugi informatyczne, bankowe, ubezpieczeniowe, prawnicze, ksi\u0119gowe.<\/p>\n\n\n\n<p><strong>V. Przys\u0142uguje Ci: <\/strong><\/p>\n\n\n\n<p>- prawo dost\u0119pu do swoich danych oraz otrzymania ich kopii, <br>- prawo do sprostowania (poprawiania) swoich danych, <br>- prawo do usuni\u0119cia danych, Je\u017celi Twoim zdaniem nie ma podstaw do tego, aby\u015bmy przetwarzali Twoje dane, mo\u017cesz za\u017c\u0105da\u0107, aby\u015bmy je usun\u0119li, <br>- ograniczenia przetwarzania danych mo\u017cesz za\u017c\u0105da\u0107, aby\u015bmy ograniczyli przetwarzanie Twoich danych osobowych wy\u0142\u0105cznie do ich przechowywania lub wykonywania uzgodnionych z Tob\u0105 dzia\u0142a\u0144, je\u017celi Twoim zdaniem mamy nieprawid\u0142owe dane na Tw\u00f3j temat lub przetwarzamy je bezpodstawnie; lub nie chcesz, \u017ceby\u015bmy je usun\u0119li, bo s\u0105 Ci potrzebne do ustalenia, dochodzenia lub obrony roszcze\u0144; lub na czas wniesionego przez Ciebie sprzeciwu wzgl\u0119dem przetwarzania danych<br>- prawo do wniesienia sprzeciwu wobec przetwarzania danych. <br>- prawo do przenoszenia danych: masz prawo otrzyma\u0107 od nas w ustrukturyzowanym, powszechnie u\u017cywanym formacie nadaj\u0105cym si\u0119 do odczytu maszynowego dane osobowe Ciebie dotycz\u0105ce, kt\u00f3re nam dostarczy\u0142e\u015b\/\u0142a\u015b na podstawie umowy lub Twojej zgody,<br>- mo\u017cesz te\u017c zleci\u0107 nam przes\u0142anie tych danych bezpo\u015brednio innemu podmiotowi <br>- prawo do wniesienia skargi do organu nadzorczego Je\u017celi uwa\u017casz, \u017ce przetwarzamy Twoje dane niezgodnie z prawem, mo\u017cesz z\u0142o\u017cy\u0107 w tej sprawie skarg\u0119 do Prezesa Urz\u0119du Ochrony Danych Osobowych lub innego w\u0142a\u015bciwego organu nadzorczego <br>- prawo do cofni\u0119cia zgody na przetwarzanie danych osobowych W ka\u017cdej chwili masz prawo cofn\u0105\u0107 zgod\u0119 na przetwarzanie tych danych osobowych,kt\u00f3re przetwarzamy na podstawie Twojej zgody<\/p>\n\n\n\n<p><strong>VI. Informacja o wymogu\/dobrowolno\u015bci podania danych <\/strong><\/p>\n\n\n\n<p>Podanie przez Ciebie danych jest dobrowolne, jednak s\u0105 one niezb\u0119dne dla realizacji zawartej umowy sprzeda\u017cy.<\/p>\n\n\n\n<p><\/p>\n<\/div><style>.porto-u-7cde7bb859728a21207628191890e260.porto-u-heading{text-align:left}<\/style><\/div>\t\t\t\t<\/div>\n\t\t\t\t\t<\/div>\n\t\t\t\t<\/div>\n\t\t\t\t<\/div>\n\t\t","protected":false},"excerpt":{"rendered":"<p>Polityka prywatno\u015bci I Administrator danych osobowych Wa-Wi Boutique Agnieszka Wichicielul. Marii Konopnickiej 14a74-101 GryfinoNIP 858-170-83-76 II. Cele i podstawy przetwarzania Na podstawie Twojej zgody (podstawa z art. 6 ust. 1 lit a RODO). W celu wykonania i na podstawie zawartej przez Ciebie z nami umowy sprzeda\u017cy, (podstawa z art 6 ust 1 lit b RODO). [&hellip;]<\/p>\n","protected":false},"author":1,"featured_media":0,"parent":0,"menu_order":0,"comment_status":"closed","ping_status":"closed","template":"","meta":{"_acf_changed":false,"footnotes":""},"class_list":["post-23","page","type-page","status-publish","hentry"],"acf":[],"_links":{"self":[{"href":"https:\/\/test.wa-wi.pl\/index.php\/wp-json\/wp\/v2\/pages\/23","targetHints":{"allow":["GET"]}}],"collection":[{"href":"https:\/\/test.wa-wi.pl\/index.php\/wp-json\/wp\/v2\/pages"}],"about":[{"href":"https:\/\/test.wa-wi.pl\/index.php\/wp-json\/wp\/v2\/types\/page"}],"author":[{"embeddable":true,"href":"https:\/\/test.wa-wi.pl\/index.php\/wp-json\/wp\/v2\/users\/1"}],"replies":[{"embeddable":true,"href":"https:\/\/test.wa-wi.pl\/index.php\/wp-json\/wp\/v2\/comments?post=23"}],"version-history":[{"count":8,"href":"https:\/\/test.wa-wi.pl\/index.php\/wp-json\/wp\/v2\/pages\/23\/revisions"}],"predecessor-version":[{"id":7814,"href":"https:\/\/test.wa-wi.pl\/index.php\/wp-json\/wp\/v2\/pages\/23\/revisions\/7814"}],"wp:attachment":[{"href":"https:\/\/test.wa-wi.pl\/index.php\/wp-json\/wp\/v2\/media?parent=23"}],"curies":[{"name":"wp","href":"https:\/\/api.w.org\/{rel}","templated":true}]}}