{"id":15,"date":"2024-11-27T00:46:26","date_gmt":"2024-11-27T00:46:26","guid":{"rendered":"http:\/\/sw-themes.com\/porto_dummy\/?page_id=15"},"modified":"2025-11-12T02:50:06","modified_gmt":"2025-11-12T01:50:06","slug":"o-nas","status":"publish","type":"page","link":"https:\/\/test.wa-wi.pl\/index.php\/o-nas\/","title":{"rendered":"O nas"},"content":{"rendered":"\t\t<div data-elementor-type=\"wp-page\" data-elementor-id=\"15\" class=\"elementor elementor-15\">\n\t\t\t\t<div class=\"elementor-element elementor-element-0a65800 e-flex e-con-boxed e-con e-parent\" data-id=\"0a65800\" data-element_type=\"container\">\r\n\t\t\t\t\t<div class=\"e-con-inner\">\r\n\t\t\t\t<div class=\"elementor-element elementor-element-c530071 elementor-widget elementor-widget-porto_ultimate_heading\" data-id=\"c530071\" data-element_type=\"widget\" data-widget_type=\"porto_ultimate_heading.default\">\n\t\t\t\t\t<div class=\"porto-u-heading  porto-u-55ca8359258f9a412be7e73af65d2aac\"><div class=\"porto-u-main-heading\"><h2    style=\"margin-bottom: 1.4rem;\">Wa-Wi Boutique<\/h2><\/div><div class=\"porto-u-sub-heading\" style=\"\"><p>Wa-Wi Boutique za\u0142o\u017cyli\u015bmy z mi\u0142o\u015bci do mody i zami\u0142owania do \u015bledzenia najnowszych trend\u00f3w street fashion i wprost z wybieg\u00f3w. Dzia\u0142amy zar\u00f3wno jako sklep internetowy i stacjonarny, kt\u00f3ry znajduje si\u0119 w Gryfinie przy ul.Marii Konopnickiej 14a.<\/p><\/div><style>.porto-u-55ca8359258f9a412be7e73af65d2aac.porto-u-heading{text-align:center}<\/style><\/div>\t\t\t\t<\/div>\n\t\t\t\t\t<\/div>\n\t\t\t\t<\/div>\n\t\t<div class=\"elementor-element elementor-element-fb9de27 e-con-full e-flex e-con e-parent\" data-id=\"fb9de27\" data-element_type=\"container\">\r\n\t\t<div class=\"elementor-element elementor-element-53871b3 e-con-full e-flex e-con e-child\" data-id=\"53871b3\" data-element_type=\"container\">\r\n\t\t\t\t<div class=\"elementor-element elementor-element-ba308a6 elementor-hidden-tablet elementor-hidden-mobile elementor-widget elementor-widget-image\" data-id=\"ba308a6\" data-element_type=\"widget\" data-widget_type=\"image.default\">\n\t\t\t\t\t\t\t\t\t\t\t\t\t\t\t<img decoding=\"async\" src=\"https:\/\/test.wa-wi.pl\/wp-content\/uploads\/2025\/11\/onas-site-img1.jpg\" title=\"\" alt=\"\" loading=\"lazy\" \/>\t\t\t\t\t\t\t\t\t\t\t\t\t\t\t<\/div>\n\t\t<div class=\"elementor-element elementor-element-68f9e5f e-con-full e-flex e-con e-child\" data-id=\"68f9e5f\" data-element_type=\"container\">\r\n\t\t\t\t<div class=\"elementor-element elementor-element-f248280 elementor-widget-mobile__width-inherit elementor-widget elementor-widget-image\" data-id=\"f248280\" data-element_type=\"widget\" data-widget_type=\"image.default\">\n\t\t\t\t\t\t\t\t\t\t\t\t\t\t\t<img decoding=\"async\" src=\"https:\/\/test.wa-wi.pl\/wp-content\/uploads\/2025\/11\/onas-site-img2.jpg\" title=\"\" alt=\"\" loading=\"lazy\" \/>\t\t\t\t\t\t\t\t\t\t\t\t\t\t\t<\/div>\n\t\t\t\t<div class=\"elementor-element elementor-element-dd683f4 elementor-absolute text-nowrap w-max-none e-transform e-transform elementor-widget elementor-widget-heading\" data-id=\"dd683f4\" data-element_type=\"widget\" data-settings=\"{&quot;_position&quot;:&quot;absolute&quot;,&quot;_transform_rotateZ_effect&quot;:{&quot;unit&quot;:&quot;px&quot;,&quot;size&quot;:-90,&quot;sizes&quot;:[]},&quot;_transform_translateX_effect&quot;:{&quot;unit&quot;:&quot;%&quot;,&quot;size&quot;:-50,&quot;sizes&quot;:[]},&quot;_transform_translateX_effect_tablet&quot;:{&quot;unit&quot;:&quot;%&quot;,&quot;size&quot;:&quot;&quot;,&quot;sizes&quot;:[]},&quot;_transform_translateX_effect_mobile&quot;:{&quot;unit&quot;:&quot;%&quot;,&quot;size&quot;:&quot;&quot;,&quot;sizes&quot;:[]},&quot;_transform_translateY_effect&quot;:{&quot;unit&quot;:&quot;%&quot;,&quot;size&quot;:&quot;&quot;,&quot;sizes&quot;:[]},&quot;_transform_translateY_effect_tablet&quot;:{&quot;unit&quot;:&quot;%&quot;,&quot;size&quot;:&quot;&quot;,&quot;sizes&quot;:[]},&quot;_transform_translateY_effect_mobile&quot;:{&quot;unit&quot;:&quot;%&quot;,&quot;size&quot;:0,&quot;sizes&quot;:[]},&quot;_transform_rotateZ_effect_tablet&quot;:{&quot;unit&quot;:&quot;deg&quot;,&quot;size&quot;:&quot;&quot;,&quot;sizes&quot;:[]},&quot;_transform_rotateZ_effect_mobile&quot;:{&quot;unit&quot;:&quot;deg&quot;,&quot;size&quot;:&quot;&quot;,&quot;sizes&quot;:[]}}\" data-widget_type=\"heading.default\">\n\t\t\t\t\t<div class=\"elementor-heading-title elementor-size-default\">Styl, elegancja, awangarda<\/div>\t\t\t\t<\/div>\n\t\t\t\t<\/div>\n\t\t\t\t<\/div>\n\t\t<div class=\"elementor-element elementor-element-8cffb78 e-con-full e-flex e-con e-child\" data-id=\"8cffb78\" data-element_type=\"container\">\r\n\t\t\t\t<div class=\"elementor-element elementor-element-5e0e4d7 elementor-widget elementor-widget-porto_ultimate_heading\" data-id=\"5e0e4d7\" data-element_type=\"widget\" data-widget_type=\"porto_ultimate_heading.default\">\n\t\t\t\t\t<div class=\"porto-u-heading  porto-u-ad87e2eaf3f9c495180fe0156ddf3eb0\"><div class=\"porto-u-main-heading\"><h2    style=\"margin-bottom: 0.4em;\">To my<\/h2><\/div><div class=\"porto-u-sub-heading\" style=\"\"><p>Zajmujemy si\u0119 sprzeda\u017c\u0105 najmodniejszej odzie\u017cy damskiej. Pod\u0105\u017camy za najnowszymi trendami w modzie, dlatego zawsze znajdziesz u nas naj\u015bwie\u017csze propozycje w danym sezonie. Dzi\u0119ki temu mo\u017cesz uzupe\u0142ni\u0107 swoj\u0105 garderob\u0119, b\u0105d\u017a od podstaw stworzy\u0107 stylizacje na codzie\u0144 oraz ka\u017cde wa\u017cne wydarzenie i uroczysto\u015b\u0107<\/p><\/div><style>.porto-u-ad87e2eaf3f9c495180fe0156ddf3eb0.porto-u-heading{text-align:left}<\/style><\/div>\t\t\t\t<\/div>\n\t\t\t\t<\/div>\n\t\t\t\t<\/div>\n\t\t<div class=\"elementor-element elementor-element-087e962 e-con-full e-flex e-con e-parent\" data-id=\"087e962\" data-element_type=\"container\" data-settings=\"{&quot;background_background&quot;:&quot;classic&quot;}\">\r\n\t\t\t\t<div class=\"elementor-element elementor-element-b13fff1 elementor-widget elementor-widget-heading\" data-id=\"b13fff1\" data-element_type=\"widget\" data-widget_type=\"heading.default\">\n\t\t\t\t\t<h2 class=\"elementor-heading-title elementor-size-default\">Dlaczego my?<\/h2>\t\t\t\t<\/div>\n\t\t<div class=\"elementor-element elementor-element-990c1e4 e-con-full e-flex e-con e-child\" data-id=\"990c1e4\" data-element_type=\"container\">\r\n\t\t<div class=\"elementor-element elementor-element-47e3516 e-con-full e-flex e-con e-child\" data-id=\"47e3516\" data-element_type=\"container\">\r\n\t\t\t\t<div class=\"elementor-element elementor-element-b37d1cd elementor-invisible elementor-widget elementor-widget-porto_ultimate_heading\" data-id=\"b37d1cd\" data-element_type=\"widget\" data-settings=\"{&quot;_animation&quot;:&quot;fadeInUp&quot;,&quot;_animation_delay&quot;:200}\" data-widget_type=\"porto_ultimate_heading.default\">\n\t\t\t\t\t<div class=\"porto-u-heading  porto-u-55ca8359258f9a412be7e73af65d2aac\"><div class=\"porto-u-main-heading\"><h3    style=\"margin-bottom: 1.125rem;\">Do\u015bwiadczenie i pasja<\/h3><\/div><div class=\"porto-u-sub-heading\" style=\"\"><p>W naszym butiku w Gryfinie zawsze mo\u017cesz liczy\u0107 na fachow\u0105 pomoc i mi\u0142\u0105 atmosfer\u0119. Dbamy o to, by ka\u017cda nasza klientka wysz\u0142a zadowolona i by spe\u0142ni\u0142y si\u0119 jej modowe marzenia. Moda stanowi nasz\u0105 pasj\u0119 i chcemy dzieli\u0107 si\u0119 ni\u0105 z ka\u017cdym, kto przekroczy pr\u00f3g naszego butiku! Je\u015bli jednak nie po drodze Ci do naszego sklepu stacjonarnego, to zapraszamy do zakup\u00f3w przez internet. Nasza oferta on-line ci\u0105gle si\u0119 zmienia i uzupe\u0142niamy j\u0105 regularnie, chc\u0105c by nasze klientki z ca\u0142ej Polski mog\u0142y cieszy\u0107 si\u0119 szerokim asortymentem Wa-Wi Boutique<\/p><\/div><style>.porto-u-55ca8359258f9a412be7e73af65d2aac.porto-u-heading{text-align:center}<\/style><\/div>\t\t\t\t<\/div>\n\t\t\t\t<\/div>\n\t\t<div class=\"elementor-element elementor-element-6fcc373 e-con-full e-flex e-con e-child\" data-id=\"6fcc373\" data-element_type=\"container\">\r\n\t\t\t\t<div class=\"elementor-element elementor-element-d84be60 elementor-invisible elementor-widget elementor-widget-porto_ultimate_heading\" data-id=\"d84be60\" data-element_type=\"widget\" data-settings=\"{&quot;_animation&quot;:&quot;fadeInUp&quot;,&quot;_animation_delay&quot;:200}\" data-widget_type=\"porto_ultimate_heading.default\">\n\t\t\t\t\t<div class=\"porto-u-heading  porto-u-55ca8359258f9a412be7e73af65d2aac\"><div class=\"porto-u-main-heading\"><h3    style=\"margin-bottom: 1.125rem;\">Indywidualne podej\u015bcie<\/h3><\/div><div class=\"porto-u-sub-heading\" style=\"\"><p>W naszej pracy staramy si\u0119 dba\u0107 o ka\u017cdy szczeg\u00f3\u0142 i zawsze z ch\u0119ci\u0105 s\u0142uchamy propozycji naszych klientek. Dlatego je\u015bli masz jakie\u015b uwagi, pomys\u0142y, propozycje to zapraszamy Ci\u0119 do kontaktu z nami drog\u0105 mailow\u0105: sklep@localhost<\/p><\/div><style>.porto-u-55ca8359258f9a412be7e73af65d2aac.porto-u-heading{text-align:center}<\/style><\/div>\t\t\t\t<\/div>\n\t\t\t\t<\/div>\n\t\t\t\t<\/div>\n\t\t\t\t<\/div>\n\t\t\t\t<\/div>\n\t\t","protected":false},"excerpt":{"rendered":"<p>Wa-Wi Boutique Wa-Wi Boutique za\u0142o\u017cyli\u015bmy z mi\u0142o\u015bci do mody i zami\u0142owania do \u015bledzenia najnowszych trend\u00f3w street fashion i wprost z wybieg\u00f3w. Dzia\u0142amy zar\u00f3wno jako sklep internetowy i stacjonarny, kt\u00f3ry znajduje si\u0119 w Gryfinie przy ul.Marii Konopnickiej 14a. Styl, elegancja, awangarda To my Zajmujemy si\u0119 sprzeda\u017c\u0105 najmodniejszej odzie\u017cy damskiej. Pod\u0105\u017camy za najnowszymi trendami w modzie, dlatego [&hellip;]<\/p>\n","protected":false},"author":1,"featured_media":0,"parent":0,"menu_order":0,"comment_status":"closed","ping_status":"closed","template":"","meta":{"_acf_changed":false,"footnotes":""},"class_list":["post-15","page","type-page","status-publish","hentry"],"acf":[],"_links":{"self":[{"href":"https:\/\/test.wa-wi.pl\/index.php\/wp-json\/wp\/v2\/pages\/15","targetHints":{"allow":["GET"]}}],"collection":[{"href":"https:\/\/test.wa-wi.pl\/index.php\/wp-json\/wp\/v2\/pages"}],"about":[{"href":"https:\/\/test.wa-wi.pl\/index.php\/wp-json\/wp\/v2\/types\/page"}],"author":[{"embeddable":true,"href":"https:\/\/test.wa-wi.pl\/index.php\/wp-json\/wp\/v2\/users\/1"}],"replies":[{"embeddable":true,"href":"https:\/\/test.wa-wi.pl\/index.php\/wp-json\/wp\/v2\/comments?post=15"}],"version-history":[{"count":4,"href":"https:\/\/test.wa-wi.pl\/index.php\/wp-json\/wp\/v2\/pages\/15\/revisions"}],"predecessor-version":[{"id":7819,"href":"https:\/\/test.wa-wi.pl\/index.php\/wp-json\/wp\/v2\/pages\/15\/revisions\/7819"}],"wp:attachment":[{"href":"https:\/\/test.wa-wi.pl\/index.php\/wp-json\/wp\/v2\/media?parent=15"}],"curies":[{"name":"wp","href":"https:\/\/api.w.org\/{rel}","templated":true}]}}